{"id":15792,"date":"2022-08-10T11:53:47","date_gmt":"2022-08-10T09:53:47","guid":{"rendered":"https:\/\/www.suresms.com\/dk\/?page_id=15792"},"modified":"2025-05-22T10:50:22","modified_gmt":"2025-05-22T10:50:22","slug":"integration-azure-active-directory-ad","status":"publish","type":"page","link":"https:\/\/suresms.com\/de\/integrationer\/booking-ldap-2fa\/integration-azure-active-directory-ad\/","title":{"rendered":"SMS-Integration in Azure Active Directory (AD)"},"content":{"rendered":"<!-- Flexy Breadcrumb -->\r\n\t\t\t<div class=\"fbc fbc-page\">\r\n\r\n\t\t\t\t<!-- Breadcrumb wrapper -->\r\n\t\t\t\t<div class=\"fbc-wrap\">\r\n\r\n\t\t\t\t\t<!-- Ordered list-->\r\n\t\t\t\t\t<ol class=\"fbc-items\" itemscope itemtype=\"https:\/\/schema.org\/BreadcrumbList\">\r\n\t\t\t\t\t\t            <li itemprop=\"itemListElement\" itemscope itemtype=\"https:\/\/schema.org\/ListItem\">\r\n                <span itemprop=\"name\">\r\n                    <!-- Home Link -->\r\n                    <a itemprop=\"item\" href=\"https:\/\/suresms.com\/de\/\">\r\n                    \r\n                                                    <i class=\"fa fa-home\" aria-hidden=\"true\"><\/i>Zuhause                    <\/a>\r\n                <\/span>\r\n                <meta itemprop=\"position\" content=\"1\" \/><!-- Meta Position-->\r\n             <\/li><li><span class=\"fbc-separator\">\/<\/span><\/li><li class=\"active\" itemprop=\"itemListElement\" itemscope itemtype=\"https:\/\/schema.org\/ListItem\"><span itemprop=\"name\" title=\"SMS-Integration in Azure Active Directory (AD)\">SMS-Integration f\u00fcr Azure...<\/span><meta itemprop=\"position\" content=\"2\" \/><\/li>\t\t\t\t\t<\/ol>\r\n\t\t\t\t\t<div class=\"clearfix\"><\/div>\r\n\t\t\t\t<\/div>\r\n\t\t\t<\/div>\r\n\t\t\t\n\t\t<h1>SMS-Integration in AD (Microsoft Entra ID - Azure Active Directory)<\/h1>\t\n\t\t\t\t<img loading=\"lazy\" decoding=\"async\" src=\"https:\/\/suresms.com\/wp-content\/uploads\/2022\/08\/Azure-AD-2-1.png\" alt=\"Azure AD\" itemprop=\"image\" height=\"254\" width=\"700\" title=\"Azure AD\" onerror=\"this.style.display='none'\"  \/>\n<h2>\n\t\tWas ist Entra ID, auch bekannt als Active Directory?\n\t<\/h2>\n\t<p>Microsoft Entra ID, fr\u00fcher bekannt als Azure Active Directory (Azure AD), ist ein Cloud-basierter Identit\u00e4ts- und Zugangsverwaltungsdienst von Microsoft. Dieser Dienst unterst\u00fctzt Unternehmen bei der Verwaltung und Sicherung des Nutzerzugangs zu Anwendungen und Daten in einer modernen hybriden IT-Infrastruktur. Durch die Nutzung von Microsoft Entra ID k\u00f6nnen Unternehmen Single Sign-On (SSO) und Multi-Faktor-Authentifizierung anbieten, um Nutzeridentit\u00e4ten zu sch\u00fctzen und die Sicherheit zu verbessern. Die Integration mit Microsoft Entra ID und deinem Active Directory (AD) erm\u00f6glicht es, Identit\u00e4ten zentral zu synchronisieren und zu verwalten, was die Benutzerverwaltung und Zugriffskontrolle vereinfacht. Dies ist wichtig f\u00fcr Organisationen, die eine effiziente und sichere Zugangsverwaltung w\u00fcnschen.<\/p>\n\t\t<h2>SMS mit Microsoft Entra ID - Azure Active Directory<\/h2><p>Hast du derzeit eine gro\u00dfe Benutzerdatenbank in deinem <a href=\"https:\/\/azure.microsoft.com\/da-dk\/services\/active-directory\/\">Azure Active Directory<\/a> kannst du die Integration zwischen Azure Active Directory (im Folgenden AD) und SureSMS nutzen.<\/p>\n<p>Mit der Integration kannst du sicherstellen, dass alle Empf\u00e4nger automatisch mit den Benutzern in deinem AD synchronisiert werden. Das hei\u00dft, wenn ein Benutzer in deinem AD gel\u00f6scht wird, weil er das Unternehmen verl\u00e4sst, wird er automatisch aus der Benutzerliste in SureSMS entfernt. Wenn du das einmal eingerichtet hast, musst du nicht mehr dar\u00fcber nachdenken. Das bedeutet auch, dass Benutzer, die du in deinem AD hinzuf\u00fcgst, automatisch in die Benutzerliste im SureSMS-Dashboard aufgenommen werden.<\/p>\n<p>&nbsp;<\/p>\n\t\t<h2>Achte auf ....<\/h2><p>Es gibt ein paar Dinge, die du wissen solltest, bevor du eine SMS AD-Integration mit SureSMS erstellst.<\/p>\n<h4>GDPR<\/h4>\n<p>Die erste ist, dass SureSMS Lesezugriff auf dein AD haben muss. Wir brauchen Lesezugriff auf Personen, Gruppen und die Beziehungen zwischen ihnen. Das bedeutet, dass wir jetzt anfangen, Daten f\u00fcr dich zu verarbeiten und somit in<a href=\"https:\/\/www.datatilsynet.dk\/hvad-siger-reglerne\">die GDPR einhalten<\/a>eine Vereinbarung zur Datenverarbeitung haben.<\/p>\n<p><em>Um loslegen zu k\u00f6nnen, musst du eine Datenverarbeitungsvereinbarung mit SureSMS abschlie\u00dfen.<\/em><\/p>\n<h4>Telefonnummern<\/h4>\n<p>Die Telefonnummern, an die wir senden m\u00fcssen, m\u00fcssen in deiner AD stehen. Damit wir SMS an eine Person senden k\u00f6nnen, m\u00fcssen wir ihre Telefonnummer kennen. Wenn du also keine Telefonnummern in deiner AD hast, solltest du sie entweder besorgen oder keine Integration vornehmen.<\/p>\n<p>Wir lesen die Telefonnummern so, dass wir zuerst lesen, ob eine Nummer im Feld \"Telefonnummer\" steht. Wenn das nicht der Fall ist, lesen wir in \"Telefonnummern des Unternehmens\". Das letzte Feld ist eine Liste und hier nehmen wir die erste Nummer, die wir finden.<\/p>\n<h4>L\u00f6schen von Kontakten<\/h4>\n<p>Die Integration ist eine \"einseitige\" Integration. Das bedeutet, dass wir nur von AD lesen. Wir schreiben nie in AD. Wenn du also zum Beispiel eine Person in SureSMS l\u00f6schst, kommt sie nur zur\u00fcck, wenn sie noch im AD ist. Die richtigen Daten befinden sich immer im AD.<\/p>\n\t\t<h3>Der Preis der AD-Integration<\/h3><p>Der Preis f\u00fcr eine SMS AD-Integration betr\u00e4gt 99 \u20ac pro Monat.<\/p>\n<p>&nbsp;<\/p>\n<h2>\n\t\tSo richtest du deine AD\/Entra ID-Integration ein \n\t<\/h2>\n\t<p>In diesem Abschnitt wird zun\u00e4chst beschrieben, wie du AzureAD so einrichtest, dass SureSMS es auslesen kann. Anschlie\u00dfend wird beschrieben, wie du SureSMS so einrichtest, dass es Kontakte im SureSMS-Adressbuch lesen und erstellen kann.<\/p>\n<h3>\n\t\tAzure AD einrichten\n\t<\/h3>\n\t<ol> \t\n<li>Melde dich bei deinem Azure Dashboard an (<a href=\"https:\/\/portal.azure.com\/\" target=\"_blank\" rel=\"noopener\">https:\/\/portal.azure.com<\/a>)<\/li>\n\n<li>Microsoft Entra ID ausw\u00e4hlen<\/li>\n<\/ol>\n\t\t\t\t<img loading=\"lazy\" decoding=\"async\" src=\"https:\/\/suresms.com\/wp-content\/uploads\/2024\/05\/MIcrosoft-Entra-ID-Azure-1.png\" alt=\"MIcrosoft Entra ID\" itemprop=\"image\" height=\"490\" width=\"2194\" title=\"MIcrosoft Entra ID Azure\" onerror=\"this.style.display='none'\"  \/>\n\t<p>3) Klicke auf \"App-Registrierung\". Wenn du noch keine Anwendung registriert hast, klicke auf \"Neue Registrierung\" und gib ihr einen Namen und einen Kontotyp. Der Name kann zum Beispiel SureSMS sein.<\/p>\n<p><img decoding=\"async\" src=\"https:\/\/manual.suresms.com\/wp-content\/uploads\/2022\/08\/Azure-Active-Directory-02-1024x546.png\" alt=\"Azure-Active-Directory-02\" \/><\/p>\n<p>4. Speichere nun die Anwendungs- (Client) und die Verzeichnis-ID (Tenant).<\/p>\n<p><img decoding=\"async\" src=\"https:\/\/manual.suresms.com\/wp-content\/uploads\/2022\/08\/Azure-Active-Directory-03-1024x478.png\" alt=\"Azure-Active-Directory-03\" \/><\/p>\n<p>&nbsp;<\/p>\n<p>5. W\u00e4hle in der linken Spalte \"Zertifikate &amp; Geheimnisse\" und erstelle ein neues Client-Geheimnis f\u00fcr deine Anwendung.<br \/><img decoding=\"async\" src=\"https:\/\/manual.suresms.com\/wp-content\/uploads\/2022\/08\/Azure-Active-Directory-04.png\" alt=\"Azure-Active-Directory-04\" \/><\/p>\n<p>&nbsp;<\/p>\n<p>Vergiss nicht, den \"Wert\" zu notieren, wenn du ihn erstellst. Dieser Wert kann nur gelesen werden, nachdem du ihn erstellt hast. Er kann nicht neu erstellt werden. Der Wert muss im Feld \"Kundengeheimnis\" in der SureSMS-Integration verwendet werden.<\/p>\n<p>&nbsp;<\/p>\n<p>6. Um der neuen App API-Zugriff zu gew\u00e4hren, klicke in der linken Spalte auf \"API-Berechtigungen\". Klicke dann auf \"Erlaubnis hinzuf\u00fcgen\".<\/p>\n<p><img decoding=\"async\" src=\"https:\/\/manual.suresms.com\/wp-content\/uploads\/2022\/08\/Azure-Active-Directory-05-1024x424.png\" alt=\"Azure-Active-Directory-05\" \/><\/p>\n<p>7. W\u00e4hle \"Microsoft Graph\" als Art der Berechtigung und klicke auf \"Anwendungsberechtigungen\". Die folgenden Berechtigungen werden dann hinzugef\u00fcgt:<\/p>\n<p>Benutzer.Lesen.Alle<br \/>Gruppe.Lesen.Alle<br \/>GroupMember.Read.All<\/p>\n<p>8. Als N\u00e4chstes klickst du auf \"Admin-Zustimmung f\u00fcr das Standardverzeichnis erteilen\", gleich rechts neben \"Berechtigung hinzuf\u00fcgen\".<\/p>\n<p>&nbsp;<\/p>\n<p><img decoding=\"async\" src=\"https:\/\/manual.suresms.com\/wp-content\/uploads\/2022\/08\/Azure-Active-Directory-06-1024x549.png\" alt=\"Azure-Active-Directory-06\" \/><\/p>\n<p>Du hast nun die Einrichtung in Azure Active Directory abgeschlossen.<\/p>\n<h3>\n\t\tSureSMS einrichten\n\t<\/h3>\n\t<ol>\n<li>\n<ol>\n<li>Melden Sie sich bei Ihrem SureSMS-Dashboard an (<a href=\"https:\/\/app.suresms.com\/\" target=\"_blank\" rel=\"noopener\">https:\/\/app.suresms.com<\/a>)<\/li>\n<\/ol>\n<\/li>\n<\/ol>\n<p>&nbsp;<\/p>\n<ol>\n<li>\n<ol>\n<li>Klicken Sie auf Integrationen auf der linken Seite<\/li>\n<\/ol>\n<\/li>\n<\/ol>\n<p>&nbsp;<\/p>\n<ol>\n<li>\n<ol>\n<li>Klicken Sie auf das Untermen\u00fc \"Einstellungen\".<\/li>\n<\/ol>\n<\/li>\n<\/ol>\n<p>&nbsp;<\/p>\n<ol>\n<li>\n<ol>\n<li>Klicken Sie auf die Registerkarte \"Azure AD\" am oberen Rand des Bildschirms<br \/><img decoding=\"async\" src=\"https:\/\/manual.suresms.com\/wp-content\/uploads\/2022\/08\/Azure-Active-Directory-SureSMS-01-1024x564.png\" alt=\"Azure-Active-Directory-SureSMS-01\" \/><\/li>\n<\/ol>\n<\/li>\n<\/ol>\n<p>&nbsp;<\/p>\n<ol>\n<li>\n<ol>\n<li>\n<p>F\u00fcllen Sie die Informationen wie folgt aus<\/p>\n<p>Client ID: ID der Anwendung (Client) von Azure<\/p>\n<p>Client-Geheimnis: \"Wert\" aus den Client-Geheimnissen in Schritt 6 der Azure Active Directory-Einrichtung<\/p>\n<p>&nbsp;<\/p>\nMieter-ID: Verzeichnis (Mieter) ID\n<p>&nbsp;<\/p>\n<p>&nbsp;<\/p>\n<p>&nbsp;<\/p>\n<p>&nbsp;<\/p>\n&nbsp;\n<p>&nbsp;<\/p>\n<p>&nbsp;<\/p>\n<p>&nbsp;<\/p>\n<p>&nbsp;<\/p>\n<p>&nbsp;<\/p>\n<p>&nbsp;<\/p>\n<p>&nbsp;<\/p>\n<p>&nbsp;<\/p>\n<p>6. Wenn Sie auf \"Speichern\" klicken, pr\u00fcfen wir, ob wir auf Microsoft Azure Active Directory zugreifen k\u00f6nnen.<\/p>\n<p>Tippen Sie nun auf \"Jetzt synchronisieren\" und SureSMS wird alle Benutzer aus dem AD herunterladen.<\/p>\n<p>&nbsp;<\/p>\n<p>&nbsp;<\/p>\n<\/li>\n<\/ol>\n<\/li>\n<\/ol>\n<p>&nbsp;<\/p>\n\n\t\t<h3>Los geht's<\/h3><p>Wenn du mit der AD-Integration beginnen m\u00f6chtest, kontaktiere uns, indem du dieses Formular ausf\u00fcllst und wir setzen uns mit dir in Verbindung.<\/p>\n\n<div class=\"wpcf7 no-js\" id=\"wpcf7-f13762-o1\" lang=\"en-GB\" dir=\"ltr\" data-wpcf7-id=\"13762\">\n<div class=\"screen-reader-response\"><p role=\"status\" aria-live=\"polite\" aria-atomic=\"true\"><\/p> <ul><\/ul><\/div>\n<form action=\"\/de\/wp-json\/wp\/v2\/pages\/15792#wpcf7-f13762-o1\" method=\"post\" class=\"wpcf7-form init\" aria-label=\"Kontakt-Formular\" novalidate=\"novalidate\" data-status=\"init\" data-trp-original-action=\"\/de\/wp-json\/wp\/v2\/pages\/15792#wpcf7-f13762-o1\">\n<fieldset class=\"hidden-fields-container\"><input type=\"hidden\" name=\"_wpcf7\" value=\"13762\" \/><input type=\"hidden\" name=\"_wpcf7_version\" value=\"6.1.5\" \/><input type=\"hidden\" name=\"_wpcf7_locale\" value=\"en_GB\" \/><input type=\"hidden\" name=\"_wpcf7_unit_tag\" value=\"wpcf7-f13762-o1\" \/><input type=\"hidden\" name=\"_wpcf7_container_post\" value=\"0\" \/><input type=\"hidden\" name=\"_wpcf7_posted_data_hash\" value=\"\" \/>\n<\/fieldset>\n<p><label><span class=\"wpcf7-form-control-wrap\" data-name=\"your-name\"><input size=\"40\" maxlength=\"400\" class=\"wpcf7-form-control wpcf7-text wpcf7-validates-as-required wpctf7-my-custom-class\" aria-required=\"true\" aria-invalid=\"false\" placeholder=\"Dein Name\" value=\"\" type=\"text\" name=\"your-name\" \/><\/span><\/label>\n<\/p>\n<p><span class=\"wpcf7-form-control-wrap\" data-name=\"email\"><input size=\"40\" maxlength=\"400\" class=\"wpcf7-form-control wpcf7-email wpcf7-validates-as-required wpcf7-text wpcf7-validates-as-email wpctf7-my-custom-class\" aria-required=\"true\" aria-invalid=\"false\" placeholder=\"E-Mail*.\" value=\"\" type=\"email\" name=\"email\" \/><\/span>\n<\/p>\n<p><div class=\"cf7-cf-turnstile\" style=\"margin-top: 0px; margin-bottom: -15px;\"> <div id=\"cf-turnstile-cf7-326144888\" class=\"cf-turnstile\" data-sitekey=\"0x4AAAAAAB8YGArd9ML-HbMW\" data-theme=\"light\" data-language=\"auto\" data-size=\"normal\" data-retry=\"auto\" data-retry-interval=\"1000\" data-refresh-expired=\"auto\" data-action=\"contact-form-7\" data-appearance=\"always\"><\/div> <script>document.addEventListener(\"DOMContentLoaded\", function() { setTimeout(function(){ var e=document.getElementById(\"cf-turnstile-cf7-326144888\"); e&&!e.innerHTML.trim()&&(turnstile.remove(\"#cf-turnstile-cf7-326144888\"), turnstile.render(\"#cf-turnstile-cf7-326144888\", {sitekey:\"0x4AAAAAAB8YGArd9ML-HbMW\"})); }, 100); });<\/script> <br class=\"cf-turnstile-br cf-turnstile-br-cf7-326144888\"> <style>#cf-turnstile-cf7-326144888 { margin-left: -15px; }<\/style> <script>document.addEventListener(\"DOMContentLoaded\",function(){document.querySelectorAll('.wpcf7-form').forEach(function(e){e.addEventListener('submit',function(){if(document.getElementById('cf-turnstile-cf7-326144888')){setTimeout(function(){turnstile.reset('#cf-turnstile-cf7-326144888');},1000)}})})});<\/script> <\/div><br\/><input class=\"wpcf7-form-control wpcf7-submit has-spinner\" type=\"submit\" value=\"Anleitung bestellen\" \/>\n<\/p><div class=\"wpcf7-response-output\" aria-hidden=\"true\"><\/div>\n<input type=\"hidden\" name=\"trp-form-language\" value=\"de\"\/><\/form>\n<\/div>","protected":false},"excerpt":{"rendered":"<p>SMS-Integration f\u00fcr AD (Microsoft Entra ID - Azure Active Directory) Was ist Entra ID, auch bekannt als Active Directory? Microsoft Entra ID, fr\u00fcher bekannt als Azure Active Directory (Azure AD), ist ein Cloud-basierter Identit\u00e4ts- und Zugangsverwaltungsdienst von Microsoft. Dieser Dienst hilft Unternehmen dabei, den Benutzerzugriff auf Anwendungen und Daten zu verwalten und zu sichern, ... <a title=\"SMS-Integration in Azure Active Directory (AD)\" class=\"read-more\" href=\"https:\/\/suresms.com\/de\/integrationer\/booking-ldap-2fa\/integration-azure-active-directory-ad\/\" aria-label=\"Erfahre mehr \u00fcber die SMS-Integration in Azure Active Directory (AD)\">Mehr lesen<\/a><\/p>","protected":false},"author":1,"featured_media":0,"parent":19541,"menu_order":1,"comment_status":"closed","ping_status":"closed","template":"","meta":{"_fl_builder_enabled":"1","_fl_builder_data":null,"_fl_builder_draft":null,"_fl_builder_data_settings":null,"_fl_builder_css":"","_fl_builder_css_version":"","_fl_builder_js":"","footnotes":""},"categories":[],"tags":[],"class_list":["post-15792","page","type-page","status-publish"],"yoast_head":"<!-- This site is optimized with the Yoast SEO Premium plugin v27.3 (Yoast SEO v27.3) - https:\/\/yoast.com\/product\/yoast-seo-premium-wordpress\/ -->\r\n<title>SMS integration til Azure Active Directory (AD) - dyb integration<\/title>\r\n<meta name=\"description\" content=\"SMS AD Integration til Azure Active Directory. Fuldt integreret SMS l\u00f8sning i AD til beredskabs, alarmering, medarbejdere og mere\" \/>\r\n<meta name=\"robots\" content=\"index, follow, max-snippet:-1, max-image-preview:large, max-video-preview:-1\" \/>\r\n<link rel=\"canonical\" href=\"https:\/\/suresms.com\/de\/integrationen\/zeitarbeitssysteme-buchen\/integration-azure-active-directory-ad\/\" \/>\r\n<meta property=\"og:locale\" content=\"de_DE\" \/>\r\n<meta property=\"og:type\" content=\"article\" \/>\r\n<meta property=\"og:title\" content=\"SMS integration til Azure Active Directory (AD)\" \/>\r\n<meta property=\"og:description\" content=\"SMS AD Integration til Azure Active Directory. Fuldt integreret SMS l\u00f8sning i AD til beredskabs, alarmering, medarbejdere og mere\" \/>\r\n<meta property=\"og:url\" content=\"https:\/\/suresms.com\/de\/integrationen\/zeitarbeitssysteme-buchen\/integration-azure-active-directory-ad\/\" \/>\r\n<meta property=\"article:publisher\" content=\"https:\/\/www.facebook.com\/p\/SureSMS-100044607956149\/\" \/>\r\n<meta property=\"article:modified_time\" content=\"2025-05-22T10:50:22+00:00\" \/>\r\n<meta property=\"og:image\" content=\"https:\/\/suresms.com\/wp-content\/uploads\/2022\/08\/Azure-AD-2-1.png\" \/>\r\n<meta name=\"twitter:card\" content=\"summary_large_image\" \/>\r\n<meta name=\"twitter:label1\" content=\"Gesch\u00e4tzte Lesezeit\" \/>\n\t<meta name=\"twitter:data1\" content=\"4\u00a0Minuten\" \/>\r\n<script type=\"application\/ld+json\" class=\"yoast-schema-graph\">{\"@context\":\"https:\\\/\\\/schema.org\",\"@graph\":[{\"@type\":\"WebPage\",\"@id\":\"https:\\\/\\\/suresms.com\\\/dk\\\/integrationer\\\/booking-ldap-2fa\\\/integration-azure-active-directory-ad\\\/\",\"url\":\"https:\\\/\\\/suresms.com\\\/dk\\\/integrationer\\\/booking-ldap-2fa\\\/integration-azure-active-directory-ad\\\/\",\"name\":\"SMS integration til Azure Active Directory (AD) - dyb integration\",\"isPartOf\":{\"@id\":\"https:\\\/\\\/suresms.com\\\/en\\\/#website\"},\"primaryImageOfPage\":{\"@id\":\"https:\\\/\\\/suresms.com\\\/dk\\\/integrationer\\\/booking-ldap-2fa\\\/integration-azure-active-directory-ad\\\/#primaryimage\"},\"image\":{\"@id\":\"https:\\\/\\\/suresms.com\\\/dk\\\/integrationer\\\/booking-ldap-2fa\\\/integration-azure-active-directory-ad\\\/#primaryimage\"},\"thumbnailUrl\":\"https:\\\/\\\/suresms.com\\\/wp-content\\\/uploads\\\/2022\\\/08\\\/Azure-AD-2-1.png\",\"datePublished\":\"2022-08-10T09:53:47+00:00\",\"dateModified\":\"2025-05-22T10:50:22+00:00\",\"description\":\"SMS AD Integration til Azure Active Directory. Fuldt integreret SMS l\u00f8sning i AD til beredskabs, alarmering, medarbejdere og mere\",\"breadcrumb\":{\"@id\":\"https:\\\/\\\/suresms.com\\\/dk\\\/integrationer\\\/booking-ldap-2fa\\\/integration-azure-active-directory-ad\\\/#breadcrumb\"},\"inLanguage\":\"de\",\"potentialAction\":[{\"@type\":\"ReadAction\",\"target\":[\"https:\\\/\\\/suresms.com\\\/dk\\\/integrationer\\\/booking-ldap-2fa\\\/integration-azure-active-directory-ad\\\/\"]}]},{\"@type\":\"ImageObject\",\"inLanguage\":\"de\",\"@id\":\"https:\\\/\\\/suresms.com\\\/dk\\\/integrationer\\\/booking-ldap-2fa\\\/integration-azure-active-directory-ad\\\/#primaryimage\",\"url\":\"https:\\\/\\\/suresms.com\\\/wp-content\\\/uploads\\\/2022\\\/08\\\/Azure-AD-2-1.png\",\"contentUrl\":\"https:\\\/\\\/suresms.com\\\/wp-content\\\/uploads\\\/2022\\\/08\\\/Azure-AD-2-1.png\"},{\"@type\":\"BreadcrumbList\",\"@id\":\"https:\\\/\\\/suresms.com\\\/dk\\\/integrationer\\\/booking-ldap-2fa\\\/integration-azure-active-directory-ad\\\/#breadcrumb\",\"itemListElement\":[{\"@type\":\"ListItem\",\"position\":1,\"name\":\"Home\",\"item\":\"https:\\\/\\\/suresms.com\\\/dk\\\/\"},{\"@type\":\"ListItem\",\"position\":2,\"name\":\"Integrationer\",\"item\":\"https:\\\/\\\/suresms.com\\\/dk\\\/integrationer\\\/\"},{\"@type\":\"ListItem\",\"position\":3,\"name\":\"SMS integration til LDAP og brugerdatabaser\",\"item\":\"https:\\\/\\\/suresms.com\\\/dk\\\/integrationer\\\/booking-ldap-2fa\\\/\"},{\"@type\":\"ListItem\",\"position\":4,\"name\":\"SMS integration til Azure Active Directory (AD)\"}]},{\"@type\":\"WebSite\",\"@id\":\"https:\\\/\\\/suresms.com\\\/en\\\/#website\",\"url\":\"https:\\\/\\\/suresms.com\\\/en\\\/\",\"name\":\"SureSMS\",\"description\":\"Professionel SMS Gateway\",\"publisher\":{\"@id\":\"https:\\\/\\\/suresms.com\\\/en\\\/#organization\"},\"potentialAction\":[{\"@type\":\"SearchAction\",\"target\":{\"@type\":\"EntryPoint\",\"urlTemplate\":\"https:\\\/\\\/suresms.com\\\/en\\\/?s={search_term_string}\"},\"query-input\":{\"@type\":\"PropertyValueSpecification\",\"valueRequired\":true,\"valueName\":\"search_term_string\"}}],\"inLanguage\":\"de\"},{\"@type\":\"Organization\",\"@id\":\"https:\\\/\\\/suresms.com\\\/en\\\/#organization\",\"name\":\"SureSMS\",\"url\":\"https:\\\/\\\/suresms.com\\\/en\\\/\",\"logo\":{\"@type\":\"ImageObject\",\"inLanguage\":\"de\",\"@id\":\"https:\\\/\\\/suresms.com\\\/en\\\/#\\\/schema\\\/logo\\\/image\\\/\",\"url\":\"https:\\\/\\\/suresms.com\\\/wp-content\\\/uploads\\\/2024\\\/11\\\/suresms-300x65-1.png\",\"contentUrl\":\"https:\\\/\\\/suresms.com\\\/wp-content\\\/uploads\\\/2024\\\/11\\\/suresms-300x65-1.png\",\"width\":300,\"height\":65,\"caption\":\"SureSMS\"},\"image\":{\"@id\":\"https:\\\/\\\/suresms.com\\\/en\\\/#\\\/schema\\\/logo\\\/image\\\/\"},\"sameAs\":[\"https:\\\/\\\/www.facebook.com\\\/p\\\/SureSMS-100044607956149\\\/\"]}]}<\/script>\r\n<!-- \/ Yoast SEO Premium plugin. -->","yoast_head_json":{"title":"SMS-Integration in Azure Active Directory (AD) - tiefe Integration","description":"SMS AD Integration f\u00fcr Azure Active Directory. Vollst\u00e4ndig integrierte SMS-L\u00f6sung in AD f\u00fcr Notf\u00e4lle, Alarmierung, Mitarbeiter und mehr","robots":{"index":"index","follow":"follow","max-snippet":"max-snippet:-1","max-image-preview":"max-image-preview:large","max-video-preview":"max-video-preview:-1"},"canonical":"https:\/\/suresms.com\/de\/integrationen\/zeitarbeitssysteme-buchen\/integration-azure-active-directory-ad\/","og_locale":"de_DE","og_type":"article","og_title":"SMS integration til Azure Active Directory (AD)","og_description":"SMS AD Integration til Azure Active Directory. Fuldt integreret SMS l\u00f8sning i AD til beredskabs, alarmering, medarbejdere og mere","og_url":"https:\/\/suresms.com\/de\/integrationen\/zeitarbeitssysteme-buchen\/integration-azure-active-directory-ad\/","article_publisher":"https:\/\/www.facebook.com\/p\/SureSMS-100044607956149\/","article_modified_time":"2025-05-22T10:50:22+00:00","og_image":[{"url":"https:\/\/suresms.com\/wp-content\/uploads\/2022\/08\/Azure-AD-2-1.png","type":"","width":"","height":""}],"twitter_card":"summary_large_image","twitter_misc":{"Gesch\u00e4tzte Lesezeit":"4\u00a0Minuten"},"schema":{"@context":"https:\/\/schema.org","@graph":[{"@type":"WebPage","@id":"https:\/\/suresms.com\/dk\/integrationer\/booking-ldap-2fa\/integration-azure-active-directory-ad\/","url":"https:\/\/suresms.com\/dk\/integrationer\/booking-ldap-2fa\/integration-azure-active-directory-ad\/","name":"SMS-Integration in Azure Active Directory (AD) - tiefe Integration","isPartOf":{"@id":"https:\/\/suresms.com\/en\/#website"},"primaryImageOfPage":{"@id":"https:\/\/suresms.com\/dk\/integrationer\/booking-ldap-2fa\/integration-azure-active-directory-ad\/#primaryimage"},"image":{"@id":"https:\/\/suresms.com\/dk\/integrationer\/booking-ldap-2fa\/integration-azure-active-directory-ad\/#primaryimage"},"thumbnailUrl":"https:\/\/suresms.com\/wp-content\/uploads\/2022\/08\/Azure-AD-2-1.png","datePublished":"2022-08-10T09:53:47+00:00","dateModified":"2025-05-22T10:50:22+00:00","description":"SMS AD Integration f\u00fcr Azure Active Directory. Vollst\u00e4ndig integrierte SMS-L\u00f6sung in AD f\u00fcr Notf\u00e4lle, Alarmierung, Mitarbeiter und mehr","breadcrumb":{"@id":"https:\/\/suresms.com\/dk\/integrationer\/booking-ldap-2fa\/integration-azure-active-directory-ad\/#breadcrumb"},"inLanguage":"de","potentialAction":[{"@type":"ReadAction","target":["https:\/\/suresms.com\/dk\/integrationer\/booking-ldap-2fa\/integration-azure-active-directory-ad\/"]}]},{"@type":"ImageObject","inLanguage":"de","@id":"https:\/\/suresms.com\/dk\/integrationer\/booking-ldap-2fa\/integration-azure-active-directory-ad\/#primaryimage","url":"https:\/\/suresms.com\/wp-content\/uploads\/2022\/08\/Azure-AD-2-1.png","contentUrl":"https:\/\/suresms.com\/wp-content\/uploads\/2022\/08\/Azure-AD-2-1.png"},{"@type":"BreadcrumbList","@id":"https:\/\/suresms.com\/dk\/integrationer\/booking-ldap-2fa\/integration-azure-active-directory-ad\/#breadcrumb","itemListElement":[{"@type":"ListItem","position":1,"name":"Home","item":"https:\/\/suresms.com\/dk\/"},{"@type":"ListItem","position":2,"name":"Integrationer","item":"https:\/\/suresms.com\/dk\/integrationer\/"},{"@type":"ListItem","position":3,"name":"SMS integration til LDAP og brugerdatabaser","item":"https:\/\/suresms.com\/dk\/integrationer\/booking-ldap-2fa\/"},{"@type":"ListItem","position":4,"name":"SMS integration til Azure Active Directory (AD)"}]},{"@type":"WebSite","@id":"https:\/\/suresms.com\/en\/#website","url":"https:\/\/suresms.com\/en\/","name":"SureSMS","description":"Professioneller SMS-Gateway","publisher":{"@id":"https:\/\/suresms.com\/en\/#organization"},"potentialAction":[{"@type":"SearchAction","target":{"@type":"EntryPoint","urlTemplate":"https:\/\/suresms.com\/en\/?s={search_term_string}"},"query-input":{"@type":"PropertyValueSpecification","valueRequired":true,"valueName":"search_term_string"}}],"inLanguage":"de"},{"@type":"Organization","@id":"https:\/\/suresms.com\/en\/#organization","name":"SureSMS","url":"https:\/\/suresms.com\/en\/","logo":{"@type":"ImageObject","inLanguage":"de","@id":"https:\/\/suresms.com\/en\/#\/schema\/logo\/image\/","url":"https:\/\/suresms.com\/wp-content\/uploads\/2024\/11\/suresms-300x65-1.png","contentUrl":"https:\/\/suresms.com\/wp-content\/uploads\/2024\/11\/suresms-300x65-1.png","width":300,"height":65,"caption":"SureSMS"},"image":{"@id":"https:\/\/suresms.com\/en\/#\/schema\/logo\/image\/"},"sameAs":["https:\/\/www.facebook.com\/p\/SureSMS-100044607956149\/"]}]}},"_links":{"self":[{"href":"https:\/\/suresms.com\/de\/wp-json\/wp\/v2\/pages\/15792","targetHints":{"allow":["GET"]}}],"collection":[{"href":"https:\/\/suresms.com\/de\/wp-json\/wp\/v2\/pages"}],"about":[{"href":"https:\/\/suresms.com\/de\/wp-json\/wp\/v2\/types\/page"}],"author":[{"embeddable":true,"href":"https:\/\/suresms.com\/de\/wp-json\/wp\/v2\/users\/1"}],"replies":[{"embeddable":true,"href":"https:\/\/suresms.com\/de\/wp-json\/wp\/v2\/comments?post=15792"}],"version-history":[{"count":9,"href":"https:\/\/suresms.com\/de\/wp-json\/wp\/v2\/pages\/15792\/revisions"}],"predecessor-version":[{"id":23415,"href":"https:\/\/suresms.com\/de\/wp-json\/wp\/v2\/pages\/15792\/revisions\/23415"}],"up":[{"embeddable":true,"href":"https:\/\/suresms.com\/de\/wp-json\/wp\/v2\/pages\/19541"}],"wp:attachment":[{"href":"https:\/\/suresms.com\/de\/wp-json\/wp\/v2\/media?parent=15792"}],"wp:term":[{"taxonomy":"category","embeddable":true,"href":"https:\/\/suresms.com\/de\/wp-json\/wp\/v2\/categories?post=15792"},{"taxonomy":"post_tag","embeddable":true,"href":"https:\/\/suresms.com\/de\/wp-json\/wp\/v2\/tags?post=15792"}],"curies":[{"name":"wp","href":"https:\/\/api.w.org\/{rel}","templated":true}]}}