{"id":15657,"date":"2022-06-29T23:49:16","date_gmt":"2022-06-29T21:49:16","guid":{"rendered":"https:\/\/www.suresms.com\/dk\/?page_id=15657"},"modified":"2025-11-06T05:51:06","modified_gmt":"2025-11-06T05:51:06","slug":"sms-vom-pc-aus-senden","status":"publish","type":"page","link":"https:\/\/suresms.com\/de\/funktioner\/send-sms-fra-pc\/","title":{"rendered":"SMS vom PC aus senden"},"content":{"rendered":"<!-- Flexy Breadcrumb -->\r\n\t\t\t<div class=\"fbc fbc-page\">\r\n\r\n\t\t\t\t<!-- Breadcrumb wrapper -->\r\n\t\t\t\t<div class=\"fbc-wrap\">\r\n\r\n\t\t\t\t\t<!-- Ordered list-->\r\n\t\t\t\t\t<ol class=\"fbc-items\" itemscope itemtype=\"https:\/\/schema.org\/BreadcrumbList\">\r\n\t\t\t\t\t\t            <li itemprop=\"itemListElement\" itemscope itemtype=\"https:\/\/schema.org\/ListItem\">\r\n                <span itemprop=\"name\">\r\n                    <!-- Home Link -->\r\n                    <a itemprop=\"item\" href=\"https:\/\/suresms.com\/de\/\">\r\n                    \r\n                                                    <i class=\"fa fa-home\" aria-hidden=\"true\"><\/i>Zuhause                    <\/a>\r\n                <\/span>\r\n                <meta itemprop=\"position\" content=\"1\" \/><!-- Meta Position-->\r\n             <\/li><li><span class=\"fbc-separator\">\/<\/span><\/li><li class=\"active\" itemprop=\"itemListElement\" itemscope itemtype=\"https:\/\/schema.org\/ListItem\"><span itemprop=\"name\" title=\"SMS vom PC aus senden\">SMS vom PC aus senden<\/span><meta itemprop=\"position\" content=\"2\" \/><\/li>\t\t\t\t\t<\/ol>\r\n\t\t\t\t\t<div class=\"clearfix\"><\/div>\r\n\t\t\t\t<\/div>\r\n\t\t\t<\/div>\r\n\t\t\t\n\t\t\t\t<img decoding=\"async\" src=\"https:\/\/suresms.com\/wp-content\/uploads\/2022\/06\/Send-sms-online-1.png\" alt=\"SMS online senden - Bild\" itemprop=\"image\" height=\"367\" width=\"900\" title=\"Textnachrichten online senden\" onerror=\"this.style.display='none'\" loading=\"lazy\" \/>\n\t<h1>Sende SMS von PC oder Mac mit unserem Online-SMS-Sender<\/h1>\n<p>Es ist viel schneller und einfacher, SMS-Nachrichten von deinem Computer aus zu versenden als von deinem Telefon aus. Au\u00dferdem hast du viel mehr M\u00f6glichkeiten, wenn du einen PC oder Mac benutzt. Du kannst zum Beispiel PDF-Dateien anh\u00e4ngen, unbegrenzte Listen erstellen, Videos versenden (die der Empf\u00e4nger tats\u00e4chlich sehen kann), MobilePay-Links versenden und vieles mehr.<\/p>\n<p>Bist du ein professioneller Nutzer, der SMS-Nachrichten an seine Kunden, Klienten, Mitarbeiter oder Mitglieder seiner Organisation senden muss? Dann ist es eine gute Idee, SMS online zu versenden, indem du einen Online-SMS-Versender nutzt.<\/p>\n<p>Egal, ob du einen PC oder Mac oder ein Tablet mit Android benutzt, du kannst unser System nutzen, um SMS online zu versenden. Es funktioniert auf allen Computern und Tablets, unabh\u00e4ngig vom Betriebssystem. Wenn du dich bei unserer Web-App anmeldest, erh\u00e4ltst du Zugang zu einem System, von dem aus du SMS-Nachrichten versenden kannst.<\/p>\n<p>&nbsp;<\/p>\n\t<h2>SMS-Nachrichten senden<\/h2>\n<p>Mit dem Zugang zu unserem SMS-Sender, den du gleich rechts daneben kostenlos bestellen kannst, kannst du \u00fcber deinen Computer oder dein Tablet SMS-Nachrichten senden und empfangen. Du kannst entweder eine SMS an eine einzelne Person senden, indem du die Telefonnummer eingibst, oder du kannst sie an eine Liste senden. Du kannst die Liste aus deinem CRM-System, deinem Mitgliedersystem oder einfach aus einer Tabellenkalkulation, die du herumliegen hast, in das System importieren.<\/p>\n<p>Wenn du auch online SMS-Nachrichten empfangen m\u00f6chtest, musst du ein Zwei-Wege-SMS-Modul kaufen. Es kostet 99 DKK pro Monat, aber dann kannst du SMS sowohl auf unserer Website als auch in deinem E-Mail-Posteingang empfangen.<\/p>\n\t\t\t\t<img decoding=\"async\" src=\"https:\/\/suresms.com\/wp-content\/uploads\/2022\/06\/What-is-your-message-1.png\" alt=\"Wie lautet deine SMS-Nachricht?\" itemprop=\"image\" height=\"238\" width=\"319\" title=\"Was ist deine Botschaft?\" onerror=\"this.style.display='none'\" loading=\"lazy\" \/>\n\t\t\t<a href=\"https:\/\/app.suresms.com\/account\/signup\" target=\"_blank\" rel=\"noopener\">\n\t\t\t\t\t\t\tEin kostenloses Konto erstellen\n\t\t\t\t\t<\/a>\n\t<h2>SMS vom PC aus senden \/ SMS vom Mac aus senden<\/h2>\n<p>Der einfachste Weg, Textnachrichten online zu versenden, ist, sie von deinem PC aus zu senden, indem du dich auf unserer Website einloggst. Gib deine Nachricht ein und dr\u00fccke auf \"Senden\". Wir senden dann eine SMS-Nachricht an den Empf\u00e4nger. Es ist schnell und einfach, SMS online zu versenden.<\/p>\n<p>Wir unterst\u00fctzen alle g\u00e4ngigen Browser, du musst dir also keine Sorgen machen, ob unser System auf deinem Computer funktioniert. Jeder kann unseren SMS-Sender nutzen.<\/p>\n\t<h2>Eine SMS \u00fcber das Web senden<\/h2>\n<p>Es gibt noch andere M\u00f6glichkeiten, eine SMS zu versenden als \u00fcber den Browser. Du kannst deine Nachrichten auch per E-Mail versenden. Mit einer L\u00f6sung namens mail2sms kannst du SMS-Nachrichten online von deinem Mailprogramm aus versenden. Das gilt unabh\u00e4ngig davon, welches Mailprogramm und welchen Mailanbieter du hast.<\/p>\n<p>&nbsp;<\/p>\n<h2>\u00dcber SMS-Nachrichten<\/h2>\n<p>Eine SMS hat eine maximale L\u00e4nge von 160 Zeichen (einschlie\u00dflich Leerzeichen). Wenn du eine l\u00e4ngere Nachricht schreibst, wird sie trotzdem versendet, aber je nach L\u00e4nge als 2 oder mehr SMS-Nachrichten berechnet<\/p>\n<p>Du kannst KEINE SMS-Nachrichten an 3-, 4- oder 5-stellige Nummern - sogenannte Shortcodes von SureSMS - senden.<\/p>\n<p>Von unserer Website aus kannst du ganz einfach die vielen Optionen nutzen: Kontakte exportieren, Gruppen erstellen, Mailings planen und Vorlagen erstellen, um deine Kommunikation schneller, einfacher und professioneller zu gestalten.<\/p>\n<p>Lies mehr dazu hier auf der Website unter Eigenschaften und Funktionen oder folge dem Link unten auf der Seite zu unserem YouTube-Kanal, um unsere Anleitungsvideos anzusehen.<\/p>\n<h2>Kostenlose SMS?<\/h2>\n<p>Die meisten Handy-Abonnements beinhalten kostenlose SMS. Da wir die Netzbetreiber f\u00fcr jede gesendete SMS bezahlen, ist es uns leider nicht m\u00f6glich, dies anzubieten. Jede SMS, die du online verschickst, kostet 28 \u00f8re.<\/p>\n<p>&nbsp;<\/p>\n\t<h4><strong>Unser WEB Interface ist einfach zu bedienen<\/strong><\/h4>\n<p>Du kannst dich \u00fcber den folgenden Link auf unserer Website einloggen <a href=\"https:\/\/app.suresms.com\">http:\/\/app.suresms.com<\/a> oder indem du auf den Login-Button in der oberen rechten Ecke dieser Seite klickst.<\/p>\n<p>SureSMS Gateway ist speziell f\u00fcr Unternehmen und Organisationen konzipiert. Wir \u00fcberpr\u00fcfen alle Konten vor der Erstellung manuell, um sicherzustellen, dass alle Anfragen seri\u00f6s sind. Daher kann es eine kurze Wartezeit geben, bis du die E-Mail mit den Anmeldeinformationen von uns erh\u00e4ltst und mit dem SMS-Versand beginnen kannst.<\/p>\n<p>Unsere L\u00f6sung ist eine sogenannte plattformunabh\u00e4ngige L\u00f6sung. Das bedeutet, dass sie geeignet ist, egal ob du einen PC oder Mac, ein Tablet mit Android oder Windows benutzt. Unser System funktioniert auch f\u00fcr dich.<\/p>\n<p>Wir haben die Aufgabe der Plattformunabh\u00e4ngigkeit gel\u00f6st, indem wir die im Web verwendeten Sprachen verwenden, die alle Ger\u00e4te verstehen. Du kannst unsere SMS-L\u00f6sung zum Beispiel nutzen \u00fcber <a title=\"Beschreibung des http-Protokolls\" href=\"http:\/\/da.wikipedia.org\/wiki\/HTTP\">http<\/a>\u00a0oder \u00fcber <a title=\"SMTP-Protokolle\" href=\"http:\/\/da.wikipedia.org\/wiki\/Simple_Mail_Transfer_Protocol\">SMTP <\/a>(auch E-Mail genannt).<\/p>\n\t<h4><strong>Hol dir sofort einen Login!<\/strong><\/h4>\n<p>Zum Einloggen sind ein Benutzername und ein Passwort erforderlich. <strong>Du kannst dies tun, indem du auf dieser Seite ein Testkonto erstellst.<\/strong><\/p>\n<p>Es gibt keine Kosten, um einen Benutzernamen zu erhalten. Das Anlegen eines Kontos in unserem Gateway ist kostenlos und das Abonnement kostet 0,- DKK.<br \/>Wir bevorzugen eine transparente Preispolitik, daher gibt es keine versteckten Kosten oder Abonnements. Unsere Kunden zahlen einen gemessenen Preis, d.h. nur f\u00fcr die SMS, die sie versenden. Du kannst unser aktuelles <a title=\"SMS-Gateway-Preise, keine Einrichtung, kein Abonnement\" href=\"https:\/\/suresms.com\/de\/sms-gateway-preise\/\">Preise<\/a>\u00a0Hier.<\/p>\n<p>Mit den 50 kostenlosen Nachrichten, die du erh\u00e4ltst, wenn du ein Testkonto erstellst, hast du die M\u00f6glichkeit, unser SMS-Gateway ohne Bezahlung auszuprobieren. Du musst KEINE Kreditkartendaten angeben, um ein Testkonto zu er\u00f6ffnen.<\/p>\n\t\t\t\t<img decoding=\"async\" src=\"https:\/\/suresms.com\/wp-content\/uploads\/2022\/08\/Webinterface-1-1.png\" alt=\"SMS vom PC aus senden\" itemprop=\"image\" height=\"1557\" width=\"2665\" title=\"SureSMS Web-Interface\" onerror=\"this.style.display='none'\" loading=\"lazy\" \/>\n\t<h4><strong>Einfach zu integrierende API und viele Funktionen\u00a0<\/strong><\/h4>\n<p>Wir lieben es, uns weiterzuentwickeln und unsere Kunden nutzen uns auf viele verschiedene Arten. Darauf sind wir stolz.<\/p>\n<p>Im Laufe der Jahre haben wir viele Features und Funktionen f\u00fcr unsere Kunden entwickelt. Viele davon findest du in den Men\u00fcs auf dieser Website beschrieben, aber wenn du nicht findest, wonach du suchst, kontaktiere uns bitte. Wir decken fast alles ab und freuen uns immer \u00fcber neue Herausforderungen.<\/p>\n<p>Bist du ein Entwickler und m\u00f6chtest mehr \u00fcber unsere API erfahren? Schau dir unsere Entwicklerseiten an oder ruf uns an unter Tel.: 50 322 322 322. Du kannst auch <a title=\"Kontakt\" href=\"https:\/\/suresms.com\/de\/kontakt\/\">Schicke uns hier eine Nachricht.<\/a><\/p>\n\t\t\t\t<img decoding=\"async\" src=\"https:\/\/suresms.com\/wp-content\/uploads\/2022\/06\/API-connection-1.png\" alt=\"SMS senden mit API\" itemprop=\"image\" height=\"528\" width=\"960\" title=\"API-Verbindung\" onerror=\"this.style.display='none'\" loading=\"lazy\" \/>\n\t<h4><strong>Hier findest du einige Beispiele daf\u00fcr, wie unsere Kunden unseren Online-SMS-Service heute nutzen:<\/strong><\/h4>\n<ul>\n<li>Eine d\u00e4nische Gewerkschaftsorganisation nutzt unseren Online-SMS-Service, um Newsletter an Kunden zu verschicken. Es ist nat\u00fcrlich einfacher, lange Newsletter \u00fcber die gr\u00f6\u00dfere Tastatur eines Computers zu verschicken, und es erm\u00f6glicht auch, Links mit relevanten Artikeln an die Mitglieder der Organisation anzuh\u00e4ngen.<\/li>\n<li>Eine Jagdorganisation in Neuseeland hat ein Konto auf unserem Gateway eingerichtet. Da die Mitglieder der Vereinigung abwechselnd die Jagden organisieren, haben sie alle ein Login f\u00fcr das Konto der Vereinigung, von dem aus sie Nachrichten \u00fcber bevorstehende Jagden an die anderen Mitglieder senden.<\/li>\n<li>Ein Heizungsunternehmen nutzt unser Gateway, um die Bewohner \u00fcber Versorgungsunterbrechungen zu informieren. Wenn z.B. die Heizung wegen Reparaturen in einem bestimmten Gebiet abgestellt wird, werden die Telefonnummern aus dem System des Heizungsunternehmens herausgezogen und auf unserer Website eingef\u00fcgt, wo sie einfach eine Nachricht an alle betroffenen Haushalte schicken k\u00f6nnen.<\/li>\n<\/ul>","protected":false},"excerpt":{"rendered":"<p>SMS vom PC oder Mac mit unserem Online-SMS-Sender versenden Es ist viel schneller und einfacher, SMS-Nachrichten von deinem Computer aus zu versenden als von deinem Telefon. Au\u00dferdem hast du viel mehr M\u00f6glichkeiten, wenn du einen PC oder Mac benutzt. Du kannst zum Beispiel PDF-Dateien anh\u00e4ngen, unbegrenzte Listen erstellen, Videos versenden (die der Empf\u00e4nger tats\u00e4chlich ... <a title=\"SMS vom PC aus senden\" class=\"read-more\" href=\"https:\/\/suresms.com\/de\/funktioner\/send-sms-fra-pc\/\" aria-label=\"Weitere Informationen \u00fcber Send sms fra PC\">Mehr lesen<\/a><\/p>","protected":false},"author":1,"featured_media":0,"parent":958,"menu_order":2,"comment_status":"closed","ping_status":"closed","template":"","meta":{"_fl_builder_enabled":"1","_fl_builder_data":null,"_fl_builder_draft":null,"_fl_builder_data_settings":null,"_fl_builder_css":"","_fl_builder_css_version":"","_fl_builder_js":"","footnotes":""},"categories":[17],"tags":[],"class_list":{"0":"post-15657","1":"page","2":"type-page","3":"status-publish","5":"category-linkfracornorstone"},"yoast_head":"<!-- This site is optimized with the Yoast SEO Premium plugin v27.3 (Yoast SEO v27.3) - https:\/\/yoast.com\/product\/yoast-seo-premium-wordpress\/ -->\r\n<title>Send SMS fra PC - Send SMS fra Mac - Send SMS fra computer<\/title>\r\n<meta name=\"description\" content=\"Send SMS fra PC eller Send SMS fra Mac. Fordele ved at sende fra computer er arkivering, hastighed og deling af kontakter. Pr\u00f8v det gratis.\" \/>\r\n<meta name=\"robots\" content=\"index, follow, max-snippet:-1, max-image-preview:large, max-video-preview:-1\" \/>\r\n<link rel=\"canonical\" href=\"https:\/\/suresms.com\/de\/eigenschaften\/sms-vom-pc-aus-senden\/\" \/>\r\n<meta property=\"og:locale\" content=\"de_DE\" \/>\r\n<meta property=\"og:type\" content=\"article\" \/>\r\n<meta property=\"og:title\" content=\"Send sms fra PC\" \/>\r\n<meta property=\"og:description\" content=\"Send SMS fra PC eller Send SMS fra Mac. Fordele ved at sende fra computer er arkivering, hastighed og deling af kontakter. Pr\u00f8v det gratis.\" \/>\r\n<meta property=\"og:url\" content=\"https:\/\/suresms.com\/de\/eigenschaften\/sms-vom-pc-aus-senden\/\" \/>\r\n<meta property=\"article:publisher\" content=\"https:\/\/www.facebook.com\/p\/SureSMS-100044607956149\/\" \/>\r\n<meta property=\"article:modified_time\" content=\"2025-11-06T05:51:06+00:00\" \/>\r\n<meta property=\"og:image\" content=\"https:\/\/suresms.com\/wp-content\/uploads\/2022\/06\/Send-sms-online-1.png\" \/>\r\n<meta name=\"twitter:card\" content=\"summary_large_image\" \/>\r\n<meta name=\"twitter:label1\" content=\"Gesch\u00e4tzte Lesezeit\" \/>\n\t<meta name=\"twitter:data1\" content=\"9\u00a0Minuten\" \/>\r\n<script type=\"application\/ld+json\" class=\"yoast-schema-graph\">{\"@context\":\"https:\\\/\\\/schema.org\",\"@graph\":[{\"@type\":\"WebPage\",\"@id\":\"https:\\\/\\\/suresms.com\\\/dk\\\/funktioner\\\/send-sms-fra-pc\\\/\",\"url\":\"https:\\\/\\\/suresms.com\\\/dk\\\/funktioner\\\/send-sms-fra-pc\\\/\",\"name\":\"Send SMS fra PC - Send SMS fra Mac - Send SMS fra computer\",\"isPartOf\":{\"@id\":\"https:\\\/\\\/suresms.com\\\/en\\\/#website\"},\"primaryImageOfPage\":{\"@id\":\"https:\\\/\\\/suresms.com\\\/dk\\\/funktioner\\\/send-sms-fra-pc\\\/#primaryimage\"},\"image\":{\"@id\":\"https:\\\/\\\/suresms.com\\\/dk\\\/funktioner\\\/send-sms-fra-pc\\\/#primaryimage\"},\"thumbnailUrl\":\"https:\\\/\\\/suresms.com\\\/wp-content\\\/uploads\\\/2022\\\/06\\\/Send-sms-online-1.png\",\"datePublished\":\"2022-06-29T21:49:16+00:00\",\"dateModified\":\"2025-11-06T05:51:06+00:00\",\"description\":\"Send SMS fra PC eller Send SMS fra Mac. Fordele ved at sende fra computer er arkivering, hastighed og deling af kontakter. Pr\u00f8v det gratis.\",\"breadcrumb\":{\"@id\":\"https:\\\/\\\/suresms.com\\\/dk\\\/funktioner\\\/send-sms-fra-pc\\\/#breadcrumb\"},\"inLanguage\":\"de\",\"potentialAction\":[{\"@type\":\"ReadAction\",\"target\":[\"https:\\\/\\\/suresms.com\\\/dk\\\/funktioner\\\/send-sms-fra-pc\\\/\"]}]},{\"@type\":\"ImageObject\",\"inLanguage\":\"de\",\"@id\":\"https:\\\/\\\/suresms.com\\\/dk\\\/funktioner\\\/send-sms-fra-pc\\\/#primaryimage\",\"url\":\"https:\\\/\\\/suresms.com\\\/wp-content\\\/uploads\\\/2022\\\/06\\\/Send-sms-online-1.png\",\"contentUrl\":\"https:\\\/\\\/suresms.com\\\/wp-content\\\/uploads\\\/2022\\\/06\\\/Send-sms-online-1.png\"},{\"@type\":\"BreadcrumbList\",\"@id\":\"https:\\\/\\\/suresms.com\\\/dk\\\/funktioner\\\/send-sms-fra-pc\\\/#breadcrumb\",\"itemListElement\":[{\"@type\":\"ListItem\",\"position\":1,\"name\":\"Home\",\"item\":\"https:\\\/\\\/suresms.com\\\/dk\\\/\"},{\"@type\":\"ListItem\",\"position\":2,\"name\":\"Funktioner\",\"item\":\"https:\\\/\\\/suresms.com\\\/dk\\\/funktioner\\\/\"},{\"@type\":\"ListItem\",\"position\":3,\"name\":\"Send sms fra PC\"}]},{\"@type\":\"WebSite\",\"@id\":\"https:\\\/\\\/suresms.com\\\/en\\\/#website\",\"url\":\"https:\\\/\\\/suresms.com\\\/en\\\/\",\"name\":\"SureSMS\",\"description\":\"Professionel SMS Gateway\",\"publisher\":{\"@id\":\"https:\\\/\\\/suresms.com\\\/en\\\/#organization\"},\"potentialAction\":[{\"@type\":\"SearchAction\",\"target\":{\"@type\":\"EntryPoint\",\"urlTemplate\":\"https:\\\/\\\/suresms.com\\\/en\\\/?s={search_term_string}\"},\"query-input\":{\"@type\":\"PropertyValueSpecification\",\"valueRequired\":true,\"valueName\":\"search_term_string\"}}],\"inLanguage\":\"de\"},{\"@type\":\"Organization\",\"@id\":\"https:\\\/\\\/suresms.com\\\/en\\\/#organization\",\"name\":\"SureSMS\",\"url\":\"https:\\\/\\\/suresms.com\\\/en\\\/\",\"logo\":{\"@type\":\"ImageObject\",\"inLanguage\":\"de\",\"@id\":\"https:\\\/\\\/suresms.com\\\/en\\\/#\\\/schema\\\/logo\\\/image\\\/\",\"url\":\"https:\\\/\\\/suresms.com\\\/wp-content\\\/uploads\\\/2024\\\/11\\\/suresms-300x65-1.png\",\"contentUrl\":\"https:\\\/\\\/suresms.com\\\/wp-content\\\/uploads\\\/2024\\\/11\\\/suresms-300x65-1.png\",\"width\":300,\"height\":65,\"caption\":\"SureSMS\"},\"image\":{\"@id\":\"https:\\\/\\\/suresms.com\\\/en\\\/#\\\/schema\\\/logo\\\/image\\\/\"},\"sameAs\":[\"https:\\\/\\\/www.facebook.com\\\/p\\\/SureSMS-100044607956149\\\/\"]}]}<\/script>\r\n<!-- \/ Yoast SEO Premium plugin. -->","yoast_head_json":{"title":"SMS vom PC senden - SMS vom Mac senden - SMS vom Computer senden","description":"SMS vom PC oder vom Mac aus senden. Die Vorteile des Versendens vom Computer aus sind die Archivierung, die Geschwindigkeit und das Teilen von Kontakten. Probiere es kostenlos aus.","robots":{"index":"index","follow":"follow","max-snippet":"max-snippet:-1","max-image-preview":"max-image-preview:large","max-video-preview":"max-video-preview:-1"},"canonical":"https:\/\/suresms.com\/de\/eigenschaften\/sms-vom-pc-aus-senden\/","og_locale":"de_DE","og_type":"article","og_title":"Send sms fra PC","og_description":"Send SMS fra PC eller Send SMS fra Mac. Fordele ved at sende fra computer er arkivering, hastighed og deling af kontakter. Pr\u00f8v det gratis.","og_url":"https:\/\/suresms.com\/de\/eigenschaften\/sms-vom-pc-aus-senden\/","article_publisher":"https:\/\/www.facebook.com\/p\/SureSMS-100044607956149\/","article_modified_time":"2025-11-06T05:51:06+00:00","og_image":[{"url":"https:\/\/suresms.com\/wp-content\/uploads\/2022\/06\/Send-sms-online-1.png","type":"","width":"","height":""}],"twitter_card":"summary_large_image","twitter_misc":{"Gesch\u00e4tzte Lesezeit":"9\u00a0Minuten"},"schema":{"@context":"https:\/\/schema.org","@graph":[{"@type":"WebPage","@id":"https:\/\/suresms.com\/dk\/funktioner\/send-sms-fra-pc\/","url":"https:\/\/suresms.com\/dk\/funktioner\/send-sms-fra-pc\/","name":"SMS vom PC senden - SMS vom Mac senden - SMS vom Computer senden","isPartOf":{"@id":"https:\/\/suresms.com\/en\/#website"},"primaryImageOfPage":{"@id":"https:\/\/suresms.com\/dk\/funktioner\/send-sms-fra-pc\/#primaryimage"},"image":{"@id":"https:\/\/suresms.com\/dk\/funktioner\/send-sms-fra-pc\/#primaryimage"},"thumbnailUrl":"https:\/\/suresms.com\/wp-content\/uploads\/2022\/06\/Send-sms-online-1.png","datePublished":"2022-06-29T21:49:16+00:00","dateModified":"2025-11-06T05:51:06+00:00","description":"SMS vom PC oder vom Mac aus senden. Die Vorteile des Versendens vom Computer aus sind die Archivierung, die Geschwindigkeit und das Teilen von Kontakten. Probiere es kostenlos aus.","breadcrumb":{"@id":"https:\/\/suresms.com\/dk\/funktioner\/send-sms-fra-pc\/#breadcrumb"},"inLanguage":"de","potentialAction":[{"@type":"ReadAction","target":["https:\/\/suresms.com\/dk\/funktioner\/send-sms-fra-pc\/"]}]},{"@type":"ImageObject","inLanguage":"de","@id":"https:\/\/suresms.com\/dk\/funktioner\/send-sms-fra-pc\/#primaryimage","url":"https:\/\/suresms.com\/wp-content\/uploads\/2022\/06\/Send-sms-online-1.png","contentUrl":"https:\/\/suresms.com\/wp-content\/uploads\/2022\/06\/Send-sms-online-1.png"},{"@type":"BreadcrumbList","@id":"https:\/\/suresms.com\/dk\/funktioner\/send-sms-fra-pc\/#breadcrumb","itemListElement":[{"@type":"ListItem","position":1,"name":"Home","item":"https:\/\/suresms.com\/dk\/"},{"@type":"ListItem","position":2,"name":"Funktioner","item":"https:\/\/suresms.com\/dk\/funktioner\/"},{"@type":"ListItem","position":3,"name":"Send sms fra PC"}]},{"@type":"WebSite","@id":"https:\/\/suresms.com\/en\/#website","url":"https:\/\/suresms.com\/en\/","name":"SureSMS","description":"Professioneller SMS-Gateway","publisher":{"@id":"https:\/\/suresms.com\/en\/#organization"},"potentialAction":[{"@type":"SearchAction","target":{"@type":"EntryPoint","urlTemplate":"https:\/\/suresms.com\/en\/?s={search_term_string}"},"query-input":{"@type":"PropertyValueSpecification","valueRequired":true,"valueName":"search_term_string"}}],"inLanguage":"de"},{"@type":"Organization","@id":"https:\/\/suresms.com\/en\/#organization","name":"SureSMS","url":"https:\/\/suresms.com\/en\/","logo":{"@type":"ImageObject","inLanguage":"de","@id":"https:\/\/suresms.com\/en\/#\/schema\/logo\/image\/","url":"https:\/\/suresms.com\/wp-content\/uploads\/2024\/11\/suresms-300x65-1.png","contentUrl":"https:\/\/suresms.com\/wp-content\/uploads\/2024\/11\/suresms-300x65-1.png","width":300,"height":65,"caption":"SureSMS"},"image":{"@id":"https:\/\/suresms.com\/en\/#\/schema\/logo\/image\/"},"sameAs":["https:\/\/www.facebook.com\/p\/SureSMS-100044607956149\/"]}]}},"_links":{"self":[{"href":"https:\/\/suresms.com\/de\/wp-json\/wp\/v2\/pages\/15657","targetHints":{"allow":["GET"]}}],"collection":[{"href":"https:\/\/suresms.com\/de\/wp-json\/wp\/v2\/pages"}],"about":[{"href":"https:\/\/suresms.com\/de\/wp-json\/wp\/v2\/types\/page"}],"author":[{"embeddable":true,"href":"https:\/\/suresms.com\/de\/wp-json\/wp\/v2\/users\/1"}],"replies":[{"embeddable":true,"href":"https:\/\/suresms.com\/de\/wp-json\/wp\/v2\/comments?post=15657"}],"version-history":[{"count":6,"href":"https:\/\/suresms.com\/de\/wp-json\/wp\/v2\/pages\/15657\/revisions"}],"predecessor-version":[{"id":23528,"href":"https:\/\/suresms.com\/de\/wp-json\/wp\/v2\/pages\/15657\/revisions\/23528"}],"up":[{"embeddable":true,"href":"https:\/\/suresms.com\/de\/wp-json\/wp\/v2\/pages\/958"}],"wp:attachment":[{"href":"https:\/\/suresms.com\/de\/wp-json\/wp\/v2\/media?parent=15657"}],"wp:term":[{"taxonomy":"category","embeddable":true,"href":"https:\/\/suresms.com\/de\/wp-json\/wp\/v2\/categories?post=15657"},{"taxonomy":"post_tag","embeddable":true,"href":"https:\/\/suresms.com\/de\/wp-json\/wp\/v2\/tags?post=15657"}],"curies":[{"name":"wp","href":"https:\/\/api.w.org\/{rel}","templated":true}]}}