{"id":1507,"date":"2016-01-14T15:20:23","date_gmt":"2016-01-14T13:20:23","guid":{"rendered":"https:\/\/www.suresms.com\/dk\/?page_id=1507"},"modified":"2025-11-13T10:54:51","modified_gmt":"2025-11-13T10:54:51","slug":"preise-und-bezahlung","status":"publish","type":"page","link":"https:\/\/suresms.com\/de\/om-suresms\/priser-og-betaling\/","title":{"rendered":"Preise und Bezahlung"},"content":{"rendered":"<h1>Preise und Bezahlung<\/h1>\n<p>Mit SureSMS hast du die M\u00f6glichkeit, unsere <a href=\"https:\/\/suresms.com\/de\/bestellung\/kostenloses-sms-testkonto\/\">Gateway-Konto<\/a>bei dem du nur f\u00fcr die versendeten SMS bezahlst, oder eine unserer <a href=\"https:\/\/suresms.com\/de\/eigenschaften\/empfange-textnachrichten-auf-deinem-computer\/\">2-Wege-L\u00f6sungen<\/a>wo du ein monatliches Abonnement plus SMS-Tarif bezahlst.<\/p>\n<p>(Alle Preise auf dieser Seite sind in d\u00e4nischen Kronen ohne Mehrwertsteuer angegeben)<\/p>\n\t<h2>SMS-Tarife<\/h2>\n<p>Wir bei SureSMS haben besonders gute Vereinbarungen mit Telekommunikationsunternehmen in den nordischen L\u00e4ndern, k\u00f6nnen aber nat\u00fcrlich \u00fcberall auf der Welt mit Mobilfunkabdeckung versenden.<\/p>\n<ul>\n<li>\n<ul>\n<li>D\u00e4nemark 0,31 DKK\/SMS<\/li>\n<\/ul>\n<\/li>\n<\/ul>\n<ul>\n<li>\n<ul>\n<li>Schweden 0,23 DKK\/SMS<\/li>\n<\/ul>\n<\/li>\n<\/ul>\n<ul>\n<li>\n<ul>\n<li>Norwegen 0,25 DKK\/SMS<\/li>\n<\/ul>\n<\/li>\n<\/ul>\n<ul>\n<li>\n<ul>\n<li>Finnland 0,29 DKK\/SMS<\/li>\n<\/ul>\n<\/li>\n<\/ul>\n<ul>\n<li>\n<ul>\n<li>Gr\u00f6nland 0,07 DKK\/SMS<\/li>\n<\/ul>\n<\/li>\n<\/ul>\n<ul>\n<li>\n<ul>\n<li>F\u00e4r\u00f6er Inseln 0,25 DKK\/SMS<\/li>\n<\/ul>\n<\/li>\n<\/ul>\n<ul>\n<li>\n<ul>\n<li>Rest der Welt x-x kr\/SMS<\/li>\n<\/ul>\n<\/li>\n<\/ul>\n<p>&nbsp;<\/p>\n<p>Wenn du Fragen zu den Preisen in Europa oder dem Rest der Welt hast, kannst du uns gerne kontaktieren. Wenn du viele SMS verschicken musst, k\u00f6nnen wir wahrscheinlich auch einen guten Preis aushandeln.<\/p>\n<ul>\n<li>\n<ul>\n<li>Eingehende SMS Rufnummer 99.00 kr\/Monat<\/li>\n<\/ul>\n<\/li>\n<\/ul>\n<ul>\n<li>\n<ul>\n<li>Eigene eingehende Rufnummer auf SIM-Karte 199,00 kr\/Monat<\/li>\n<\/ul>\n<\/li>\n<\/ul>\n<ul>\n<li>\n<ul>\n<li>Anh\u00e4ngen von Dateien an SMS 0.20 kr\/SMS<\/li>\n<\/ul>\n<\/li>\n<\/ul>\n<p>&nbsp;<\/p>\n\t<h1>Zahlungsoptionen<\/h1>\n<p>Wir bieten verschiedene flexible Zahlungsm\u00f6glichkeiten f\u00fcr unsere Kunden an.<\/p>\n<ul>\n<li>\n<ul>\n<li>Mit dem SureSMS-Gateway-Konto kaufen Sie SMS normalerweise mit Kreditkarten direkt auf unserer Website. Sie erhalten von uns eine E-Mail, wenn es Zeit ist, aufzuladen. Unmittelbar nach der Zahlung erhalten Sie eine Rechnung von uns.<\/li>\n<\/ul>\n<\/li>\n<\/ul>\n<ul>\n<li>\n<ul>\n<li>Stelle deinem Buchhalter einmal im Monat oder pro Quartal eine Rechnung auf der Grundlage des Verbrauchs im vorangegangenen Zeitraum. Wenn du dich f\u00fcr die verbrauchsabh\u00e4ngige Abrechnung entscheidest, gilt ein Mindestbetrag von 100,- pro Monat.<\/li>\n<\/ul>\n<\/li>\n<\/ul>\n<ul>\n<li>\n<ul>\n<li>Rechnung mit Vorauszahlung von z.B. 200 oder 1000 DKK, die auf dein SMS-Konto \u00fcberwiesen wird.<\/li>\n<\/ul>\n<\/li>\n<\/ul>\n<ul>\n<li>\n<ul>\n<li>Rechnungsstellung per EAN-Nummer. Wenn du eine \u00f6ffentliche Einrichtung vertrittst, haben wir die M\u00f6glichkeit, dir die Rechnung per EAN-Nummer zu schicken.<\/li>\n<\/ul>\n<\/li>\n<\/ul>\n<p>ACHTUNG! Wir akzeptieren MasterCard, Visa und MobilePay. <\/p>\n\t<h1>\u00dcbersch\u00fcssiges Guthaben bei Kontoaufl\u00f6sung<\/h1>\n<p>Wenn Sie sich f\u00fcr Vorauszahlung oder Kreditkartenzahlung entscheiden, ist es wichtig zu wissen, dass ein zu viel bezahlter Betrag nicht ausgezahlt wird, wenn das Konto sp\u00e4ter deaktiviert oder geschlossen wird.<\/p>\n<p>Das eingezahlte Guthaben wird ausschlie\u00dflich f\u00fcr die SMS-Nutzung und die damit verbundenen Dienste verwendet, und ein etwaiges Restguthaben wird bei Beendigung des Kontos gel\u00f6scht. Dies gilt unabh\u00e4ngig davon, ob die Zahlung als einmalige Vorauszahlung oder als laufende Aufladung per Kreditkarte erfolgt.<\/p>\n\t<h2>Das Kleingedruckte<\/h2>\n<p>Denk daran, dass eine SMS immer maximal 160 Zeichen inklusive Leerzeichen enthalten darf!<\/p>\n<p>Wenn deine Nachricht l\u00e4nger als 160 Zeichen ist, wird sie in der Praxis als einzelne SMS verschickt und auf dem Telefon des Empf\u00e4ngers zu einem langen Text zusammengefasst. Als Kunde musst du f\u00fcr die Anzahl der verschickten SMS bezahlen, daher sind l\u00e4ngere SMS etwas teurer.<\/p>\n<p>In unserer Online-App gibt es einen Z\u00e4hler, damit du beim Schreiben deiner Textnachrichten immer sehen kannst, wie viele Zeichen\/SMS du noch hast.<\/p>\n<p>&nbsp;<\/p>\n<table>\n<thead>\n<tr>\n<th>Anzahl der Zeichen<\/th>\n<th>Anzahl der SMS-Nachrichten<\/th>\n<\/tr>\n<\/thead>\n<tbody>\n<tr>\n<td>0 - 160 Zeichen<\/td>\n<td>1 Segment<\/td>\n<\/tr>\n<tr>\n<td>161 - 306 Zeichen<\/td>\n<td>2 Segmente<\/td>\n<\/tr>\n<tr>\n<td>307 - 459 Zeichen<\/td>\n<td>3 Segmente<\/td>\n<\/tr>\n<tr>\n<td>460 - 612 Zeichen<\/td>\n<td>4 Segmente<\/td>\n<\/tr>\n<tr>\n<td>613 - 765 Zeichen<\/td>\n<td>5 Segmente<\/td>\n<\/tr>\n<tr>\n<td>766 - 918 Zeichen<\/td>\n<td>6 Segmente<\/td>\n<\/tr>\n<tr>\n<td>919 - 1071 Zeichen<\/td>\n<td>7 Segmente<\/td>\n<\/tr>\n<tr>\n<td>1072 - 1224 Zeichen<\/td>\n<td>8 Segmente<\/td>\n<\/tr>\n<tr>\n<td>1225 - 1377 Zeichen<\/td>\n<td>9 Segmente<\/td>\n<\/tr>\n<tr>\n<td>1378 - 1530 Zeichen<\/td>\n<td>10 Segmente<\/td>\n<\/tr>\n<\/tbody>\n<\/table>\n<p>Wenn du Zeichen sendest, die nicht im \"normalen\" Alphabet enthalten sind, wie z. B. Emojis, wird der Text auf eine andere Weise gesendet und die Anzahl der Zeichen, die in der Nachricht enthalten sein k\u00f6nnen, wird gem\u00e4\u00df der folgenden Tabelle reduziert.<\/p>\n<p>&nbsp;<\/p>\n<table>\n<thead>\n<tr>\n<th>Anzahl der Zeichen<\/th>\n<th>Anzahl der SMS-Nachrichten<\/th>\n<\/tr>\n<\/thead>\n<tbody>\n<tr>\n<td>0 - 70 Zeichen<\/td>\n<td>1 Segment<\/td>\n<\/tr>\n<tr>\n<td>71 - 134 Zeichen<\/td>\n<td>2 Segmente<\/td>\n<\/tr>\n<tr>\n<td>135 - 201 Zeichen<\/td>\n<td>3 Segmente<\/td>\n<\/tr>\n<tr>\n<td>202 - 268 Zeichen<\/td>\n<td>4 Segmente<\/td>\n<\/tr>\n<tr>\n<td>269 - 335 Zeichen<\/td>\n<td>5 Segmente<\/td>\n<\/tr>\n<tr>\n<td>336 - 402 Zeichen<\/td>\n<td>6 Segmente<\/td>\n<\/tr>\n<tr>\n<td>403 - 469 Zeichen<\/td>\n<td>7 Segmente<\/td>\n<\/tr>\n<tr>\n<td>470 - 536 Zeichen<\/td>\n<td>8 Segmente<\/td>\n<\/tr>\n<tr>\n<td>537 - 603 Zeichen<\/td>\n<td>9 Segmente<\/td>\n<\/tr>\n<tr>\n<td>604 - 670 Zeichen<\/td>\n<td>10 Segmente<\/td>\n<\/tr>\n<\/tbody>\n<\/table>\n<p>&nbsp;<\/p>\n<p>Beachte auch, dass es technisch nicht m\u00f6glich ist, SMS-Nachrichten an 3-, 4- oder 5-stellige Nummern - sogenannte Short Codes - vom Sure SMS-Gateway zu senden.<\/p>","protected":false},"excerpt":{"rendered":"<p>Preise und Bezahlung Bei SureSMS hast du die M\u00f6glichkeit, dich f\u00fcr unser Gateway-Konto zu entscheiden, bei dem du nur f\u00fcr die versendeten SMS-Nachrichten bezahlst, oder f\u00fcr eine unserer 2-Wege-L\u00f6sungen, bei der du ein monatliches Abonnement plus SMS-Tarif bezahlst. (Alle Preise auf dieser Seite sind in d\u00e4nischen Kronen ohne MwSt.) SMS-Tarife Bei SureSMS haben wir besonders... <a title=\"Preise und Bezahlung\" class=\"read-more\" href=\"https:\/\/suresms.com\/de\/om-suresms\/priser-og-betaling\/\" aria-label=\"Mehr Informationen \u00fcber Preise und Bezahlung\">Mehr lesen<\/a><\/p>","protected":false},"author":1,"featured_media":0,"parent":18594,"menu_order":26,"comment_status":"closed","ping_status":"closed","template":"","meta":{"_fl_builder_enabled":"1","_fl_builder_data":null,"_fl_builder_draft":null,"_fl_builder_data_settings":null,"_fl_builder_css":"","_fl_builder_css_version":"","_fl_builder_js":"","footnotes":""},"categories":[],"tags":[],"class_list":["post-1507","page","type-page","status-publish"],"yoast_head":"<!-- This site is optimized with the Yoast SEO Premium plugin v27.3 (Yoast SEO v27.3) - https:\/\/yoast.com\/product\/yoast-seo-premium-wordpress\/ -->\r\n<title>Betaling - SureSMS. Gratis faktura. SE info om betaling her!<\/title>\r\n<meta name=\"description\" content=\"Hos SureSMS har du mulighed for at v\u00e6lge forskellige betalingsformer. \u00d8nsker du en faktura sender vi selvf\u00f8lgelig GRATIS faktura til alle vore kunder.\" \/>\r\n<meta name=\"robots\" content=\"index, follow, max-snippet:-1, max-image-preview:large, max-video-preview:-1\" \/>\r\n<link rel=\"canonical\" href=\"https:\/\/suresms.com\/de\/uber-suresms\/preise-und-bezahlung\/\" \/>\r\n<meta property=\"og:locale\" content=\"de_DE\" \/>\r\n<meta property=\"og:type\" content=\"article\" \/>\r\n<meta property=\"og:title\" content=\"Priser og betaling\" \/>\r\n<meta property=\"og:description\" content=\"Hos SureSMS har du mulighed for at v\u00e6lge forskellige betalingsformer. \u00d8nsker du en faktura sender vi selvf\u00f8lgelig GRATIS faktura til alle vore kunder.\" \/>\r\n<meta property=\"og:url\" content=\"https:\/\/suresms.com\/de\/uber-suresms\/preise-und-bezahlung\/\" \/>\r\n<meta property=\"article:publisher\" content=\"https:\/\/www.facebook.com\/p\/SureSMS-100044607956149\/\" \/>\r\n<meta property=\"article:modified_time\" content=\"2025-11-13T10:54:51+00:00\" \/>\r\n<meta name=\"twitter:card\" content=\"summary_large_image\" \/>\r\n<meta name=\"twitter:label1\" content=\"Gesch\u00e4tzte Lesezeit\" \/>\n\t<meta name=\"twitter:data1\" content=\"3\u00a0Minuten\" \/>\r\n<script type=\"application\/ld+json\" class=\"yoast-schema-graph\">{\"@context\":\"https:\\\/\\\/schema.org\",\"@graph\":[{\"@type\":\"WebPage\",\"@id\":\"https:\\\/\\\/suresms.com\\\/dk\\\/om-suresms\\\/priser-og-betaling\\\/\",\"url\":\"https:\\\/\\\/suresms.com\\\/dk\\\/om-suresms\\\/priser-og-betaling\\\/\",\"name\":\"Betaling - SureSMS. Gratis faktura. SE info om betaling her!\",\"isPartOf\":{\"@id\":\"https:\\\/\\\/suresms.com\\\/en\\\/#website\"},\"datePublished\":\"2016-01-14T13:20:23+00:00\",\"dateModified\":\"2025-11-13T10:54:51+00:00\",\"description\":\"Hos SureSMS har du mulighed for at v\u00e6lge forskellige betalingsformer. \u00d8nsker du en faktura sender vi selvf\u00f8lgelig GRATIS faktura til alle vore kunder.\",\"breadcrumb\":{\"@id\":\"https:\\\/\\\/suresms.com\\\/dk\\\/om-suresms\\\/priser-og-betaling\\\/#breadcrumb\"},\"inLanguage\":\"de\",\"potentialAction\":[{\"@type\":\"ReadAction\",\"target\":[\"https:\\\/\\\/suresms.com\\\/dk\\\/om-suresms\\\/priser-og-betaling\\\/\"]}]},{\"@type\":\"BreadcrumbList\",\"@id\":\"https:\\\/\\\/suresms.com\\\/dk\\\/om-suresms\\\/priser-og-betaling\\\/#breadcrumb\",\"itemListElement\":[{\"@type\":\"ListItem\",\"position\":1,\"name\":\"Home\",\"item\":\"https:\\\/\\\/suresms.com\\\/dk\\\/\"},{\"@type\":\"ListItem\",\"position\":2,\"name\":\"Om SureSMS\",\"item\":\"https:\\\/\\\/suresms.com\\\/dk\\\/om-suresms\\\/\"},{\"@type\":\"ListItem\",\"position\":3,\"name\":\"Priser og betaling\"}]},{\"@type\":\"WebSite\",\"@id\":\"https:\\\/\\\/suresms.com\\\/en\\\/#website\",\"url\":\"https:\\\/\\\/suresms.com\\\/en\\\/\",\"name\":\"SureSMS\",\"description\":\"Professionel SMS Gateway\",\"publisher\":{\"@id\":\"https:\\\/\\\/suresms.com\\\/en\\\/#organization\"},\"potentialAction\":[{\"@type\":\"SearchAction\",\"target\":{\"@type\":\"EntryPoint\",\"urlTemplate\":\"https:\\\/\\\/suresms.com\\\/en\\\/?s={search_term_string}\"},\"query-input\":{\"@type\":\"PropertyValueSpecification\",\"valueRequired\":true,\"valueName\":\"search_term_string\"}}],\"inLanguage\":\"de\"},{\"@type\":\"Organization\",\"@id\":\"https:\\\/\\\/suresms.com\\\/en\\\/#organization\",\"name\":\"SureSMS\",\"url\":\"https:\\\/\\\/suresms.com\\\/en\\\/\",\"logo\":{\"@type\":\"ImageObject\",\"inLanguage\":\"de\",\"@id\":\"https:\\\/\\\/suresms.com\\\/en\\\/#\\\/schema\\\/logo\\\/image\\\/\",\"url\":\"https:\\\/\\\/suresms.com\\\/wp-content\\\/uploads\\\/2024\\\/11\\\/suresms-300x65-1.png\",\"contentUrl\":\"https:\\\/\\\/suresms.com\\\/wp-content\\\/uploads\\\/2024\\\/11\\\/suresms-300x65-1.png\",\"width\":300,\"height\":65,\"caption\":\"SureSMS\"},\"image\":{\"@id\":\"https:\\\/\\\/suresms.com\\\/en\\\/#\\\/schema\\\/logo\\\/image\\\/\"},\"sameAs\":[\"https:\\\/\\\/www.facebook.com\\\/p\\\/SureSMS-100044607956149\\\/\"]}]}<\/script>\r\n<!-- \/ Yoast SEO Premium plugin. -->","yoast_head_json":{"title":"Bezahlung - SureSMS. Kostenlose Rechnung. SEHE Zahlungsinformationen hier!","description":"Bei SureSMS hast du die M\u00f6glichkeit, verschiedene Zahlungsarten zu w\u00e4hlen. Wenn du eine Rechnung m\u00f6chtest, schicken wir nat\u00fcrlich eine KOSTENLOSE Rechnung an alle unsere Kunden.","robots":{"index":"index","follow":"follow","max-snippet":"max-snippet:-1","max-image-preview":"max-image-preview:large","max-video-preview":"max-video-preview:-1"},"canonical":"https:\/\/suresms.com\/de\/uber-suresms\/preise-und-bezahlung\/","og_locale":"de_DE","og_type":"article","og_title":"Priser og betaling","og_description":"Hos SureSMS har du mulighed for at v\u00e6lge forskellige betalingsformer. \u00d8nsker du en faktura sender vi selvf\u00f8lgelig GRATIS faktura til alle vore kunder.","og_url":"https:\/\/suresms.com\/de\/uber-suresms\/preise-und-bezahlung\/","article_publisher":"https:\/\/www.facebook.com\/p\/SureSMS-100044607956149\/","article_modified_time":"2025-11-13T10:54:51+00:00","twitter_card":"summary_large_image","twitter_misc":{"Gesch\u00e4tzte Lesezeit":"3\u00a0Minuten"},"schema":{"@context":"https:\/\/schema.org","@graph":[{"@type":"WebPage","@id":"https:\/\/suresms.com\/dk\/om-suresms\/priser-og-betaling\/","url":"https:\/\/suresms.com\/dk\/om-suresms\/priser-og-betaling\/","name":"Bezahlung - SureSMS. Kostenlose Rechnung. SEHE Zahlungsinformationen hier!","isPartOf":{"@id":"https:\/\/suresms.com\/en\/#website"},"datePublished":"2016-01-14T13:20:23+00:00","dateModified":"2025-11-13T10:54:51+00:00","description":"Bei SureSMS hast du die M\u00f6glichkeit, verschiedene Zahlungsarten zu w\u00e4hlen. Wenn du eine Rechnung m\u00f6chtest, schicken wir nat\u00fcrlich eine KOSTENLOSE Rechnung an alle unsere Kunden.","breadcrumb":{"@id":"https:\/\/suresms.com\/dk\/om-suresms\/priser-og-betaling\/#breadcrumb"},"inLanguage":"de","potentialAction":[{"@type":"ReadAction","target":["https:\/\/suresms.com\/dk\/om-suresms\/priser-og-betaling\/"]}]},{"@type":"BreadcrumbList","@id":"https:\/\/suresms.com\/dk\/om-suresms\/priser-og-betaling\/#breadcrumb","itemListElement":[{"@type":"ListItem","position":1,"name":"Home","item":"https:\/\/suresms.com\/dk\/"},{"@type":"ListItem","position":2,"name":"Om SureSMS","item":"https:\/\/suresms.com\/dk\/om-suresms\/"},{"@type":"ListItem","position":3,"name":"Priser og betaling"}]},{"@type":"WebSite","@id":"https:\/\/suresms.com\/en\/#website","url":"https:\/\/suresms.com\/en\/","name":"SureSMS","description":"Professioneller SMS-Gateway","publisher":{"@id":"https:\/\/suresms.com\/en\/#organization"},"potentialAction":[{"@type":"SearchAction","target":{"@type":"EntryPoint","urlTemplate":"https:\/\/suresms.com\/en\/?s={search_term_string}"},"query-input":{"@type":"PropertyValueSpecification","valueRequired":true,"valueName":"search_term_string"}}],"inLanguage":"de"},{"@type":"Organization","@id":"https:\/\/suresms.com\/en\/#organization","name":"SureSMS","url":"https:\/\/suresms.com\/en\/","logo":{"@type":"ImageObject","inLanguage":"de","@id":"https:\/\/suresms.com\/en\/#\/schema\/logo\/image\/","url":"https:\/\/suresms.com\/wp-content\/uploads\/2024\/11\/suresms-300x65-1.png","contentUrl":"https:\/\/suresms.com\/wp-content\/uploads\/2024\/11\/suresms-300x65-1.png","width":300,"height":65,"caption":"SureSMS"},"image":{"@id":"https:\/\/suresms.com\/en\/#\/schema\/logo\/image\/"},"sameAs":["https:\/\/www.facebook.com\/p\/SureSMS-100044607956149\/"]}]}},"_links":{"self":[{"href":"https:\/\/suresms.com\/de\/wp-json\/wp\/v2\/pages\/1507","targetHints":{"allow":["GET"]}}],"collection":[{"href":"https:\/\/suresms.com\/de\/wp-json\/wp\/v2\/pages"}],"about":[{"href":"https:\/\/suresms.com\/de\/wp-json\/wp\/v2\/types\/page"}],"author":[{"embeddable":true,"href":"https:\/\/suresms.com\/de\/wp-json\/wp\/v2\/users\/1"}],"replies":[{"embeddable":true,"href":"https:\/\/suresms.com\/de\/wp-json\/wp\/v2\/comments?post=1507"}],"version-history":[{"count":12,"href":"https:\/\/suresms.com\/de\/wp-json\/wp\/v2\/pages\/1507\/revisions"}],"predecessor-version":[{"id":23542,"href":"https:\/\/suresms.com\/de\/wp-json\/wp\/v2\/pages\/1507\/revisions\/23542"}],"up":[{"embeddable":true,"href":"https:\/\/suresms.com\/de\/wp-json\/wp\/v2\/pages\/18594"}],"wp:attachment":[{"href":"https:\/\/suresms.com\/de\/wp-json\/wp\/v2\/media?parent=1507"}],"wp:term":[{"taxonomy":"category","embeddable":true,"href":"https:\/\/suresms.com\/de\/wp-json\/wp\/v2\/categories?post=1507"},{"taxonomy":"post_tag","embeddable":true,"href":"https:\/\/suresms.com\/de\/wp-json\/wp\/v2\/tags?post=1507"}],"curies":[{"name":"wp","href":"https:\/\/api.w.org\/{rel}","templated":true}]}}