{"id":1449,"date":"2015-12-14T16:52:32","date_gmt":"2015-12-14T14:52:32","guid":{"rendered":"https:\/\/www.suresms.com\/dk\/?page_id=1449"},"modified":"2025-01-10T11:01:15","modified_gmt":"2025-01-10T11:01:15","slug":"uberwachung","status":"publish","type":"page","link":"https:\/\/suresms.com\/de\/om-suresms\/overvagning\/","title":{"rendered":"\u00dcberwachung"},"content":{"rendered":"<!-- Flexy Breadcrumb -->\r\n\t\t\t<div class=\"fbc fbc-page\">\r\n\r\n\t\t\t\t<!-- Breadcrumb wrapper -->\r\n\t\t\t\t<div class=\"fbc-wrap\">\r\n\r\n\t\t\t\t\t<!-- Ordered list-->\r\n\t\t\t\t\t<ol class=\"fbc-items\" itemscope itemtype=\"https:\/\/schema.org\/BreadcrumbList\">\r\n\t\t\t\t\t\t            <li itemprop=\"itemListElement\" itemscope itemtype=\"https:\/\/schema.org\/ListItem\">\r\n                <span itemprop=\"name\">\r\n                    <!-- Home Link -->\r\n                    <a itemprop=\"item\" href=\"https:\/\/suresms.com\/de\/\">\r\n                    \r\n                                                    <i class=\"fa fa-home\" aria-hidden=\"true\"><\/i>Zuhause                    <\/a>\r\n                <\/span>\r\n                <meta itemprop=\"position\" content=\"1\" \/><!-- Meta Position-->\r\n             <\/li><li><span class=\"fbc-separator\">\/<\/span><\/li><li class=\"active\" itemprop=\"itemListElement\" itemscope itemtype=\"https:\/\/schema.org\/ListItem\"><span itemprop=\"name\" title=\"\u00dcberwachung\">\u00dcberwachung<\/span><meta itemprop=\"position\" content=\"2\" \/><\/li>\t\t\t\t\t<\/ol>\r\n\t\t\t\t\t<div class=\"clearfix\"><\/div>\r\n\t\t\t\t<\/div>\r\n\t\t\t<\/div>\r\n\t\t\t\n\t<h1>\u00dcberwachung<\/h1>\n<p>Unsere oberste Priorit\u00e4t ist es, sicherzustellen, dass die Textnachrichten gesendet werden.<\/p>\n<p>Wenn du einen SMS-Dienst anbietest, ist die \u00dcberwachung der Systeme der Schl\u00fcssel zur Gew\u00e4hrleistung einer angemessenen Betriebszeit und zur Sicherstellung, dass die Nachrichten tats\u00e4chlich gesendet und an die Kunden zugestellt werden. Es gibt viel zu viele Dinge, die beim Versenden einer SMS schiefgehen k\u00f6nnen, als dass man sich allein auf Alarme und Maschinen verlassen sollte.<\/p>\n<h4><strong>Vollst\u00e4ndige \u00dcberwachung und st\u00e4ndige Bereitschaft 24\/7<\/strong><\/h4>\n<p>Wir haben \u00fcber 100 Messpunkte in unserem Netzwerk und unserer Infrastruktur, die jede Minute \u00fcberwacht werden, aber wir verlassen uns nicht nur auf Maschinen.<\/p>\n<p>Sobald etwas schief l\u00e4uft, wird unser Betriebsleiter \/ Bereitschaftstechniker sofort informiert. Es ist immer ein Mann zur Stelle, wenn ein Server nicht wie vorgesehen sendet oder empf\u00e4ngt.<\/p>\n<p>Wir \u00fcberwachen unsere Server st\u00e4ndig! 24 Stunden am Tag, 7 Tage die Woche, 365 Tage im Jahr. Wir beobachten, w\u00e4hrend du schl\u00e4fst, um die beste Betriebszeit zu gew\u00e4hrleisten.<\/p>\n<p>Wir \u00fcberwachen alle d\u00e4nischen Betreiber und auch die gr\u00f6\u00dferen nordischen Betreiber, um eine optimale Lieferung zu gew\u00e4hrleisten. Das bedeutet, dass wir erkennen, wenn einer von ihnen ausf\u00e4llt oder aus einem anderen Grund nicht liefern kann. So k\u00f6nnen wir sofort reagieren und L\u00f6sungen f\u00fcr das Problem finden.<\/p>\n<p><strong>Wir sind immer an vorderster Front mit der besten Ausr\u00fcstung<\/strong><\/p>\n<p>Um eine gleichbleibend optimale Lieferung zu gew\u00e4hrleisten, stellen wir sicher, dass wir immer auf dem neuesten Stand der Technik sind. Unsere Ausr\u00fcstung lernt aus Fehlern. Wenn ein Fehler einmal aufgetreten ist, wird beim n\u00e4chsten Mal die gleiche Aktion eine Korrekturma\u00dfnahme einleiten, die das System automatisch wieder voll funktionsf\u00e4hig macht.\u00a0<\/p>\n<p>Maschinelles Lernen... Die Lernmaschine in Aktion.<\/p>\n<h4><strong>Maximale Betriebszeit! \u00dcber 99,9 %<\/strong><\/h4>\n<p>Wir haben die maximale Betriebszeit bei SureSMS. Auf vielen Verkaufsseiten der Branche kannst du von 99,7 % oder 100 % Betriebszeit lesen.  Bei SureSMS liegt unsere Betriebszeit bei \u00fcber 99,9, aber in der Praxis sind diese Zahlen nur aufgerundet.<\/p>\n<p>Wir stellen sicher, dass unsere Systeme immer laufen und st\u00e4ndig \u00fcberwacht werden, um Fehler an Maschinen oder Lieferanten zu erkennen.\u00a0<\/p>\n<p>Wenn das Telefon, an das du sendest, eingeschaltet ist, sorgen wir f\u00fcr eine optimale \u00dcberwachung, um sicherzustellen, dass deine Nachricht ankommt.<\/p>\n<p>\u00a0<\/p>\n\t<h4><strong>Hier kannst du einige Beispiele daf\u00fcr lesen, wie unsere Kunden unsere gehostete SIM-L\u00f6sung derzeit nutzen:<\/strong><\/h4>\n<ul>\n<li><strong>Ein d\u00e4nisches W\u00e4rmeversorgungsunternehmen<\/strong> unsere gehostete SIM-L\u00f6sung nutzen, um <strong>ihr Gesch\u00e4ft in Norwegen und Schweden<\/strong>. Genau wie in D\u00e4nemark m\u00fcssen die Mitarbeiter\/innen Terminerinnerungen an die Einwohner\/innen schicken, aber da es sich um norwegische und schwedische Nummern handelt, sollte die 2-Wege-L\u00f6sung nat\u00fcrlich die gleiche sein.<\/li>\n<li><strong>Eine d\u00e4nische Werbeagentur<\/strong> verschickt physische Briefe mit Angeboten an Kunden. Diese Briefe enthalten eine Telefonnummer, unter der sich die Kunden mit einem SCHL\u00dcSSELWORT f\u00fcr die Angebote anmelden k\u00f6nnen. Die Nummer wird an das Kundentelefon der Werbeagentur weitergeleitet, damit auch zuk\u00fcnftige Kunden anrufen k\u00f6nnen.<\/li>\n<li><strong>Ein Hotel nahe der d\u00e4nisch-deutschen Grenze<\/strong> nutzt unsere 2-Wege-L\u00f6sung f\u00fcr die Kommunikation mit zuk\u00fcnftigen und bisherigen Kunden. Da es sowohl D\u00e4nen als auch Deutsche unter den G\u00e4sten gibt, sollte die 2-Wege-L\u00f6sung nat\u00fcrlich sowohl eine d\u00e4nische als auch eine deutsche Handynummer haben.<\/li>\n<\/ul>\n\t\t<h3><a href=\"http:\/\/suresms.com\/de\/docs\/\" target=\"_self\">Besuche unsere Handbuch-Website<\/a><\/h3>\n\t\t\t\t<a href=\"http:\/\/suresms.com\/de\/docs\/\" target=\"_self\" itemprop=\"url\">\n\t\t\t\t<img loading=\"lazy\" decoding=\"async\" src=\"https:\/\/suresms.com\/wp-content\/uploads\/2016\/03\/Manual-400x250-px1.jpg\" alt=\"Handbuch Website suresms\" itemprop=\"image\" height=\"250\" width=\"400\" title=\"Handbuch 400x250 px\" onerror=\"this.style.display='none'\"  \/>\n\t\t\t\t<\/a>\n<p>Um unseren Kunden zu helfen, haben wir alle Anleitungen und Beschreibungen auf suresms.com\/docs gesammelt. Hier erf\u00e4hrst du, wie unser Gateway funktioniert und erh\u00e4ltst einfache, benutzerfreundliche Anleitungen f\u00fcr die vielen Funktionen.<\/p>\n\t\t<h3><a href=\"http:\/\/developer.suresms.com\/\" target=\"_self\">developer.suresms.com<\/a><\/h3>\n\t\t\t\t<a href=\"http:\/\/developer.suresms.com\/\" target=\"_self\" itemprop=\"url\">\n\t\t\t\t<img loading=\"lazy\" decoding=\"async\" src=\"https:\/\/suresms.com\/wp-content\/uploads\/2016\/03\/developer-400x250-px.jpg\" alt=\"Entwickler suresms Website f\u00fcr Entwickler\" itemprop=\"image\" height=\"250\" width=\"400\" title=\"Entwickler 400x250 px\" onerror=\"this.style.display='none'\"  \/>\n\t\t\t\t<\/a>\nSureSMS ist von Entwicklern f\u00fcr Entwickler gemacht!<br \/>\nAuf developer.suresms.com haben wir Dokumentationen und Codebeispiele zusammengestellt, die es dir leicht machen, unser Gateway in dein System zu integrieren.\n\t\t<h3><a href=\"https:\/\/www.youtube.com\/channel\/UC1XGC5rl9mI9ndtBVn8yq7g\" target=\"_self\">Schau dir unsere Lehrvideos an!<\/a><\/h3>\n\t\t\t\t<a href=\"https:\/\/www.youtube.com\/channel\/UC1XGC5rl9mI9ndtBVn8yq7g\" target=\"_self\" itemprop=\"url\">\n\t\t\t\t<img loading=\"lazy\" decoding=\"async\" src=\"https:\/\/suresms.com\/wp-content\/uploads\/2016\/03\/you-tube400x250px.jpg\" alt=\"suresms sms gateway you tube videos\" itemprop=\"image\" height=\"250\" width=\"400\" title=\"you tube 400x250px\" onerror=\"this.style.display='none'\"  \/>\n\t\t\t\t<\/a>\n<p>Willst du eine neue Funktion einf\u00fchren? Oder m\u00f6chtest du einfach nur ein bisschen mehr dar\u00fcber wissen, wie unser Gateway funktioniert? Auf Youtube haben wir unsere Anleitungsvideos gesammelt. Es kann losgehen!<\/p>","protected":false},"excerpt":{"rendered":"<p>\u00dcberwachung Der Versand von SMS-Nachrichten hat f\u00fcr uns oberste Priorit\u00e4t. Wenn du einen SMS-Dienst anbietest, ist die \u00dcberwachung der Systeme das A und O, um eine ordnungsgem\u00e4\u00dfe Betriebszeit zu gew\u00e4hrleisten und sicherzustellen, dass die Nachrichten tats\u00e4chlich gesendet und an die Kunden zugestellt werden. Es gibt zu viele Dinge, die beim Versenden einer SMS schief gehen k\u00f6nnen... <a title=\"\u00dcberwachung\" class=\"read-more\" href=\"https:\/\/suresms.com\/de\/om-suresms\/overvagning\/\" aria-label=\"Mehr Informationen \u00fcber Overv\u00e5gning\">Mehr lesen<\/a><\/p>","protected":false},"author":1,"featured_media":0,"parent":18594,"menu_order":16,"comment_status":"closed","ping_status":"closed","template":"","meta":{"_fl_builder_enabled":"1","_fl_builder_data":null,"_fl_builder_draft":null,"_fl_builder_data_settings":null,"_fl_builder_css":"","_fl_builder_css_version":"","_fl_builder_js":"","footnotes":""},"categories":[],"tags":[],"class_list":["post-1449","page","type-page","status-publish"],"yoast_head":"<!-- This site is optimized with the Yoast SEO Premium plugin v27.3 (Yoast SEO v27.3) - https:\/\/yoast.com\/product\/yoast-seo-premium-wordpress\/ -->\r\n<title>SMS Overv\u00e5gning | Fuld overv\u00e5gning og altid vagt 24\/7 \u2713<\/title>\r\n<meta name=\"description\" content=\"Overv\u00e5gning af servere og alle danske operat\u00f8rer 24 \/7 . Altid teknikere p\u00e5 vagt. Vi garanterer optimal kvalitet &amp; levering . H\u00f8j oppetid p\u00e5 99,9 %.\" \/>\r\n<meta name=\"robots\" content=\"index, follow, max-snippet:-1, max-image-preview:large, max-video-preview:-1\" \/>\r\n<link rel=\"canonical\" href=\"https:\/\/suresms.com\/de\/uber-suresms\/uberwachung\/\" \/>\r\n<meta property=\"og:locale\" content=\"de_DE\" \/>\r\n<meta property=\"og:type\" content=\"article\" \/>\r\n<meta property=\"og:title\" content=\"Overv\u00e5gning\" \/>\r\n<meta property=\"og:description\" content=\"Overv\u00e5gning af servere og alle danske operat\u00f8rer 24 \/7 . Altid teknikere p\u00e5 vagt. Vi garanterer optimal kvalitet &amp; levering . H\u00f8j oppetid p\u00e5 99,9 %.\" \/>\r\n<meta property=\"og:url\" content=\"https:\/\/suresms.com\/de\/uber-suresms\/uberwachung\/\" \/>\r\n<meta property=\"article:publisher\" content=\"https:\/\/www.facebook.com\/p\/SureSMS-100044607956149\/\" \/>\r\n<meta property=\"article:modified_time\" content=\"2025-01-10T11:01:15+00:00\" \/>\r\n<meta property=\"og:image\" content=\"https:\/\/suresms.com\/wp-content\/uploads\/2016\/03\/Manual-400x250-px1.jpg\" \/>\r\n<meta name=\"twitter:card\" content=\"summary_large_image\" \/>\r\n<meta name=\"twitter:label1\" content=\"Gesch\u00e4tzte Lesezeit\" \/>\n\t<meta name=\"twitter:data1\" content=\"3\u00a0Minuten\" \/>\r\n<script type=\"application\/ld+json\" class=\"yoast-schema-graph\">{\"@context\":\"https:\\\/\\\/schema.org\",\"@graph\":[{\"@type\":\"WebPage\",\"@id\":\"https:\\\/\\\/suresms.com\\\/dk\\\/om-suresms\\\/overvagning\\\/\",\"url\":\"https:\\\/\\\/suresms.com\\\/dk\\\/om-suresms\\\/overvagning\\\/\",\"name\":\"SMS Overv\u00e5gning | Fuld overv\u00e5gning og altid vagt 24\\\/7 \u2713\",\"isPartOf\":{\"@id\":\"https:\\\/\\\/suresms.com\\\/en\\\/#website\"},\"primaryImageOfPage\":{\"@id\":\"https:\\\/\\\/suresms.com\\\/dk\\\/om-suresms\\\/overvagning\\\/#primaryimage\"},\"image\":{\"@id\":\"https:\\\/\\\/suresms.com\\\/dk\\\/om-suresms\\\/overvagning\\\/#primaryimage\"},\"thumbnailUrl\":\"https:\\\/\\\/suresms.com\\\/wp-content\\\/uploads\\\/2016\\\/03\\\/Manual-400x250-px1.jpg\",\"datePublished\":\"2015-12-14T14:52:32+00:00\",\"dateModified\":\"2025-01-10T11:01:15+00:00\",\"description\":\"Overv\u00e5gning af servere og alle danske operat\u00f8rer 24 \\\/7 . Altid teknikere p\u00e5 vagt. Vi garanterer optimal kvalitet & levering . H\u00f8j oppetid p\u00e5 99,9 %.\",\"breadcrumb\":{\"@id\":\"https:\\\/\\\/suresms.com\\\/dk\\\/om-suresms\\\/overvagning\\\/#breadcrumb\"},\"inLanguage\":\"de\",\"potentialAction\":[{\"@type\":\"ReadAction\",\"target\":[\"https:\\\/\\\/suresms.com\\\/dk\\\/om-suresms\\\/overvagning\\\/\"]}]},{\"@type\":\"ImageObject\",\"inLanguage\":\"de\",\"@id\":\"https:\\\/\\\/suresms.com\\\/dk\\\/om-suresms\\\/overvagning\\\/#primaryimage\",\"url\":\"https:\\\/\\\/suresms.com\\\/wp-content\\\/uploads\\\/2016\\\/03\\\/Manual-400x250-px1.jpg\",\"contentUrl\":\"https:\\\/\\\/suresms.com\\\/wp-content\\\/uploads\\\/2016\\\/03\\\/Manual-400x250-px1.jpg\"},{\"@type\":\"BreadcrumbList\",\"@id\":\"https:\\\/\\\/suresms.com\\\/dk\\\/om-suresms\\\/overvagning\\\/#breadcrumb\",\"itemListElement\":[{\"@type\":\"ListItem\",\"position\":1,\"name\":\"Home\",\"item\":\"https:\\\/\\\/suresms.com\\\/dk\\\/\"},{\"@type\":\"ListItem\",\"position\":2,\"name\":\"Om SureSMS\",\"item\":\"https:\\\/\\\/suresms.com\\\/dk\\\/om-suresms\\\/\"},{\"@type\":\"ListItem\",\"position\":3,\"name\":\"Overv\u00e5gning\"}]},{\"@type\":\"WebSite\",\"@id\":\"https:\\\/\\\/suresms.com\\\/en\\\/#website\",\"url\":\"https:\\\/\\\/suresms.com\\\/en\\\/\",\"name\":\"SureSMS\",\"description\":\"Professionel SMS Gateway\",\"publisher\":{\"@id\":\"https:\\\/\\\/suresms.com\\\/en\\\/#organization\"},\"potentialAction\":[{\"@type\":\"SearchAction\",\"target\":{\"@type\":\"EntryPoint\",\"urlTemplate\":\"https:\\\/\\\/suresms.com\\\/en\\\/?s={search_term_string}\"},\"query-input\":{\"@type\":\"PropertyValueSpecification\",\"valueRequired\":true,\"valueName\":\"search_term_string\"}}],\"inLanguage\":\"de\"},{\"@type\":\"Organization\",\"@id\":\"https:\\\/\\\/suresms.com\\\/en\\\/#organization\",\"name\":\"SureSMS\",\"url\":\"https:\\\/\\\/suresms.com\\\/en\\\/\",\"logo\":{\"@type\":\"ImageObject\",\"inLanguage\":\"de\",\"@id\":\"https:\\\/\\\/suresms.com\\\/en\\\/#\\\/schema\\\/logo\\\/image\\\/\",\"url\":\"https:\\\/\\\/suresms.com\\\/wp-content\\\/uploads\\\/2024\\\/11\\\/suresms-300x65-1.png\",\"contentUrl\":\"https:\\\/\\\/suresms.com\\\/wp-content\\\/uploads\\\/2024\\\/11\\\/suresms-300x65-1.png\",\"width\":300,\"height\":65,\"caption\":\"SureSMS\"},\"image\":{\"@id\":\"https:\\\/\\\/suresms.com\\\/en\\\/#\\\/schema\\\/logo\\\/image\\\/\"},\"sameAs\":[\"https:\\\/\\\/www.facebook.com\\\/p\\\/SureSMS-100044607956149\\\/\"]}]}<\/script>\r\n<!-- \/ Yoast SEO Premium plugin. -->","yoast_head_json":{"title":"SMS \u00dcberwachung | Volle \u00dcberwachung und immer auf Abruf 24\/7 \u2713","description":"\u00dcberwachung der Server und aller d\u00e4nischen Betreiber 24\/7. Immer Techniker im Dienst. Wir garantieren optimale Qualit\u00e4t und Lieferung. 99,9 % hohe Betriebszeit.","robots":{"index":"index","follow":"follow","max-snippet":"max-snippet:-1","max-image-preview":"max-image-preview:large","max-video-preview":"max-video-preview:-1"},"canonical":"https:\/\/suresms.com\/de\/uber-suresms\/uberwachung\/","og_locale":"de_DE","og_type":"article","og_title":"Overv\u00e5gning","og_description":"Overv\u00e5gning af servere og alle danske operat\u00f8rer 24 \/7 . Altid teknikere p\u00e5 vagt. Vi garanterer optimal kvalitet & levering . H\u00f8j oppetid p\u00e5 99,9 %.","og_url":"https:\/\/suresms.com\/de\/uber-suresms\/uberwachung\/","article_publisher":"https:\/\/www.facebook.com\/p\/SureSMS-100044607956149\/","article_modified_time":"2025-01-10T11:01:15+00:00","og_image":[{"url":"https:\/\/suresms.com\/wp-content\/uploads\/2016\/03\/Manual-400x250-px1.jpg","type":"","width":"","height":""}],"twitter_card":"summary_large_image","twitter_misc":{"Gesch\u00e4tzte Lesezeit":"3\u00a0Minuten"},"schema":{"@context":"https:\/\/schema.org","@graph":[{"@type":"WebPage","@id":"https:\/\/suresms.com\/dk\/om-suresms\/overvagning\/","url":"https:\/\/suresms.com\/dk\/om-suresms\/overvagning\/","name":"SMS \u00dcberwachung | Volle \u00dcberwachung und immer auf Abruf 24\/7 \u2713","isPartOf":{"@id":"https:\/\/suresms.com\/en\/#website"},"primaryImageOfPage":{"@id":"https:\/\/suresms.com\/dk\/om-suresms\/overvagning\/#primaryimage"},"image":{"@id":"https:\/\/suresms.com\/dk\/om-suresms\/overvagning\/#primaryimage"},"thumbnailUrl":"https:\/\/suresms.com\/wp-content\/uploads\/2016\/03\/Manual-400x250-px1.jpg","datePublished":"2015-12-14T14:52:32+00:00","dateModified":"2025-01-10T11:01:15+00:00","description":"\u00dcberwachung der Server und aller d\u00e4nischen Betreiber 24\/7. Immer Techniker im Dienst. Wir garantieren optimale Qualit\u00e4t und Lieferung. 99,9 % hohe Betriebszeit.","breadcrumb":{"@id":"https:\/\/suresms.com\/dk\/om-suresms\/overvagning\/#breadcrumb"},"inLanguage":"de","potentialAction":[{"@type":"ReadAction","target":["https:\/\/suresms.com\/dk\/om-suresms\/overvagning\/"]}]},{"@type":"ImageObject","inLanguage":"de","@id":"https:\/\/suresms.com\/dk\/om-suresms\/overvagning\/#primaryimage","url":"https:\/\/suresms.com\/wp-content\/uploads\/2016\/03\/Manual-400x250-px1.jpg","contentUrl":"https:\/\/suresms.com\/wp-content\/uploads\/2016\/03\/Manual-400x250-px1.jpg"},{"@type":"BreadcrumbList","@id":"https:\/\/suresms.com\/dk\/om-suresms\/overvagning\/#breadcrumb","itemListElement":[{"@type":"ListItem","position":1,"name":"Home","item":"https:\/\/suresms.com\/dk\/"},{"@type":"ListItem","position":2,"name":"Om SureSMS","item":"https:\/\/suresms.com\/dk\/om-suresms\/"},{"@type":"ListItem","position":3,"name":"Overv\u00e5gning"}]},{"@type":"WebSite","@id":"https:\/\/suresms.com\/en\/#website","url":"https:\/\/suresms.com\/en\/","name":"SureSMS","description":"Professioneller SMS-Gateway","publisher":{"@id":"https:\/\/suresms.com\/en\/#organization"},"potentialAction":[{"@type":"SearchAction","target":{"@type":"EntryPoint","urlTemplate":"https:\/\/suresms.com\/en\/?s={search_term_string}"},"query-input":{"@type":"PropertyValueSpecification","valueRequired":true,"valueName":"search_term_string"}}],"inLanguage":"de"},{"@type":"Organization","@id":"https:\/\/suresms.com\/en\/#organization","name":"SureSMS","url":"https:\/\/suresms.com\/en\/","logo":{"@type":"ImageObject","inLanguage":"de","@id":"https:\/\/suresms.com\/en\/#\/schema\/logo\/image\/","url":"https:\/\/suresms.com\/wp-content\/uploads\/2024\/11\/suresms-300x65-1.png","contentUrl":"https:\/\/suresms.com\/wp-content\/uploads\/2024\/11\/suresms-300x65-1.png","width":300,"height":65,"caption":"SureSMS"},"image":{"@id":"https:\/\/suresms.com\/en\/#\/schema\/logo\/image\/"},"sameAs":["https:\/\/www.facebook.com\/p\/SureSMS-100044607956149\/"]}]}},"_links":{"self":[{"href":"https:\/\/suresms.com\/de\/wp-json\/wp\/v2\/pages\/1449","targetHints":{"allow":["GET"]}}],"collection":[{"href":"https:\/\/suresms.com\/de\/wp-json\/wp\/v2\/pages"}],"about":[{"href":"https:\/\/suresms.com\/de\/wp-json\/wp\/v2\/types\/page"}],"author":[{"embeddable":true,"href":"https:\/\/suresms.com\/de\/wp-json\/wp\/v2\/users\/1"}],"replies":[{"embeddable":true,"href":"https:\/\/suresms.com\/de\/wp-json\/wp\/v2\/comments?post=1449"}],"version-history":[{"count":7,"href":"https:\/\/suresms.com\/de\/wp-json\/wp\/v2\/pages\/1449\/revisions"}],"predecessor-version":[{"id":21406,"href":"https:\/\/suresms.com\/de\/wp-json\/wp\/v2\/pages\/1449\/revisions\/21406"}],"up":[{"embeddable":true,"href":"https:\/\/suresms.com\/de\/wp-json\/wp\/v2\/pages\/18594"}],"wp:attachment":[{"href":"https:\/\/suresms.com\/de\/wp-json\/wp\/v2\/media?parent=1449"}],"wp:term":[{"taxonomy":"category","embeddable":true,"href":"https:\/\/suresms.com\/de\/wp-json\/wp\/v2\/categories?post=1449"},{"taxonomy":"post_tag","embeddable":true,"href":"https:\/\/suresms.com\/de\/wp-json\/wp\/v2\/tags?post=1449"}],"curies":[{"name":"wp","href":"https:\/\/api.w.org\/{rel}","templated":true}]}}