{"id":1443,"date":"2015-12-14T16:47:20","date_gmt":"2015-12-14T14:47:20","guid":{"rendered":"https:\/\/www.suresms.com\/dk\/?page_id=1443"},"modified":"2024-11-29T17:26:58","modified_gmt":"2024-11-29T17:26:58","slug":"sicherheit","status":"publish","type":"page","link":"https:\/\/suresms.com\/de\/om-suresms\/sikkerhed\/","title":{"rendered":"Sicherheit und Schutz"},"content":{"rendered":"<!-- Flexy Breadcrumb -->\r\n\t\t\t<div class=\"fbc fbc-page\">\r\n\r\n\t\t\t\t<!-- Breadcrumb wrapper -->\r\n\t\t\t\t<div class=\"fbc-wrap\">\r\n\r\n\t\t\t\t\t<!-- Ordered list-->\r\n\t\t\t\t\t<ol class=\"fbc-items\" itemscope itemtype=\"https:\/\/schema.org\/BreadcrumbList\">\r\n\t\t\t\t\t\t            <li itemprop=\"itemListElement\" itemscope itemtype=\"https:\/\/schema.org\/ListItem\">\r\n                <span itemprop=\"name\">\r\n                    <!-- Home Link -->\r\n                    <a itemprop=\"item\" href=\"https:\/\/suresms.com\/de\/\">\r\n                    \r\n                                                    <i class=\"fa fa-home\" aria-hidden=\"true\"><\/i>Zuhause                    <\/a>\r\n                <\/span>\r\n                <meta itemprop=\"position\" content=\"1\" \/><!-- Meta Position-->\r\n             <\/li><li><span class=\"fbc-separator\">\/<\/span><\/li><li class=\"active\" itemprop=\"itemListElement\" itemscope itemtype=\"https:\/\/schema.org\/ListItem\"><span itemprop=\"name\" title=\"Sicherheit und Schutz\">Sicherheit und Schutz<\/span><meta itemprop=\"position\" content=\"2\" \/><\/li>\t\t\t\t\t<\/ol>\r\n\t\t\t\t\t<div class=\"clearfix\"><\/div>\r\n\t\t\t\t<\/div>\r\n\t\t\t<\/div>\r\n\t\t\t\n<h1>\n\t\tSicherheit und Schutz\n\t<\/h1>\n\t<p>... ist das Wichtigste f\u00fcr uns. Die Sicherheit daf\u00fcr:<\/p>\n<ul>\n<li>...deine SMS-Nachrichten zugestellt werden.<\/li>\n<li>... niemand sonst deine Textnachrichten sehen kann.<\/li>\n<li>...k\u00f6nnen andere keine SMS in deinem Namen versenden.<\/li>\n<\/ul>\n\t\t<h2>\t\n\tZugang zu Daten<\/h2><p>Nur unsere d\u00e4nischen autorisierten und zur Vertraulichkeit verpflichteten Mitarbeiter, die bei SureSMS angestellt sind, haben Zugang zu deinen Daten.<\/p>\n\t\t<h2>\t\n\tBackup<\/h2><p>Wir sichern kontinuierlich alle Daten, um sicherzustellen, dass sie nicht verloren gehen. Die Backups werden an verschiedenen Orten gespeichert und die Wiederherstellungszeit wird auf 2 Stunden gepr\u00fcft.<\/p>\n\t\t<h2>\t\n\tAutomatische L\u00f6schung<\/h2><p>Wir bieten an, Nachrichten systematisch zu l\u00f6schen, wenn unsere Kunden dies w\u00fcnschen. Zum Beispiel, wenn die Nachrichten sensible pers\u00f6nliche Informationen enthalten. Dies kann direkt in unserem WEB-Portal eingerichtet werden.<\/p>\n\t\t<h2>\t\n\tVerschl\u00fcsselung<\/h2><p>Die gesamte Kommunikation zu und von SureSMS wird mit der neuesten Technologie verschl\u00fcsselt. Das bedeutet, dass die \u00dcbertragung immer sicher ist. Die bei SureSMS gespeicherten Daten sind ebenfalls verschl\u00fcsselt.<\/p>\n\t\t<h2><a href=\"https:\/\/suresms.com\/de\/uber-suresms\/uberwachung\/\" target=\"_self\">\t\n\t\u00dcberwachung<\/a><\/h2><p>Systeme, die ein Auge auf Systeme haben. Wir \u00fcberwachen Lieferqualit\u00e4t, Liefergeschwindigkeit, Betriebszeit, Verf\u00fcgbarkeit und vieles mehr.<\/p>\n\t\t<h2>\t\n\tBetriebszeit<\/h2><p>Wir garantieren eine Betriebszeit von 99,99%, aber im letzten Jahr lag sie bei 99,998%.<\/p>","protected":false},"excerpt":{"rendered":"<p>Sicherheit ... ist f\u00fcr uns das Wichtigste. Sicherheit, dass: ... deine SMS-Nachrichten zugestellt werden. ... niemand sonst deine SMS-Nachrichten sehen kann. ... niemand sonst SMS-Nachrichten in deinem Namen versenden kann. Zugang zu den Daten Nur unsere d\u00e4nischen autorisierten und zur Vertraulichkeit verpflichteten Mitarbeiter, die bei SureSMS angestellt sind, haben Zugang zu ... <a title=\"Sicherheit und Schutz\" class=\"read-more\" href=\"https:\/\/suresms.com\/de\/om-suresms\/sikkerhed\/\" aria-label=\"Mehr Informationen \u00fcber Sicherheit\">Mehr lesen<\/a><\/p>","protected":false},"author":1,"featured_media":0,"parent":18594,"menu_order":13,"comment_status":"closed","ping_status":"closed","template":"","meta":{"_fl_builder_enabled":"1","_fl_builder_data":null,"_fl_builder_draft":null,"_fl_builder_data_settings":null,"_fl_builder_css":"","_fl_builder_css_version":"","_fl_builder_js":"","footnotes":""},"categories":[],"tags":[],"class_list":["post-1443","page","type-page","status-publish"],"yoast_head":"<!-- This site is optimized with the Yoast SEO Premium plugin v27.3 (Yoast SEO v27.3) - https:\/\/yoast.com\/product\/yoast-seo-premium-wordpress\/ -->\r\n<title>Vi g\u00f8r alt for at dine beskeder n\u00e5r frem. L\u00e6s alt om sikkerhed her.<\/title>\r\n<meta name=\"description\" content=\"Hos SureSMS er sikkerhed det vigtigste: Datasikkerhed: De allerbedste leverand\u00f8rer, SSL-kryptering af data, Co-locatede servere flere steder p\u00e5 Sj\u00e6lland.\" \/>\r\n<meta name=\"robots\" content=\"index, follow, max-snippet:-1, max-image-preview:large, max-video-preview:-1\" \/>\r\n<link rel=\"canonical\" href=\"https:\/\/suresms.com\/de\/uber-suresms\/sicherheit\/\" \/>\r\n<meta property=\"og:locale\" content=\"de_DE\" \/>\r\n<meta property=\"og:type\" content=\"article\" \/>\r\n<meta property=\"og:title\" content=\"Sikkerhed\" \/>\r\n<meta property=\"og:description\" content=\"Hos SureSMS er sikkerhed det vigtigste: Datasikkerhed: De allerbedste leverand\u00f8rer, SSL-kryptering af data, Co-locatede servere flere steder p\u00e5 Sj\u00e6lland.\" \/>\r\n<meta property=\"og:url\" content=\"https:\/\/suresms.com\/de\/uber-suresms\/sicherheit\/\" \/>\r\n<meta property=\"article:publisher\" content=\"https:\/\/www.facebook.com\/p\/SureSMS-100044607956149\/\" \/>\r\n<meta property=\"article:modified_time\" content=\"2024-11-29T17:26:58+00:00\" \/>\r\n<meta name=\"twitter:card\" content=\"summary_large_image\" \/>\r\n<meta name=\"twitter:label1\" content=\"Gesch\u00e4tzte Lesezeit\" \/>\n\t<meta name=\"twitter:data1\" content=\"1\u00a0Minute\" \/>\r\n<script type=\"application\/ld+json\" class=\"yoast-schema-graph\">{\"@context\":\"https:\\\/\\\/schema.org\",\"@graph\":[{\"@type\":\"WebPage\",\"@id\":\"https:\\\/\\\/suresms.com\\\/dk\\\/om-suresms\\\/sikkerhed\\\/\",\"url\":\"https:\\\/\\\/suresms.com\\\/dk\\\/om-suresms\\\/sikkerhed\\\/\",\"name\":\"Vi g\u00f8r alt for at dine beskeder n\u00e5r frem. L\u00e6s alt om sikkerhed her.\",\"isPartOf\":{\"@id\":\"https:\\\/\\\/suresms.com\\\/en\\\/#website\"},\"datePublished\":\"2015-12-14T14:47:20+00:00\",\"dateModified\":\"2024-11-29T17:26:58+00:00\",\"description\":\"Hos SureSMS er sikkerhed det vigtigste: Datasikkerhed: De allerbedste leverand\u00f8rer, SSL-kryptering af data, Co-locatede servere flere steder p\u00e5 Sj\u00e6lland.\",\"breadcrumb\":{\"@id\":\"https:\\\/\\\/suresms.com\\\/dk\\\/om-suresms\\\/sikkerhed\\\/#breadcrumb\"},\"inLanguage\":\"de\",\"potentialAction\":[{\"@type\":\"ReadAction\",\"target\":[\"https:\\\/\\\/suresms.com\\\/dk\\\/om-suresms\\\/sikkerhed\\\/\"]}]},{\"@type\":\"BreadcrumbList\",\"@id\":\"https:\\\/\\\/suresms.com\\\/dk\\\/om-suresms\\\/sikkerhed\\\/#breadcrumb\",\"itemListElement\":[{\"@type\":\"ListItem\",\"position\":1,\"name\":\"Home\",\"item\":\"https:\\\/\\\/suresms.com\\\/dk\\\/\"},{\"@type\":\"ListItem\",\"position\":2,\"name\":\"Om SureSMS\",\"item\":\"https:\\\/\\\/suresms.com\\\/dk\\\/om-suresms\\\/\"},{\"@type\":\"ListItem\",\"position\":3,\"name\":\"Sikkerhed\"}]},{\"@type\":\"WebSite\",\"@id\":\"https:\\\/\\\/suresms.com\\\/en\\\/#website\",\"url\":\"https:\\\/\\\/suresms.com\\\/en\\\/\",\"name\":\"SureSMS\",\"description\":\"Professionel SMS Gateway\",\"publisher\":{\"@id\":\"https:\\\/\\\/suresms.com\\\/en\\\/#organization\"},\"potentialAction\":[{\"@type\":\"SearchAction\",\"target\":{\"@type\":\"EntryPoint\",\"urlTemplate\":\"https:\\\/\\\/suresms.com\\\/en\\\/?s={search_term_string}\"},\"query-input\":{\"@type\":\"PropertyValueSpecification\",\"valueRequired\":true,\"valueName\":\"search_term_string\"}}],\"inLanguage\":\"de\"},{\"@type\":\"Organization\",\"@id\":\"https:\\\/\\\/suresms.com\\\/en\\\/#organization\",\"name\":\"SureSMS\",\"url\":\"https:\\\/\\\/suresms.com\\\/en\\\/\",\"logo\":{\"@type\":\"ImageObject\",\"inLanguage\":\"de\",\"@id\":\"https:\\\/\\\/suresms.com\\\/en\\\/#\\\/schema\\\/logo\\\/image\\\/\",\"url\":\"https:\\\/\\\/suresms.com\\\/wp-content\\\/uploads\\\/2024\\\/11\\\/suresms-300x65-1.png\",\"contentUrl\":\"https:\\\/\\\/suresms.com\\\/wp-content\\\/uploads\\\/2024\\\/11\\\/suresms-300x65-1.png\",\"width\":300,\"height\":65,\"caption\":\"SureSMS\"},\"image\":{\"@id\":\"https:\\\/\\\/suresms.com\\\/en\\\/#\\\/schema\\\/logo\\\/image\\\/\"},\"sameAs\":[\"https:\\\/\\\/www.facebook.com\\\/p\\\/SureSMS-100044607956149\\\/\"]}]}<\/script>\r\n<!-- \/ Yoast SEO Premium plugin. -->","yoast_head_json":{"title":"Wir tun alles, was wir k\u00f6nnen, um sicherzustellen, dass deine Nachrichten ankommen. Lies hier alles \u00fcber Sicherheit.","description":"Bei SureSMS ist die Sicherheit das Wichtigste: Datensicherheit: Die allerbesten Anbieter, SSL-Verschl\u00fcsselung der Daten, Co-located Server an mehreren Standorten auf Seeland.","robots":{"index":"index","follow":"follow","max-snippet":"max-snippet:-1","max-image-preview":"max-image-preview:large","max-video-preview":"max-video-preview:-1"},"canonical":"https:\/\/suresms.com\/de\/uber-suresms\/sicherheit\/","og_locale":"de_DE","og_type":"article","og_title":"Sikkerhed","og_description":"Hos SureSMS er sikkerhed det vigtigste: Datasikkerhed: De allerbedste leverand\u00f8rer, SSL-kryptering af data, Co-locatede servere flere steder p\u00e5 Sj\u00e6lland.","og_url":"https:\/\/suresms.com\/de\/uber-suresms\/sicherheit\/","article_publisher":"https:\/\/www.facebook.com\/p\/SureSMS-100044607956149\/","article_modified_time":"2024-11-29T17:26:58+00:00","twitter_card":"summary_large_image","twitter_misc":{"Gesch\u00e4tzte Lesezeit":"1\u00a0Minute"},"schema":{"@context":"https:\/\/schema.org","@graph":[{"@type":"WebPage","@id":"https:\/\/suresms.com\/dk\/om-suresms\/sikkerhed\/","url":"https:\/\/suresms.com\/dk\/om-suresms\/sikkerhed\/","name":"Wir tun alles, was wir k\u00f6nnen, um sicherzustellen, dass deine Nachrichten ankommen. Lies hier alles \u00fcber Sicherheit.","isPartOf":{"@id":"https:\/\/suresms.com\/en\/#website"},"datePublished":"2015-12-14T14:47:20+00:00","dateModified":"2024-11-29T17:26:58+00:00","description":"Bei SureSMS ist die Sicherheit das Wichtigste: Datensicherheit: Die allerbesten Anbieter, SSL-Verschl\u00fcsselung der Daten, Co-located Server an mehreren Standorten auf Seeland.","breadcrumb":{"@id":"https:\/\/suresms.com\/dk\/om-suresms\/sikkerhed\/#breadcrumb"},"inLanguage":"de","potentialAction":[{"@type":"ReadAction","target":["https:\/\/suresms.com\/dk\/om-suresms\/sikkerhed\/"]}]},{"@type":"BreadcrumbList","@id":"https:\/\/suresms.com\/dk\/om-suresms\/sikkerhed\/#breadcrumb","itemListElement":[{"@type":"ListItem","position":1,"name":"Home","item":"https:\/\/suresms.com\/dk\/"},{"@type":"ListItem","position":2,"name":"Om SureSMS","item":"https:\/\/suresms.com\/dk\/om-suresms\/"},{"@type":"ListItem","position":3,"name":"Sikkerhed"}]},{"@type":"WebSite","@id":"https:\/\/suresms.com\/en\/#website","url":"https:\/\/suresms.com\/en\/","name":"SureSMS","description":"Professioneller SMS-Gateway","publisher":{"@id":"https:\/\/suresms.com\/en\/#organization"},"potentialAction":[{"@type":"SearchAction","target":{"@type":"EntryPoint","urlTemplate":"https:\/\/suresms.com\/en\/?s={search_term_string}"},"query-input":{"@type":"PropertyValueSpecification","valueRequired":true,"valueName":"search_term_string"}}],"inLanguage":"de"},{"@type":"Organization","@id":"https:\/\/suresms.com\/en\/#organization","name":"SureSMS","url":"https:\/\/suresms.com\/en\/","logo":{"@type":"ImageObject","inLanguage":"de","@id":"https:\/\/suresms.com\/en\/#\/schema\/logo\/image\/","url":"https:\/\/suresms.com\/wp-content\/uploads\/2024\/11\/suresms-300x65-1.png","contentUrl":"https:\/\/suresms.com\/wp-content\/uploads\/2024\/11\/suresms-300x65-1.png","width":300,"height":65,"caption":"SureSMS"},"image":{"@id":"https:\/\/suresms.com\/en\/#\/schema\/logo\/image\/"},"sameAs":["https:\/\/www.facebook.com\/p\/SureSMS-100044607956149\/"]}]}},"_links":{"self":[{"href":"https:\/\/suresms.com\/de\/wp-json\/wp\/v2\/pages\/1443","targetHints":{"allow":["GET"]}}],"collection":[{"href":"https:\/\/suresms.com\/de\/wp-json\/wp\/v2\/pages"}],"about":[{"href":"https:\/\/suresms.com\/de\/wp-json\/wp\/v2\/types\/page"}],"author":[{"embeddable":true,"href":"https:\/\/suresms.com\/de\/wp-json\/wp\/v2\/users\/1"}],"replies":[{"embeddable":true,"href":"https:\/\/suresms.com\/de\/wp-json\/wp\/v2\/comments?post=1443"}],"version-history":[{"count":2,"href":"https:\/\/suresms.com\/de\/wp-json\/wp\/v2\/pages\/1443\/revisions"}],"predecessor-version":[{"id":19358,"href":"https:\/\/suresms.com\/de\/wp-json\/wp\/v2\/pages\/1443\/revisions\/19358"}],"up":[{"embeddable":true,"href":"https:\/\/suresms.com\/de\/wp-json\/wp\/v2\/pages\/18594"}],"wp:attachment":[{"href":"https:\/\/suresms.com\/de\/wp-json\/wp\/v2\/media?parent=1443"}],"wp:term":[{"taxonomy":"category","embeddable":true,"href":"https:\/\/suresms.com\/de\/wp-json\/wp\/v2\/categories?post=1443"},{"taxonomy":"post_tag","embeddable":true,"href":"https:\/\/suresms.com\/de\/wp-json\/wp\/v2\/tags?post=1443"}],"curies":[{"name":"wp","href":"https:\/\/api.w.org\/{rel}","templated":true}]}}