{"id":1437,"date":"2015-12-14T16:33:49","date_gmt":"2015-12-14T14:33:49","guid":{"rendered":"https:\/\/www.suresms.com\/dk\/?page_id=1437"},"modified":"2024-12-05T15:49:04","modified_gmt":"2024-12-05T15:49:04","slug":"vollstandige-protokollierung-und-uberwachung","status":"publish","type":"page","link":"https:\/\/suresms.com\/de\/funktioner\/komplet-log-og-monitorering\/","title":{"rendered":"Vollst\u00e4ndiges Protokoll und \u00dcberwachung"},"content":{"rendered":"<!-- Flexy Breadcrumb -->\r\n\t\t\t<div class=\"fbc fbc-page\">\r\n\r\n\t\t\t\t<!-- Breadcrumb wrapper -->\r\n\t\t\t\t<div class=\"fbc-wrap\">\r\n\r\n\t\t\t\t\t<!-- Ordered list-->\r\n\t\t\t\t\t<ol class=\"fbc-items\" itemscope itemtype=\"https:\/\/schema.org\/BreadcrumbList\">\r\n\t\t\t\t\t\t            <li itemprop=\"itemListElement\" itemscope itemtype=\"https:\/\/schema.org\/ListItem\">\r\n                <span itemprop=\"name\">\r\n                    <!-- Home Link -->\r\n                    <a itemprop=\"item\" href=\"https:\/\/suresms.com\/de\/\">\r\n                    \r\n                                                    <i class=\"fa fa-home\" aria-hidden=\"true\"><\/i>Zuhause                    <\/a>\r\n                <\/span>\r\n                <meta itemprop=\"position\" content=\"1\" \/><!-- Meta Position-->\r\n             <\/li><li><span class=\"fbc-separator\">\/<\/span><\/li><li class=\"active\" itemprop=\"itemListElement\" itemscope itemtype=\"https:\/\/schema.org\/ListItem\"><span itemprop=\"name\" title=\"Vollst\u00e4ndiges Protokoll und \u00dcberwachung\">Vollst\u00e4ndiges Protokoll und \u00dcberwachung<\/span><meta itemprop=\"position\" content=\"2\" \/><\/li>\t\t\t\t\t<\/ol>\r\n\t\t\t\t\t<div class=\"clearfix\"><\/div>\r\n\t\t\t\t<\/div>\r\n\t\t\t<\/div>\r\n\t\t\t\n<h1>\n\t\tSMS-Postausgang\n\t<\/h1>\n\t<p>Als SureSMS-Kunde loggst du dich in unser Webportal ein. Von hier aus kannst du alle von dir gesendeten Nachrichten einsehen (und empfangene, wenn du eine 2-Wege-L\u00f6sung hast).<\/p>\n<p>Du kannst den Status jeder Nachricht sehen. Mit Status meinen wir, dass du sehen kannst, wann die Nachricht auf unserem Server eingegangen ist, wann wir sie an den Betreiber gesendet haben und wann der Betreiber sie an das Telefon \u00fcbermittelt hat. Mit anderen Worten: Du kannst immer genau sehen, wie weit alle deine Nachrichten gereist sind.<\/p>\n<p>Du hast immer ein vollst\u00e4ndiges Protokoll dar\u00fcber, wie viele Nachrichten gesendet wurden und welchen Status sie haben.<\/p>\n\t<ul>\n\t\t<li>\t\t\t\t\n\t\t<h3>Alle gesendeten Nachrichten sehen<\/h3><p>Du hast immer einen \u00dcberblick dar\u00fcber, wie viele Nachrichten du verschickt hast, an wen und wie der Status jeder Nachricht ist. Ist sie geplant, in der Warteschlange, auf dem Weg, zugestellt oder ist die Zustellung fehlgeschlagen.\u00a0<\/p><\/li><li>\t\t\t\t\n\t\t<h3>Nach Status filtern<\/h3><p>Im Protokoll hast du auch die M\u00f6glichkeit, Meldungen nach ihrem Status zu filtern. Das bedeutet, dass du z.B. einen Filter erstellen kannst, der alle fehlgeschlagenen Nachrichten anzeigt. Du kannst sie dann \u00fcberpr\u00fcfen und sicherstellen, dass du die richtigen Nummern deiner Empf\u00e4nger hast.<\/p><\/li><li>\t\t\t\t\n\t\t<h3>Pr\u00fcfen, ob Links aktiviert sind<\/h3><p>Wenn du einen Link oder eine Datei in der SMS-Nachricht verschickt hast, kannst du sehen, ob und wann der Link ge\u00f6ffnet wurde. Du kannst auch die Nachrichten filtern, in denen der Link ge\u00f6ffnet wurde, zum Beispiel.\u00a0<\/p><\/li><li>\t\t\t\t\n\t\t<h3>Exportiere alle deine Nachrichten<\/h3><p>Wenn du mit deinen Nachrichten in einem anderen System weiterarbeiten m\u00f6chtest, kannst du einfach die Nachrichten ausw\u00e4hlen, mit denen du weiterarbeiten m\u00f6chtest, und sie z. B. nach Excel exportieren.\u00a0<\/p><\/li><li>\t\t\t\t\n\t\t<h3>Details zu jeder Nachricht<\/h3><p>Neben jeder Nachricht kannst du alle Details dazu sehen. Wie lang war sie, wie viel hat sie gekostet, wann haben wir sie erhalten, wann wurde sie an das Telefon geliefert und vieles mehr.\u00a0<\/p><\/li>\t<\/ul>\n\t\t<h4>Willst du sofort ein Konto erstellen? <\/h4>\n\t\t<p>Wir sind bereit und warten darauf, dich als SureSMS-Kunde zu begr\u00fc\u00dfen!<\/p>\n\t\t\t<a href=\"https:\/\/suresms.com\/de\/sms-gateway-konto-erstellen\/\" target=\"_self\">\n\t\t\t\t\t\t\tErstelle ein SureSMS-Konto!\n\t\t\t\t\t<\/a>\n\t\t<h4>Bestelle eine 2-Wege-L\u00f6sung!<\/h4>\n\t\t<p>Du hast bereits ein Konto? Bestelle eine 2-Wege-L\u00f6sung und erhalte die zus\u00e4tzlichen Optionen, die deine eigene L\u00f6sung bietet.<\/p>\n\t\t\t<a href=\"https:\/\/suresms.com\/de\/2-wege-entladung-bestellen\/\" target=\"_self\">\n\t\t\t\t\t\t\t2-Wege-L\u00f6sung bestellen\n\t\t\t\t\t<\/a>\n\t<h4><strong>Hier kannst du einige Beispiele lesen, wie unsere Kunden heute von unserem Log- und Berichtsmodul profitieren:<\/strong><\/h4>\n\n<ul> \t\n<li>Einer unserer Kunden ist <strong>SMS-Wiederverk\u00e4ufer<\/strong>. Jedes Quartal ruft er einen Auszug der Nachrichten ab, die seine Kunden \u00fcber unser Gateway verschickt haben. Er kann die SMS dann ganz einfach nach Absender sortieren und jedem Kunden eine Rechnung nach Verbrauch ausstellen. Das spart Verwaltungsaufwand.<\/li>\n\n<li><strong>Ein Autohaus<\/strong>Er nutzt unser Berichtsmodul jeden Monat, um einen Auszug dar\u00fcber zu erstellen, wie viele SMS-Nachrichten jeder seiner Verk\u00e4ufer verschickt hat. So kann er sehen, welche seiner Mitarbeiter am aktivsten sind, was den Kundenkontakt per SMS angeht. Je mehr aktive Verk\u00e4ufer, desto mehr Umsatz.<\/li>\n\n<li>Und viele unserer Kunden nutzen es, um zu \u00fcberpr\u00fcfen, ob die Anzahl der versendeten Nachrichten mit der Anzahl \u00fcbereinstimmt, die sie laut ihrem eigenen System versendet haben. Auf diese Weise k\u00f6nnen sie sicher sein, dass<strong> die Qualit\u00e4t ist gut<\/strong>.<\/li>\n<\/ul>","protected":false},"excerpt":{"rendered":"<p>SMS-Ausgang Als SureSMS-Kunde meldest du dich bei unserem Webportal an. Von hier aus kannst du alle gesendeten Nachrichten einsehen (und empfangene, wenn du eine 2-Wege-L\u00f6sung hast). Du kannst den Status jeder Nachricht sehen. Mit Status meinen wir, dass du sehen kannst, wann die Nachricht auf unserem Server eingegangen ist, ... <a title=\"Vollst\u00e4ndiges Protokoll und \u00dcberwachung\" class=\"read-more\" href=\"https:\/\/suresms.com\/de\/funktioner\/komplet-log-og-monitorering\/\" aria-label=\"Weitere Informationen zu Vollst\u00e4ndiges Protokoll und \u00dcberwachung\">Mehr lesen<\/a><\/p>","protected":false},"author":1,"featured_media":0,"parent":958,"menu_order":14,"comment_status":"closed","ping_status":"closed","template":"","meta":{"_fl_builder_enabled":"1","_fl_builder_data":null,"_fl_builder_draft":null,"_fl_builder_data_settings":null,"_fl_builder_css":"","_fl_builder_css_version":"","_fl_builder_js":"","footnotes":""},"categories":[17],"tags":[],"class_list":{"0":"post-1437","1":"page","2":"type-page","3":"status-publish","5":"category-linkfracornorstone"},"yoast_head":"<!-- This site is optimized with the Yoast SEO Premium plugin v27.3 (Yoast SEO v27.3) - https:\/\/yoast.com\/product\/yoast-seo-premium-wordpress\/ -->\r\n<title>SMS log | F\u00e5 styr p\u00e5 firmaets SMS med sms log fra SureSMS \u2713<\/title>\r\n<meta name=\"description\" content=\"F\u00e5 overblik over dine sendte beskeder hos SureSMS med SMS log, monitorering og overblik via vores rapporteringsmodul. Abonnement 0,-- Betal kun pr. SMS.\" \/>\r\n<meta name=\"robots\" content=\"index, follow, max-snippet:-1, max-image-preview:large, max-video-preview:-1\" \/>\r\n<link rel=\"canonical\" href=\"https:\/\/suresms.com\/de\/eigenschaften\/vollstandige-protokollierung-und-uberwachung\/\" \/>\r\n<meta property=\"og:locale\" content=\"de_DE\" \/>\r\n<meta property=\"og:type\" content=\"article\" \/>\r\n<meta property=\"og:title\" content=\"Komplet log og monitorering\" \/>\r\n<meta property=\"og:description\" content=\"F\u00e5 overblik over dine sendte beskeder hos SureSMS med SMS log, monitorering og overblik via vores rapporteringsmodul. Abonnement 0,-- Betal kun pr. SMS.\" \/>\r\n<meta property=\"og:url\" content=\"https:\/\/suresms.com\/de\/eigenschaften\/vollstandige-protokollierung-und-uberwachung\/\" \/>\r\n<meta property=\"article:publisher\" content=\"https:\/\/www.facebook.com\/p\/SureSMS-100044607956149\/\" \/>\r\n<meta property=\"article:modified_time\" content=\"2024-12-05T15:49:04+00:00\" \/>\r\n<meta name=\"twitter:card\" content=\"summary_large_image\" \/>\r\n<meta name=\"twitter:label1\" content=\"Gesch\u00e4tzte Lesezeit\" \/>\n\t<meta name=\"twitter:data1\" content=\"7\u00a0Minuten\" \/>\r\n<script type=\"application\/ld+json\" class=\"yoast-schema-graph\">{\"@context\":\"https:\\\/\\\/schema.org\",\"@graph\":[{\"@type\":\"WebPage\",\"@id\":\"https:\\\/\\\/suresms.com\\\/dk\\\/funktioner\\\/komplet-log-og-monitorering\\\/\",\"url\":\"https:\\\/\\\/suresms.com\\\/dk\\\/funktioner\\\/komplet-log-og-monitorering\\\/\",\"name\":\"SMS log | F\u00e5 styr p\u00e5 firmaets SMS med sms log fra SureSMS \u2713\",\"isPartOf\":{\"@id\":\"https:\\\/\\\/suresms.com\\\/en\\\/#website\"},\"datePublished\":\"2015-12-14T14:33:49+00:00\",\"dateModified\":\"2024-12-05T15:49:04+00:00\",\"description\":\"F\u00e5 overblik over dine sendte beskeder hos SureSMS med SMS log, monitorering og overblik via vores rapporteringsmodul. Abonnement 0,-- Betal kun pr. SMS.\",\"breadcrumb\":{\"@id\":\"https:\\\/\\\/suresms.com\\\/dk\\\/funktioner\\\/komplet-log-og-monitorering\\\/#breadcrumb\"},\"inLanguage\":\"de\",\"potentialAction\":[{\"@type\":\"ReadAction\",\"target\":[\"https:\\\/\\\/suresms.com\\\/dk\\\/funktioner\\\/komplet-log-og-monitorering\\\/\"]}]},{\"@type\":\"BreadcrumbList\",\"@id\":\"https:\\\/\\\/suresms.com\\\/dk\\\/funktioner\\\/komplet-log-og-monitorering\\\/#breadcrumb\",\"itemListElement\":[{\"@type\":\"ListItem\",\"position\":1,\"name\":\"Home\",\"item\":\"https:\\\/\\\/suresms.com\\\/dk\\\/\"},{\"@type\":\"ListItem\",\"position\":2,\"name\":\"Funktioner\",\"item\":\"https:\\\/\\\/suresms.com\\\/dk\\\/funktioner\\\/\"},{\"@type\":\"ListItem\",\"position\":3,\"name\":\"Komplet log og monitorering\"}]},{\"@type\":\"WebSite\",\"@id\":\"https:\\\/\\\/suresms.com\\\/en\\\/#website\",\"url\":\"https:\\\/\\\/suresms.com\\\/en\\\/\",\"name\":\"SureSMS\",\"description\":\"Professionel SMS Gateway\",\"publisher\":{\"@id\":\"https:\\\/\\\/suresms.com\\\/en\\\/#organization\"},\"potentialAction\":[{\"@type\":\"SearchAction\",\"target\":{\"@type\":\"EntryPoint\",\"urlTemplate\":\"https:\\\/\\\/suresms.com\\\/en\\\/?s={search_term_string}\"},\"query-input\":{\"@type\":\"PropertyValueSpecification\",\"valueRequired\":true,\"valueName\":\"search_term_string\"}}],\"inLanguage\":\"de\"},{\"@type\":\"Organization\",\"@id\":\"https:\\\/\\\/suresms.com\\\/en\\\/#organization\",\"name\":\"SureSMS\",\"url\":\"https:\\\/\\\/suresms.com\\\/en\\\/\",\"logo\":{\"@type\":\"ImageObject\",\"inLanguage\":\"de\",\"@id\":\"https:\\\/\\\/suresms.com\\\/en\\\/#\\\/schema\\\/logo\\\/image\\\/\",\"url\":\"https:\\\/\\\/suresms.com\\\/wp-content\\\/uploads\\\/2024\\\/11\\\/suresms-300x65-1.png\",\"contentUrl\":\"https:\\\/\\\/suresms.com\\\/wp-content\\\/uploads\\\/2024\\\/11\\\/suresms-300x65-1.png\",\"width\":300,\"height\":65,\"caption\":\"SureSMS\"},\"image\":{\"@id\":\"https:\\\/\\\/suresms.com\\\/en\\\/#\\\/schema\\\/logo\\\/image\\\/\"},\"sameAs\":[\"https:\\\/\\\/www.facebook.com\\\/p\\\/SureSMS-100044607956149\\\/\"]}]}<\/script>\r\n<!-- \/ Yoast SEO Premium plugin. -->","yoast_head_json":{"title":"SMS-Log | Behalte den \u00dcberblick \u00fcber Unternehmens-SMS mit dem SMS-Log von SureSMS \u2713 SureSMS","description":"Verschaffe dir einen \u00dcberblick \u00fcber deine gesendeten Nachrichten mit SureSMS mit SMS-Log, \u00dcberwachung und \u00dcbersicht \u00fcber unser Berichtsmodul. Abonnement 0,-- Bezahle nur pro SMS.","robots":{"index":"index","follow":"follow","max-snippet":"max-snippet:-1","max-image-preview":"max-image-preview:large","max-video-preview":"max-video-preview:-1"},"canonical":"https:\/\/suresms.com\/de\/eigenschaften\/vollstandige-protokollierung-und-uberwachung\/","og_locale":"de_DE","og_type":"article","og_title":"Komplet log og monitorering","og_description":"F\u00e5 overblik over dine sendte beskeder hos SureSMS med SMS log, monitorering og overblik via vores rapporteringsmodul. Abonnement 0,-- Betal kun pr. SMS.","og_url":"https:\/\/suresms.com\/de\/eigenschaften\/vollstandige-protokollierung-und-uberwachung\/","article_publisher":"https:\/\/www.facebook.com\/p\/SureSMS-100044607956149\/","article_modified_time":"2024-12-05T15:49:04+00:00","twitter_card":"summary_large_image","twitter_misc":{"Gesch\u00e4tzte Lesezeit":"7\u00a0Minuten"},"schema":{"@context":"https:\/\/schema.org","@graph":[{"@type":"WebPage","@id":"https:\/\/suresms.com\/dk\/funktioner\/komplet-log-og-monitorering\/","url":"https:\/\/suresms.com\/dk\/funktioner\/komplet-log-og-monitorering\/","name":"SMS-Log | Behalte den \u00dcberblick \u00fcber Unternehmens-SMS mit dem SMS-Log von SureSMS \u2713 SureSMS","isPartOf":{"@id":"https:\/\/suresms.com\/en\/#website"},"datePublished":"2015-12-14T14:33:49+00:00","dateModified":"2024-12-05T15:49:04+00:00","description":"Verschaffe dir einen \u00dcberblick \u00fcber deine gesendeten Nachrichten mit SureSMS mit SMS-Log, \u00dcberwachung und \u00dcbersicht \u00fcber unser Berichtsmodul. Abonnement 0,-- Bezahle nur pro SMS.","breadcrumb":{"@id":"https:\/\/suresms.com\/dk\/funktioner\/komplet-log-og-monitorering\/#breadcrumb"},"inLanguage":"de","potentialAction":[{"@type":"ReadAction","target":["https:\/\/suresms.com\/dk\/funktioner\/komplet-log-og-monitorering\/"]}]},{"@type":"BreadcrumbList","@id":"https:\/\/suresms.com\/dk\/funktioner\/komplet-log-og-monitorering\/#breadcrumb","itemListElement":[{"@type":"ListItem","position":1,"name":"Home","item":"https:\/\/suresms.com\/dk\/"},{"@type":"ListItem","position":2,"name":"Funktioner","item":"https:\/\/suresms.com\/dk\/funktioner\/"},{"@type":"ListItem","position":3,"name":"Komplet log og monitorering"}]},{"@type":"WebSite","@id":"https:\/\/suresms.com\/en\/#website","url":"https:\/\/suresms.com\/en\/","name":"SureSMS","description":"Professioneller SMS-Gateway","publisher":{"@id":"https:\/\/suresms.com\/en\/#organization"},"potentialAction":[{"@type":"SearchAction","target":{"@type":"EntryPoint","urlTemplate":"https:\/\/suresms.com\/en\/?s={search_term_string}"},"query-input":{"@type":"PropertyValueSpecification","valueRequired":true,"valueName":"search_term_string"}}],"inLanguage":"de"},{"@type":"Organization","@id":"https:\/\/suresms.com\/en\/#organization","name":"SureSMS","url":"https:\/\/suresms.com\/en\/","logo":{"@type":"ImageObject","inLanguage":"de","@id":"https:\/\/suresms.com\/en\/#\/schema\/logo\/image\/","url":"https:\/\/suresms.com\/wp-content\/uploads\/2024\/11\/suresms-300x65-1.png","contentUrl":"https:\/\/suresms.com\/wp-content\/uploads\/2024\/11\/suresms-300x65-1.png","width":300,"height":65,"caption":"SureSMS"},"image":{"@id":"https:\/\/suresms.com\/en\/#\/schema\/logo\/image\/"},"sameAs":["https:\/\/www.facebook.com\/p\/SureSMS-100044607956149\/"]}]}},"_links":{"self":[{"href":"https:\/\/suresms.com\/de\/wp-json\/wp\/v2\/pages\/1437","targetHints":{"allow":["GET"]}}],"collection":[{"href":"https:\/\/suresms.com\/de\/wp-json\/wp\/v2\/pages"}],"about":[{"href":"https:\/\/suresms.com\/de\/wp-json\/wp\/v2\/types\/page"}],"author":[{"embeddable":true,"href":"https:\/\/suresms.com\/de\/wp-json\/wp\/v2\/users\/1"}],"replies":[{"embeddable":true,"href":"https:\/\/suresms.com\/de\/wp-json\/wp\/v2\/comments?post=1437"}],"version-history":[{"count":1,"href":"https:\/\/suresms.com\/de\/wp-json\/wp\/v2\/pages\/1437\/revisions"}],"predecessor-version":[{"id":19453,"href":"https:\/\/suresms.com\/de\/wp-json\/wp\/v2\/pages\/1437\/revisions\/19453"}],"up":[{"embeddable":true,"href":"https:\/\/suresms.com\/de\/wp-json\/wp\/v2\/pages\/958"}],"wp:attachment":[{"href":"https:\/\/suresms.com\/de\/wp-json\/wp\/v2\/media?parent=1437"}],"wp:term":[{"taxonomy":"category","embeddable":true,"href":"https:\/\/suresms.com\/de\/wp-json\/wp\/v2\/categories?post=1437"},{"taxonomy":"post_tag","embeddable":true,"href":"https:\/\/suresms.com\/de\/wp-json\/wp\/v2\/tags?post=1437"}],"curies":[{"name":"wp","href":"https:\/\/api.w.org\/{rel}","templated":true}]}}