{"id":1426,"date":"2015-12-14T16:21:44","date_gmt":"2015-12-14T14:21:44","guid":{"rendered":"https:\/\/www.suresms.com\/dk\/?page_id=1426"},"modified":"2024-12-05T15:51:28","modified_gmt":"2024-12-05T15:51:28","slug":"web-anmeldeformular","status":"publish","type":"page","link":"https:\/\/suresms.com\/de\/funktioner\/web-tilmeldingsformular\/","title":{"rendered":"WEB-Anmeldeformular"},"content":{"rendered":"<!-- Flexy Breadcrumb -->\r\n\t\t\t<div class=\"fbc fbc-page\">\r\n\r\n\t\t\t\t<!-- Breadcrumb wrapper -->\r\n\t\t\t\t<div class=\"fbc-wrap\">\r\n\r\n\t\t\t\t\t<!-- Ordered list-->\r\n\t\t\t\t\t<ol class=\"fbc-items\" itemscope itemtype=\"https:\/\/schema.org\/BreadcrumbList\">\r\n\t\t\t\t\t\t            <li itemprop=\"itemListElement\" itemscope itemtype=\"https:\/\/schema.org\/ListItem\">\r\n                <span itemprop=\"name\">\r\n                    <!-- Home Link -->\r\n                    <a itemprop=\"item\" href=\"https:\/\/suresms.com\/de\/\">\r\n                    \r\n                                                    <i class=\"fa fa-home\" aria-hidden=\"true\"><\/i>Zuhause                    <\/a>\r\n                <\/span>\r\n                <meta itemprop=\"position\" content=\"1\" \/><!-- Meta Position-->\r\n             <\/li><li><span class=\"fbc-separator\">\/<\/span><\/li><li class=\"active\" itemprop=\"itemListElement\" itemscope itemtype=\"https:\/\/schema.org\/ListItem\"><span itemprop=\"name\" title=\"WEB-Anmeldeformular\">WEB-Anmeldeformular<\/span><meta itemprop=\"position\" content=\"2\" \/><\/li>\t\t\t\t\t<\/ol>\r\n\t\t\t\t\t<div class=\"clearfix\"><\/div>\r\n\t\t\t\t<\/div>\r\n\t\t\t<\/div>\r\n\t\t\t\n<h1>\n\t\tEinfache Anmeldelisten\n\t<\/h1>\n\t<p>Wenn du eine Gruppe in SureSMS erstellt hast, muss es auch Empf\u00e4nger in der Gruppe geben. Vielleicht hast du sie in einem anderen System und du kannst sie \u00fcber eine CSV-Datei einlesen. Vielleicht hast du sie auch auf Haftnotizen und musst sie abtippen. Aber es gibt einen einfacheren Weg.<\/p>\n<p>Wenn du das Men\u00fc Adressbuch - Gruppen aufrufst und die Gruppe ausw\u00e4hlst, siehst du unten auf dem Bildschirm, wie du Personen zu Gruppen hinzuf\u00fcgen kannst.<\/p>\n<p>Das kannst du per QR-Code, SMS, E-Mail und \u00fcber ein Webformular tun.<\/p>\n<p>\u00dcber diesen einfachen Link k\u00f6nnen sich Mitglieder, Kunden und Freunde f\u00fcr Listen, Newsletter, Kundenclubs, Veranstaltungen... anmelden. Die M\u00f6glichkeiten sind endlos. Sie geben einfach ihre Nummer ein und dr\u00fccken auf \"Abonnieren\" oder \"Abbestellen\". Sie erhalten dann eine SMS mit einem Pin-Code, um ihr Abonnement f\u00fcr die Liste zu aktivieren. Sobald sie diesen eingegeben haben, sind sie bei der Gruppe abonniert\/abbestellt.<\/p>\n<p>Das Verfahren ist einfach und l\u00e4uft automatisch ab, ohne dass du dich mit Tippen, Einf\u00fcgen oder anderen Verwaltungsarbeiten besch\u00e4ftigen musst.<\/p>\n<p>Auf diese Weise ist es sehr einfach, viele Leute zum Anmelden zu bewegen.<\/p>\n\t<ul>\n\t\t<li>\t\t\t\t\n\t\t<h3>Anmeldungen per SMS erhalten<\/h3><p>Du kannst eine SMS an eine Nummer mit deinem pers\u00f6nlichen Schl\u00fcsselwort senden. Der Nutzer wird dann automatisch in die Liste aufgenommen.\u00a0<\/p><\/li><li>\t\t\t\t\n\t\t<h3>Anmeldung \u00fcber QR-Code erhalten<\/h3><p>Du kannst einen QR-Code ausdrucken und ihn an der Kasse anbringen. Deine Kunden k\u00f6nnen sich dann f\u00fcr deine SMS-Liste anmelden, w\u00e4hrend sie darauf warten, dass du ihre Waren einpackst.<\/p><\/li><li>\t\t\t\t\n\t\t<h3>Anmeldung \u00fcber WEB-Formular erhalten<\/h3><p>F\u00fcge ganz einfach einen Link auf deiner eigenen Seite mit einem Anmeldeformular ein. Du kannst es sogar mit einem passenden CSS gestalten.\u00a0<\/p><\/li><li>\t\t\t\t\n\t\t<h3>Zus\u00e4tzliche Informationen hinzuf\u00fcgen<\/h3><p>Wenn du in dem Formular zus\u00e4tzliche Informationen sammeln m\u00f6chtest, z. B. welche Gr\u00f6\u00dfe sie tragen, f\u00fcr welchen Laden sie sich angemeldet haben oder etwas anderes, ist das ebenfalls m\u00f6glich.\u00a0<\/p><\/li>\t<\/ul>\n\t\t<h4>Willst du sofort ein Konto erstellen? <\/h4>\n\t\t<p>Wir sind bereit und warten darauf, dich als SureSMS-Kunde zu begr\u00fc\u00dfen!<\/p>\n\t\t\t<a href=\"https:\/\/suresms.com\/de\/sms-gateway-konto-erstellen\/\" target=\"_self\">\n\t\t\t\t\t\t\tErstelle ein SureSMS-Konto!\n\t\t\t\t\t<\/a>\n\t\t<h4>Bestelle eine 2-Wege-L\u00f6sung!<\/h4>\n\t\t<p>Du hast bereits ein Konto? Bestelle eine 2-Wege-L\u00f6sung und erhalte die zus\u00e4tzlichen Optionen, die deine eigene L\u00f6sung bietet.<\/p>\n\t\t\t<a href=\"https:\/\/suresms.com\/de\/2-wege-entladung-bestellen\/\" target=\"_self\">\n\t\t\t\t\t\t\t2-Wege-L\u00f6sung bestellen\n\t\t\t\t\t<\/a>","protected":false},"excerpt":{"rendered":"<p>Einfache Anmeldelisten Sobald du eine Gruppe in SureSMS erstellt hast, muss es auch einige Empf\u00e4nger in der Gruppe geben. Vielleicht hast du sie in einem anderen System und du kannst sie \u00fcber eine CSV-Datei einlesen. Vielleicht hast du sie auf Haftnotizen und musst sie abtippen... <a title=\"WEB-Anmeldeformular\" class=\"read-more\" href=\"https:\/\/suresms.com\/de\/funktioner\/web-tilmeldingsformular\/\" aria-label=\"Weitere Informationen zum WEB-Anmeldeformular\">Mehr lesen<\/a><\/p>","protected":false},"author":1,"featured_media":0,"parent":958,"menu_order":13,"comment_status":"closed","ping_status":"closed","template":"","meta":{"_fl_builder_enabled":"1","_fl_builder_data":null,"_fl_builder_draft":null,"_fl_builder_data_settings":null,"_fl_builder_css":"","_fl_builder_css_version":"","_fl_builder_js":"","footnotes":""},"categories":[17],"tags":[],"class_list":{"0":"post-1426","1":"page","2":"type-page","3":"status-publish","5":"category-linkfracornorstone"},"yoast_head":"<!-- This site is optimized with the Yoast SEO Premium plugin v27.3 (Yoast SEO v27.3) - https:\/\/yoast.com\/product\/yoast-seo-premium-wordpress\/ -->\r\n<title>Nem tilmelding til lister Lav webtilmeldingsformular p\u00e5 website<\/title>\r\n<meta name=\"description\" content=\"Opret tilmeldingsformular til dinegruppe-SMS&#039;er p\u00e5 dit website. Lad brugere selv tilmelde sig grupper. Gratis funktion SureSMS gruppeSMS. Kun 18 \u00f8re \/ SMS\" \/>\r\n<meta name=\"robots\" content=\"index, follow, max-snippet:-1, max-image-preview:large, max-video-preview:-1\" \/>\r\n<link rel=\"canonical\" href=\"https:\/\/suresms.com\/de\/eigenschaften\/web-anmeldeformular\/\" \/>\r\n<meta property=\"og:locale\" content=\"de_DE\" \/>\r\n<meta property=\"og:type\" content=\"article\" \/>\r\n<meta property=\"og:title\" content=\"WEB tilmeldingsformular\" \/>\r\n<meta property=\"og:description\" content=\"Opret tilmeldingsformular til dinegruppe-SMS&#039;er p\u00e5 dit website. Lad brugere selv tilmelde sig grupper. Gratis funktion SureSMS gruppeSMS. Kun 18 \u00f8re \/ SMS\" \/>\r\n<meta property=\"og:url\" content=\"https:\/\/suresms.com\/de\/eigenschaften\/web-anmeldeformular\/\" \/>\r\n<meta property=\"article:publisher\" content=\"https:\/\/www.facebook.com\/p\/SureSMS-100044607956149\/\" \/>\r\n<meta property=\"article:modified_time\" content=\"2024-12-05T15:51:28+00:00\" \/>\r\n<meta name=\"twitter:card\" content=\"summary_large_image\" \/>\r\n<meta name=\"twitter:label1\" content=\"Gesch\u00e4tzte Lesezeit\" \/>\n\t<meta name=\"twitter:data1\" content=\"2\u00a0Minuten\" \/>\r\n<script type=\"application\/ld+json\" class=\"yoast-schema-graph\">{\"@context\":\"https:\\\/\\\/schema.org\",\"@graph\":[{\"@type\":\"WebPage\",\"@id\":\"https:\\\/\\\/suresms.com\\\/dk\\\/funktioner\\\/web-tilmeldingsformular\\\/\",\"url\":\"https:\\\/\\\/suresms.com\\\/dk\\\/funktioner\\\/web-tilmeldingsformular\\\/\",\"name\":\"Nem tilmelding til lister Lav webtilmeldingsformular p\u00e5 website\",\"isPartOf\":{\"@id\":\"https:\\\/\\\/suresms.com\\\/en\\\/#website\"},\"datePublished\":\"2015-12-14T14:21:44+00:00\",\"dateModified\":\"2024-12-05T15:51:28+00:00\",\"description\":\"Opret tilmeldingsformular til dinegruppe-SMS'er p\u00e5 dit website. Lad brugere selv tilmelde sig grupper. Gratis funktion SureSMS gruppeSMS. Kun 18 \u00f8re \\\/ SMS\",\"breadcrumb\":{\"@id\":\"https:\\\/\\\/suresms.com\\\/dk\\\/funktioner\\\/web-tilmeldingsformular\\\/#breadcrumb\"},\"inLanguage\":\"de\",\"potentialAction\":[{\"@type\":\"ReadAction\",\"target\":[\"https:\\\/\\\/suresms.com\\\/dk\\\/funktioner\\\/web-tilmeldingsformular\\\/\"]}]},{\"@type\":\"BreadcrumbList\",\"@id\":\"https:\\\/\\\/suresms.com\\\/dk\\\/funktioner\\\/web-tilmeldingsformular\\\/#breadcrumb\",\"itemListElement\":[{\"@type\":\"ListItem\",\"position\":1,\"name\":\"Home\",\"item\":\"https:\\\/\\\/suresms.com\\\/dk\\\/\"},{\"@type\":\"ListItem\",\"position\":2,\"name\":\"Funktioner\",\"item\":\"https:\\\/\\\/suresms.com\\\/dk\\\/funktioner\\\/\"},{\"@type\":\"ListItem\",\"position\":3,\"name\":\"WEB tilmeldingsformular\"}]},{\"@type\":\"WebSite\",\"@id\":\"https:\\\/\\\/suresms.com\\\/en\\\/#website\",\"url\":\"https:\\\/\\\/suresms.com\\\/en\\\/\",\"name\":\"SureSMS\",\"description\":\"Professionel SMS Gateway\",\"publisher\":{\"@id\":\"https:\\\/\\\/suresms.com\\\/en\\\/#organization\"},\"potentialAction\":[{\"@type\":\"SearchAction\",\"target\":{\"@type\":\"EntryPoint\",\"urlTemplate\":\"https:\\\/\\\/suresms.com\\\/en\\\/?s={search_term_string}\"},\"query-input\":{\"@type\":\"PropertyValueSpecification\",\"valueRequired\":true,\"valueName\":\"search_term_string\"}}],\"inLanguage\":\"de\"},{\"@type\":\"Organization\",\"@id\":\"https:\\\/\\\/suresms.com\\\/en\\\/#organization\",\"name\":\"SureSMS\",\"url\":\"https:\\\/\\\/suresms.com\\\/en\\\/\",\"logo\":{\"@type\":\"ImageObject\",\"inLanguage\":\"de\",\"@id\":\"https:\\\/\\\/suresms.com\\\/en\\\/#\\\/schema\\\/logo\\\/image\\\/\",\"url\":\"https:\\\/\\\/suresms.com\\\/wp-content\\\/uploads\\\/2024\\\/11\\\/suresms-300x65-1.png\",\"contentUrl\":\"https:\\\/\\\/suresms.com\\\/wp-content\\\/uploads\\\/2024\\\/11\\\/suresms-300x65-1.png\",\"width\":300,\"height\":65,\"caption\":\"SureSMS\"},\"image\":{\"@id\":\"https:\\\/\\\/suresms.com\\\/en\\\/#\\\/schema\\\/logo\\\/image\\\/\"},\"sameAs\":[\"https:\\\/\\\/www.facebook.com\\\/p\\\/SureSMS-100044607956149\\\/\"]}]}<\/script>\r\n<!-- \/ Yoast SEO Premium plugin. -->","yoast_head_json":{"title":"Einfaches Eintragen in Listen Web-Anmeldeformular auf der Website erstellen","description":"Erstelle ein Anmeldeformular f\u00fcr deine Gruppen-SMS auf deiner Website. Lass die Nutzer sich selbst f\u00fcr Gruppen anmelden. Kostenlose SureSMS Gruppen-SMS-Funktion. Nur 18 \u00f8re \/ SMS","robots":{"index":"index","follow":"follow","max-snippet":"max-snippet:-1","max-image-preview":"max-image-preview:large","max-video-preview":"max-video-preview:-1"},"canonical":"https:\/\/suresms.com\/de\/eigenschaften\/web-anmeldeformular\/","og_locale":"de_DE","og_type":"article","og_title":"WEB tilmeldingsformular","og_description":"Opret tilmeldingsformular til dinegruppe-SMS'er p\u00e5 dit website. Lad brugere selv tilmelde sig grupper. Gratis funktion SureSMS gruppeSMS. Kun 18 \u00f8re \/ SMS","og_url":"https:\/\/suresms.com\/de\/eigenschaften\/web-anmeldeformular\/","article_publisher":"https:\/\/www.facebook.com\/p\/SureSMS-100044607956149\/","article_modified_time":"2024-12-05T15:51:28+00:00","twitter_card":"summary_large_image","twitter_misc":{"Gesch\u00e4tzte Lesezeit":"2\u00a0Minuten"},"schema":{"@context":"https:\/\/schema.org","@graph":[{"@type":"WebPage","@id":"https:\/\/suresms.com\/dk\/funktioner\/web-tilmeldingsformular\/","url":"https:\/\/suresms.com\/dk\/funktioner\/web-tilmeldingsformular\/","name":"Einfaches Eintragen in Listen Web-Anmeldeformular auf der Website erstellen","isPartOf":{"@id":"https:\/\/suresms.com\/en\/#website"},"datePublished":"2015-12-14T14:21:44+00:00","dateModified":"2024-12-05T15:51:28+00:00","description":"Erstelle ein Anmeldeformular f\u00fcr deine Gruppen-SMS auf deiner Website. Lass die Nutzer sich selbst f\u00fcr Gruppen anmelden. Kostenlose SureSMS Gruppen-SMS-Funktion. Nur 18 \u00f8re \/ SMS","breadcrumb":{"@id":"https:\/\/suresms.com\/dk\/funktioner\/web-tilmeldingsformular\/#breadcrumb"},"inLanguage":"de","potentialAction":[{"@type":"ReadAction","target":["https:\/\/suresms.com\/dk\/funktioner\/web-tilmeldingsformular\/"]}]},{"@type":"BreadcrumbList","@id":"https:\/\/suresms.com\/dk\/funktioner\/web-tilmeldingsformular\/#breadcrumb","itemListElement":[{"@type":"ListItem","position":1,"name":"Home","item":"https:\/\/suresms.com\/dk\/"},{"@type":"ListItem","position":2,"name":"Funktioner","item":"https:\/\/suresms.com\/dk\/funktioner\/"},{"@type":"ListItem","position":3,"name":"WEB tilmeldingsformular"}]},{"@type":"WebSite","@id":"https:\/\/suresms.com\/en\/#website","url":"https:\/\/suresms.com\/en\/","name":"SureSMS","description":"Professioneller SMS-Gateway","publisher":{"@id":"https:\/\/suresms.com\/en\/#organization"},"potentialAction":[{"@type":"SearchAction","target":{"@type":"EntryPoint","urlTemplate":"https:\/\/suresms.com\/en\/?s={search_term_string}"},"query-input":{"@type":"PropertyValueSpecification","valueRequired":true,"valueName":"search_term_string"}}],"inLanguage":"de"},{"@type":"Organization","@id":"https:\/\/suresms.com\/en\/#organization","name":"SureSMS","url":"https:\/\/suresms.com\/en\/","logo":{"@type":"ImageObject","inLanguage":"de","@id":"https:\/\/suresms.com\/en\/#\/schema\/logo\/image\/","url":"https:\/\/suresms.com\/wp-content\/uploads\/2024\/11\/suresms-300x65-1.png","contentUrl":"https:\/\/suresms.com\/wp-content\/uploads\/2024\/11\/suresms-300x65-1.png","width":300,"height":65,"caption":"SureSMS"},"image":{"@id":"https:\/\/suresms.com\/en\/#\/schema\/logo\/image\/"},"sameAs":["https:\/\/www.facebook.com\/p\/SureSMS-100044607956149\/"]}]}},"_links":{"self":[{"href":"https:\/\/suresms.com\/de\/wp-json\/wp\/v2\/pages\/1426","targetHints":{"allow":["GET"]}}],"collection":[{"href":"https:\/\/suresms.com\/de\/wp-json\/wp\/v2\/pages"}],"about":[{"href":"https:\/\/suresms.com\/de\/wp-json\/wp\/v2\/types\/page"}],"author":[{"embeddable":true,"href":"https:\/\/suresms.com\/de\/wp-json\/wp\/v2\/users\/1"}],"replies":[{"embeddable":true,"href":"https:\/\/suresms.com\/de\/wp-json\/wp\/v2\/comments?post=1426"}],"version-history":[{"count":4,"href":"https:\/\/suresms.com\/de\/wp-json\/wp\/v2\/pages\/1426\/revisions"}],"predecessor-version":[{"id":19462,"href":"https:\/\/suresms.com\/de\/wp-json\/wp\/v2\/pages\/1426\/revisions\/19462"}],"up":[{"embeddable":true,"href":"https:\/\/suresms.com\/de\/wp-json\/wp\/v2\/pages\/958"}],"wp:attachment":[{"href":"https:\/\/suresms.com\/de\/wp-json\/wp\/v2\/media?parent=1426"}],"wp:term":[{"taxonomy":"category","embeddable":true,"href":"https:\/\/suresms.com\/de\/wp-json\/wp\/v2\/categories?post=1426"},{"taxonomy":"post_tag","embeddable":true,"href":"https:\/\/suresms.com\/de\/wp-json\/wp\/v2\/tags?post=1426"}],"curies":[{"name":"wp","href":"https:\/\/api.w.org\/{rel}","templated":true}]}}