{"id":1409,"date":"2015-12-14T16:00:43","date_gmt":"2015-12-14T14:00:43","guid":{"rendered":"https:\/\/www.suresms.com\/dk\/?page_id=1409"},"modified":"2024-12-05T15:40:42","modified_gmt":"2024-12-05T15:40:42","slug":"sms-zu-sms-funktion","status":"publish","type":"page","link":"https:\/\/suresms.com\/de\/funktioner\/sms-til-sms-funktion\/","title":{"rendered":"SMS zu SMS Funktion"},"content":{"rendered":"<!-- Flexy Breadcrumb -->\r\n\t\t\t<div class=\"fbc fbc-page\">\r\n\r\n\t\t\t\t<!-- Breadcrumb wrapper -->\r\n\t\t\t\t<div class=\"fbc-wrap\">\r\n\r\n\t\t\t\t\t<!-- Ordered list-->\r\n\t\t\t\t\t<ol class=\"fbc-items\" itemscope itemtype=\"https:\/\/schema.org\/BreadcrumbList\">\r\n\t\t\t\t\t\t            <li itemprop=\"itemListElement\" itemscope itemtype=\"https:\/\/schema.org\/ListItem\">\r\n                <span itemprop=\"name\">\r\n                    <!-- Home Link -->\r\n                    <a itemprop=\"item\" href=\"https:\/\/suresms.com\/de\/\">\r\n                    \r\n                                                    <i class=\"fa fa-home\" aria-hidden=\"true\"><\/i>Zuhause                    <\/a>\r\n                <\/span>\r\n                <meta itemprop=\"position\" content=\"1\" \/><!-- Meta Position-->\r\n             <\/li><li><span class=\"fbc-separator\">\/<\/span><\/li><li class=\"active\" itemprop=\"itemListElement\" itemscope itemtype=\"https:\/\/schema.org\/ListItem\"><span itemprop=\"name\" title=\"SMS zu SMS Funktion\">SMS zu SMS Funktion<\/span><meta itemprop=\"position\" content=\"2\" \/><\/li>\t\t\t\t\t<\/ol>\r\n\t\t\t\t\t<div class=\"clearfix\"><\/div>\r\n\t\t\t\t<\/div>\r\n\t\t\t<\/div>\r\n\t\t\t\n<h1>\n\t\tSMS zu SMS Funktion\n\t<\/h1>\n\t<p>Dies ist vielleicht eine der fortschrittlichsten Funktionen von SureSMS. Mit der SMS-to-SMS-Funktion ist es m\u00f6glich, eine SMS an SureSMS zu senden. Diese SMS wird an ein anderes Telefon weitergeleitet, m\u00f6glicherweise mit einem anderen Absender.<\/p>\n<h4><strong>Warum ist das so?<\/strong><\/h4>\n<p>Wenn du in einer Organisation bist und eine L\u00f6sung suchst, mit der jeder eine Nachricht an jeden in der Organisation schicken kann, z.B. im Zusammenhang mit Veranstaltungen, kannst du das mit dieser Funktion tun.<\/p>\n<p>Wenn du ein Konto bei SureSMS einrichtest und eine Gruppe, z. B. den Vorstand, erstellst, kann jeder eine SMS an eine Nummer mit dem Text \"Vorstand\", gefolgt von der Nachricht, senden. Die Nachricht wird dann an alle Mitglieder des Vorstands weitergeleitet.<\/p>\n<p>Das bedeutet, dass das einzelne Mitglied nicht einmal die Nummer der Person kennen muss, an die es senden m\u00f6chte. Einfach f\u00fcr den Absender und Schutz der Privatsph\u00e4re f\u00fcr den Empf\u00e4nger der Nachricht.<\/p>\n<p>Ein anderes Beispiel ist zum Beispiel eine Wohnungsbaugesellschaft, die renoviert. Mit SMS2SMS kannst du den Bauarbeitern eine Nummer und einen Namen geben. Die Bauarbeiter k\u00f6nnen dann eine SMS verschicken und alle Mitglieder der Organisation erhalten die Nachricht.<\/p>\n<h4><strong>Kostenlose SMS2SMS f\u00fcr alle unsere Kunden<\/strong><\/h4>\n<p>Die Funktion SMS zu SMS kostet in SureSMS nichts extra. Sie ist Teil unseres Dienstes. Je nach deinen Anforderungen an das Schl\u00fcsselwort musst du jedoch m\u00f6glicherweise eine 2-Wege-L\u00f6sung kaufen. In SureSMS haben wir diese L\u00f6sung f\u00fcr alle unsere Kunden entwickelt, das hei\u00dft, wir haben eine 2-Wege-L\u00f6sung, die unsere Kunden kostenlos nutzen k\u00f6nnen. ABER, das bedeutet auch, dass sie von den Kunden gemeinsam genutzt wird. Deshalb kannst du nur die Keywords bekommen, die verf\u00fcgbar sind. Wenn ein Kunde bereits ein Keyword genommen hat, musst du ein anderes w\u00e4hlen.<\/p>\n<h4><strong>2-Wege-L\u00f6sung f\u00fcr freie Wahl schaffen<\/strong><\/h4>\n<p>Deshalb entscheiden sich manche Kunden daf\u00fcr, ihre eigene 2-Wege-L\u00f6sung zu kaufen. Auf diese Weise k\u00f6nnen sie die Schl\u00fcsselw\u00f6rter und m\u00f6glicherweise auch die Handynummer, an die sie gesendet werden sollen, frei w\u00e4hlen. Wenn du deine eigene 2-Wege-L\u00f6sung kaufst, bist du nicht von anderen abh\u00e4ngig, die M\u00f6glichkeiten sind gr\u00f6\u00dfer und der Aufwand f\u00fcr die Auswahl von Schl\u00fcsselw\u00f6rtern, die zum jeweiligen Anlass passen, ist geringer.<\/p>\n<p>Es gibt verschiedene Produkte, aber egal, ob du dich f\u00fcr unsere gehostete SIM-L\u00f6sung oder eine virtuelle Langnummer entscheidest, du hast unbegrenzte Nummern und eine freie Wahl der Schl\u00fcsselw\u00f6rter.<\/p>\n<p>Weitere Details zu 2-Wege-L\u00f6sungen findest du im Men\u00fc unter 2-Wege-SMS.<\/p>\n<p>Siehe den Link hier f\u00fcr <a title=\"Preise f\u00fcr SMS-Gateways\" href=\"https:\/\/suresms.com\/de\/sms-gateway-preise\/\">aktuelle Preise f\u00fcr unsere 2-Wege-L\u00f6sungen.<\/a><\/p>\n\t\t<h4>Willst du sofort ein Konto erstellen? <\/h4>\n\t\t<p>Wir sind bereit und warten darauf, dich als SureSMS-Kunde zu begr\u00fc\u00dfen!<\/p>\n\t\t\t<a href=\"https:\/\/suresms.com\/de\/sms-gateway-konto-erstellen\/\" target=\"_self\">\n\t\t\t\t\t\t\tErstelle ein SureSMS-Konto!\n\t\t\t\t\t<\/a>\n\t\t<h4>Bestelle eine 2-Wege-L\u00f6sung!<\/h4>\n\t\t<p>Du hast bereits ein Konto? Bestelle eine 2-Wege-L\u00f6sung und erhalte die zus\u00e4tzlichen Optionen, die deine eigene L\u00f6sung bietet.\u00a0<\/p>\n\t\t\t<a href=\"https:\/\/suresms.com\/de\/2-wege-entladung-bestellen\/\" target=\"_self\">\n\t\t\t\t\t\t\t2-Wege-L\u00f6sung bestellen\n\t\t\t\t\t<\/a>\n\t<h4><strong>Hier kannst du ein Beispiel daf\u00fcr lesen, wie unsere Kunden SMS2SMS heute nutzen<\/strong><\/h4>\n<ul>\n<li>Wir haben unsere SMS2SMS-L\u00f6sung f\u00fcr ein d\u00e4nisches Architekturb\u00fcro entwickelt. Das Unternehmen wollte eine SMS-L\u00f6sung, die bei seinen Bauprojekten eingesetzt werden kann. Die L\u00f6sung sollte die Kommunikation erleichtern und es Bauunternehmern und Subunternehmern erm\u00f6glichen, mit den Anwohnern \u00fcber den Fortschritt der Bauprojekte, Angebote und mehr zu kommunizieren. Gleichzeitig wollte das Architekturb\u00fcro eine L\u00f6sung, bei der sich die Bewohner selbst f\u00fcr den Informationsfluss anmelden k\u00f6nnen.\u00a0 <br \/><strong>SureSMS hat das SMS2SMS-Produkt f\u00fcr Architekten entwickelt<\/strong>. Jeder kann \u00fcber eine einzige SMS Informationen an die L\u00f6sung senden und die Bewohner k\u00f6nnen sich \u00fcber Schl\u00fcsselw\u00f6rter selbst daf\u00fcr anmelden.<\/li>\n<\/ul>\n<p>\u00a0<\/p>","protected":false},"excerpt":{"rendered":"<p>SMS-zu-SMS-Funktion Dies ist vielleicht eine der fortschrittlichsten Funktionen in SureSMS. Mit der SMS-zu-SMS-Funktion ist es m\u00f6glich, eine SMS an SureSMS zu senden. Diese SMS wird an ein anderes Telefon weitergeleitet, m\u00f6glicherweise mit einem anderen Absender. Warum sollte man das tun? Wenn du in einer Organisation bist und eine L\u00f6sung willst, die... <a title=\"SMS zu SMS Funktion\" class=\"read-more\" href=\"https:\/\/suresms.com\/de\/funktioner\/sms-til-sms-funktion\/\" aria-label=\"Mehr Informationen \u00fcber die SMS til SMS Funktion\">Mehr lesen<\/a><\/p>","protected":false},"author":1,"featured_media":0,"parent":958,"menu_order":3,"comment_status":"closed","ping_status":"closed","template":"","meta":{"_fl_builder_enabled":"1","_fl_builder_data":null,"_fl_builder_draft":null,"_fl_builder_data_settings":null,"_fl_builder_css":"","_fl_builder_css_version":"","_fl_builder_js":"","footnotes":""},"categories":[17],"tags":[],"class_list":{"0":"post-1409","1":"page","2":"type-page","3":"status-publish","5":"category-linkfracornorstone"},"yoast_head":"<!-- This site is optimized with the Yoast SEO Premium plugin v27.3 (Yoast SEO v27.3) - https:\/\/yoast.com\/product\/yoast-seo-premium-wordpress\/ -->\r\n<title>SMS til SMS funktion - SureSMS. NYT avanceret produkt - tilmeld selv<\/title>\r\n<meta name=\"description\" content=\"SMS til SMS. Send informationer til grupper uden at kende kontakternes identitet. Godt til f.x underlevand\u00f8rer. 2-vejsl\u00f8sning, hvortil man kan sende tilbud\" \/>\r\n<meta name=\"robots\" content=\"index, follow, max-snippet:-1, max-image-preview:large, max-video-preview:-1\" \/>\r\n<link rel=\"canonical\" href=\"https:\/\/suresms.com\/de\/eigenschaften\/sms-zu-sms-funktion\/\" \/>\r\n<meta property=\"og:locale\" content=\"de_DE\" \/>\r\n<meta property=\"og:type\" content=\"article\" \/>\r\n<meta property=\"og:title\" content=\"SMS til SMS funktion\" \/>\r\n<meta property=\"og:description\" content=\"SMS til SMS. Send informationer til grupper uden at kende kontakternes identitet. Godt til f.x underlevand\u00f8rer. 2-vejsl\u00f8sning, hvortil man kan sende tilbud\" \/>\r\n<meta property=\"og:url\" content=\"https:\/\/suresms.com\/de\/eigenschaften\/sms-zu-sms-funktion\/\" \/>\r\n<meta property=\"article:publisher\" content=\"https:\/\/www.facebook.com\/p\/SureSMS-100044607956149\/\" \/>\r\n<meta property=\"article:modified_time\" content=\"2024-12-05T15:40:42+00:00\" \/>\r\n<meta name=\"twitter:card\" content=\"summary_large_image\" \/>\r\n<meta name=\"twitter:label1\" content=\"Gesch\u00e4tzte Lesezeit\" \/>\n\t<meta name=\"twitter:data1\" content=\"4\u00a0Minuten\" \/>\r\n<script type=\"application\/ld+json\" class=\"yoast-schema-graph\">{\"@context\":\"https:\\\/\\\/schema.org\",\"@graph\":[{\"@type\":\"WebPage\",\"@id\":\"https:\\\/\\\/suresms.com\\\/dk\\\/funktioner\\\/sms-til-sms-funktion\\\/\",\"url\":\"https:\\\/\\\/suresms.com\\\/dk\\\/funktioner\\\/sms-til-sms-funktion\\\/\",\"name\":\"SMS til SMS funktion - SureSMS. NYT avanceret produkt - tilmeld selv\",\"isPartOf\":{\"@id\":\"https:\\\/\\\/suresms.com\\\/en\\\/#website\"},\"datePublished\":\"2015-12-14T14:00:43+00:00\",\"dateModified\":\"2024-12-05T15:40:42+00:00\",\"description\":\"SMS til SMS. Send informationer til grupper uden at kende kontakternes identitet. Godt til f.x underlevand\u00f8rer. 2-vejsl\u00f8sning, hvortil man kan sende tilbud\",\"breadcrumb\":{\"@id\":\"https:\\\/\\\/suresms.com\\\/dk\\\/funktioner\\\/sms-til-sms-funktion\\\/#breadcrumb\"},\"inLanguage\":\"de\",\"potentialAction\":[{\"@type\":\"ReadAction\",\"target\":[\"https:\\\/\\\/suresms.com\\\/dk\\\/funktioner\\\/sms-til-sms-funktion\\\/\"]}]},{\"@type\":\"BreadcrumbList\",\"@id\":\"https:\\\/\\\/suresms.com\\\/dk\\\/funktioner\\\/sms-til-sms-funktion\\\/#breadcrumb\",\"itemListElement\":[{\"@type\":\"ListItem\",\"position\":1,\"name\":\"Home\",\"item\":\"https:\\\/\\\/suresms.com\\\/dk\\\/\"},{\"@type\":\"ListItem\",\"position\":2,\"name\":\"Funktioner\",\"item\":\"https:\\\/\\\/suresms.com\\\/dk\\\/funktioner\\\/\"},{\"@type\":\"ListItem\",\"position\":3,\"name\":\"SMS til SMS funktion\"}]},{\"@type\":\"WebSite\",\"@id\":\"https:\\\/\\\/suresms.com\\\/en\\\/#website\",\"url\":\"https:\\\/\\\/suresms.com\\\/en\\\/\",\"name\":\"SureSMS\",\"description\":\"Professionel SMS Gateway\",\"publisher\":{\"@id\":\"https:\\\/\\\/suresms.com\\\/en\\\/#organization\"},\"potentialAction\":[{\"@type\":\"SearchAction\",\"target\":{\"@type\":\"EntryPoint\",\"urlTemplate\":\"https:\\\/\\\/suresms.com\\\/en\\\/?s={search_term_string}\"},\"query-input\":{\"@type\":\"PropertyValueSpecification\",\"valueRequired\":true,\"valueName\":\"search_term_string\"}}],\"inLanguage\":\"de\"},{\"@type\":\"Organization\",\"@id\":\"https:\\\/\\\/suresms.com\\\/en\\\/#organization\",\"name\":\"SureSMS\",\"url\":\"https:\\\/\\\/suresms.com\\\/en\\\/\",\"logo\":{\"@type\":\"ImageObject\",\"inLanguage\":\"de\",\"@id\":\"https:\\\/\\\/suresms.com\\\/en\\\/#\\\/schema\\\/logo\\\/image\\\/\",\"url\":\"https:\\\/\\\/suresms.com\\\/wp-content\\\/uploads\\\/2024\\\/11\\\/suresms-300x65-1.png\",\"contentUrl\":\"https:\\\/\\\/suresms.com\\\/wp-content\\\/uploads\\\/2024\\\/11\\\/suresms-300x65-1.png\",\"width\":300,\"height\":65,\"caption\":\"SureSMS\"},\"image\":{\"@id\":\"https:\\\/\\\/suresms.com\\\/en\\\/#\\\/schema\\\/logo\\\/image\\\/\"},\"sameAs\":[\"https:\\\/\\\/www.facebook.com\\\/p\\\/SureSMS-100044607956149\\\/\"]}]}<\/script>\r\n<!-- \/ Yoast SEO Premium plugin. -->","yoast_head_json":{"title":"SMS zu SMS Funktion - SureSMS. NEUES fortschrittliches Produkt - melde dich an","description":"SMS an SMS. Sende Informationen an Gruppen, ohne die Identit\u00e4t der Kontakte zu kennen. Gut f\u00fcr z.B. Subunternehmer. 2-Wege-L\u00f6sung, an die du Angebote senden kannst","robots":{"index":"index","follow":"follow","max-snippet":"max-snippet:-1","max-image-preview":"max-image-preview:large","max-video-preview":"max-video-preview:-1"},"canonical":"https:\/\/suresms.com\/de\/eigenschaften\/sms-zu-sms-funktion\/","og_locale":"de_DE","og_type":"article","og_title":"SMS til SMS funktion","og_description":"SMS til SMS. Send informationer til grupper uden at kende kontakternes identitet. Godt til f.x underlevand\u00f8rer. 2-vejsl\u00f8sning, hvortil man kan sende tilbud","og_url":"https:\/\/suresms.com\/de\/eigenschaften\/sms-zu-sms-funktion\/","article_publisher":"https:\/\/www.facebook.com\/p\/SureSMS-100044607956149\/","article_modified_time":"2024-12-05T15:40:42+00:00","twitter_card":"summary_large_image","twitter_misc":{"Gesch\u00e4tzte Lesezeit":"4\u00a0Minuten"},"schema":{"@context":"https:\/\/schema.org","@graph":[{"@type":"WebPage","@id":"https:\/\/suresms.com\/dk\/funktioner\/sms-til-sms-funktion\/","url":"https:\/\/suresms.com\/dk\/funktioner\/sms-til-sms-funktion\/","name":"SMS zu SMS Funktion - SureSMS. NEUES fortschrittliches Produkt - melde dich an","isPartOf":{"@id":"https:\/\/suresms.com\/en\/#website"},"datePublished":"2015-12-14T14:00:43+00:00","dateModified":"2024-12-05T15:40:42+00:00","description":"SMS an SMS. Sende Informationen an Gruppen, ohne die Identit\u00e4t der Kontakte zu kennen. Gut f\u00fcr z.B. Subunternehmer. 2-Wege-L\u00f6sung, an die du Angebote senden kannst","breadcrumb":{"@id":"https:\/\/suresms.com\/dk\/funktioner\/sms-til-sms-funktion\/#breadcrumb"},"inLanguage":"de","potentialAction":[{"@type":"ReadAction","target":["https:\/\/suresms.com\/dk\/funktioner\/sms-til-sms-funktion\/"]}]},{"@type":"BreadcrumbList","@id":"https:\/\/suresms.com\/dk\/funktioner\/sms-til-sms-funktion\/#breadcrumb","itemListElement":[{"@type":"ListItem","position":1,"name":"Home","item":"https:\/\/suresms.com\/dk\/"},{"@type":"ListItem","position":2,"name":"Funktioner","item":"https:\/\/suresms.com\/dk\/funktioner\/"},{"@type":"ListItem","position":3,"name":"SMS til SMS funktion"}]},{"@type":"WebSite","@id":"https:\/\/suresms.com\/en\/#website","url":"https:\/\/suresms.com\/en\/","name":"SureSMS","description":"Professioneller SMS-Gateway","publisher":{"@id":"https:\/\/suresms.com\/en\/#organization"},"potentialAction":[{"@type":"SearchAction","target":{"@type":"EntryPoint","urlTemplate":"https:\/\/suresms.com\/en\/?s={search_term_string}"},"query-input":{"@type":"PropertyValueSpecification","valueRequired":true,"valueName":"search_term_string"}}],"inLanguage":"de"},{"@type":"Organization","@id":"https:\/\/suresms.com\/en\/#organization","name":"SureSMS","url":"https:\/\/suresms.com\/en\/","logo":{"@type":"ImageObject","inLanguage":"de","@id":"https:\/\/suresms.com\/en\/#\/schema\/logo\/image\/","url":"https:\/\/suresms.com\/wp-content\/uploads\/2024\/11\/suresms-300x65-1.png","contentUrl":"https:\/\/suresms.com\/wp-content\/uploads\/2024\/11\/suresms-300x65-1.png","width":300,"height":65,"caption":"SureSMS"},"image":{"@id":"https:\/\/suresms.com\/en\/#\/schema\/logo\/image\/"},"sameAs":["https:\/\/www.facebook.com\/p\/SureSMS-100044607956149\/"]}]}},"_links":{"self":[{"href":"https:\/\/suresms.com\/de\/wp-json\/wp\/v2\/pages\/1409","targetHints":{"allow":["GET"]}}],"collection":[{"href":"https:\/\/suresms.com\/de\/wp-json\/wp\/v2\/pages"}],"about":[{"href":"https:\/\/suresms.com\/de\/wp-json\/wp\/v2\/types\/page"}],"author":[{"embeddable":true,"href":"https:\/\/suresms.com\/de\/wp-json\/wp\/v2\/users\/1"}],"replies":[{"embeddable":true,"href":"https:\/\/suresms.com\/de\/wp-json\/wp\/v2\/comments?post=1409"}],"version-history":[{"count":1,"href":"https:\/\/suresms.com\/de\/wp-json\/wp\/v2\/pages\/1409\/revisions"}],"predecessor-version":[{"id":19474,"href":"https:\/\/suresms.com\/de\/wp-json\/wp\/v2\/pages\/1409\/revisions\/19474"}],"up":[{"embeddable":true,"href":"https:\/\/suresms.com\/de\/wp-json\/wp\/v2\/pages\/958"}],"wp:attachment":[{"href":"https:\/\/suresms.com\/de\/wp-json\/wp\/v2\/media?parent=1409"}],"wp:term":[{"taxonomy":"category","embeddable":true,"href":"https:\/\/suresms.com\/de\/wp-json\/wp\/v2\/categories?post=1409"},{"taxonomy":"post_tag","embeddable":true,"href":"https:\/\/suresms.com\/de\/wp-json\/wp\/v2\/tags?post=1409"}],"curies":[{"name":"wp","href":"https:\/\/api.w.org\/{rel}","templated":true}]}}