{"id":13758,"date":"2021-10-25T12:38:19","date_gmt":"2021-10-25T10:38:19","guid":{"rendered":"https:\/\/www.suresms.com\/dk\/?page_id=13758"},"modified":"2024-12-02T09:16:36","modified_gmt":"2024-12-02T09:16:36","slug":"textnachrichtenpapier","status":"publish","type":"page","link":"https:\/\/suresms.com\/de\/integrationer\/booking-vikar-systemer\/cas-bookingsystem\/guide\/","title":{"rendered":"SMS-Integration f\u00fcr CAS-Buchungssystem - Leitfaden"},"content":{"rendered":"<!-- Flexy Breadcrumb -->\r\n\t\t\t<div class=\"fbc fbc-page\">\r\n\r\n\t\t\t\t<!-- Breadcrumb wrapper -->\r\n\t\t\t\t<div class=\"fbc-wrap\">\r\n\r\n\t\t\t\t\t<!-- Ordered list-->\r\n\t\t\t\t\t<ol class=\"fbc-items\" itemscope itemtype=\"https:\/\/schema.org\/BreadcrumbList\">\r\n\t\t\t\t\t\t            <li itemprop=\"itemListElement\" itemscope itemtype=\"https:\/\/schema.org\/ListItem\">\r\n                <span itemprop=\"name\">\r\n                    <!-- Home Link -->\r\n                    <a itemprop=\"item\" href=\"https:\/\/suresms.com\/de\/\">\r\n                    \r\n                                                    <i class=\"fa fa-home\" aria-hidden=\"true\"><\/i>Zuhause                    <\/a>\r\n                <\/span>\r\n                <meta itemprop=\"position\" content=\"1\" \/><!-- Meta Position-->\r\n             <\/li><li><span class=\"fbc-separator\">\/<\/span><\/li><li class=\"active\" itemprop=\"itemListElement\" itemscope itemtype=\"https:\/\/schema.org\/ListItem\"><span itemprop=\"name\" title=\"SMS-Integration f\u00fcr CAS-Buchungssystem - Leitfaden\">SMS-Integration f\u00fcr CAS...<\/span><meta itemprop=\"position\" content=\"2\" \/><\/li>\t\t\t\t\t<\/ol>\r\n\t\t\t\t\t<div class=\"clearfix\"><\/div>\r\n\t\t\t\t<\/div>\r\n\t\t\t<\/div>\r\n\t\t\t\n\t\t\t\t<img loading=\"lazy\" decoding=\"async\" src=\"https:\/\/suresms.com\/wp-content\/uploads\/2021\/10\/CASogSureSMS-1.png\" alt=\"CASogSureSMS\" itemprop=\"image\" height=\"200\" width=\"1400\" title=\"CASogSureSMS\" onerror=\"this.style.display='none'\">\n\t<h3>Anleitung zum Einrichten von SMS aus dem CAS Buchungssystem<\/h3>\n\t<p>Um SMS in CAS Booking System zu nutzen, brauchst du ein Konto bei SureSMS. Das Anlegen ist kostenlos und es gibt kein Abonnement. Der Versand von SMS an d\u00e4nische Nummern kostet 31 \u00f8re pro SMS. Eine SMS kann 160 Zeichen lang sein. Wenn du mehr als 160 Zeichen schreibst, musst du f\u00fcr 2 SMS-Nachrichten bezahlen.<\/p>\n<p>Sobald du ein Konto bei SureSMS hast, musst du es im CAS Buchungssystem einrichten. Im Folgenden findest du eine Anleitung, wie du ein Konto bei SureSMS erstellst und es dann im CAS Buchungssystem einrichtest.<\/p>\n\t<ul>\n\t\t<li>\t\t\t\t\n\t\t<h3>Ein Konto erstellen<\/h3><p>Zuerst musst du ein Konto hier auf der SureSMS-Website erstellen. \u00d6ffne diesen Link und gib die Informationen ein: <a href=\"https:\/\/suresms.com\/de\/bestellung\/kostenloses-sms-testkonto\/\">Ein Konto erstellen<\/a><\/p><\/li><li>\t\t\t\t\n\t\t<h3>Eine E-Mail mit Informationen erhalten<\/h3><p>Wenn du eine Willkommens-E-Mail mit Informationen zu deinem Konto erh\u00e4ltst, antworte bitte mit den folgenden Informationen:<\/p><ol><li>CAS Booking System-Benutzer im Betreff-Feld<\/li><li>Deine CVR-Nummer<\/li><li>Die E-Mail-Adresse, an die wir die Rechnung senden sollen<\/li><li>Welchen Absender du willst. HINWEIS: Du kannst maximal 11 Zeichen einschlie\u00dflich Leerzeichen in den Absender eingeben<\/li><\/ol><\/li><li>\t\t\t\t\n\t\t<h3>Einrichtung in CAS Booking<\/h3><table border=\"0\">\n<tbody>\n<tr>\n<td width=\"400\">Jetzt ist es an der Zeit, dich im CAS Buchungssystem einzurichten. Unter \"Einstellungen\" in der Verwaltung findest du \"SMS-Einstellungen\". Hier gibst du deinen Benutzernamen und dein Passwort ein, die du per E-Mail und SMS erhalten hast, sowie deinen Absendernamen (deinen Arbeitsplatz) aus Schritt 4<\/td>\n<td><img loading=\"lazy\" decoding=\"async\" src=\"https:\/\/suresms.com\/wp-content\/uploads\/2024\/12\/CAS-Booking-opsaetning-01.png\" alt=\"\" width=\"700\" height=\"372\"><\/td>\n<\/tr>\n<\/tbody>\n<\/table>\n<\/li><li>\t\t\t\t\n\t\t<h3>Testaufbau<\/h3><p>Wenn du eine Antwort auf die in Schritt 4 gesendete E-Mail erhalten hast, versuche, direkt w\u00e4hrend der Einrichtung eine SMS zu senden.<\/p><\/li>\t<\/ul>\n\n\n\n<p><\/p>","protected":false},"excerpt":{"rendered":"<p>Anleitung zum Einrichten von SMS in CAS Booking System Um SMS in CAS Booking System zu nutzen, brauchst du ein Konto bei SureSMS. Das Anlegen ist kostenlos und es gibt kein Abonnement. Der Versand von SMS an d\u00e4nische Nummern kostet 31 \u00f8re pro SMS. Eine SMS kann 160 Zeichen lang sein. Wenn du mehr als 160 Zeichen schreibst, ... <a title=\"SMS-Integration f\u00fcr CAS-Buchungssystem - Leitfaden\" class=\"read-more\" href=\"https:\/\/suresms.com\/de\/integrationer\/booking-vikar-systemer\/cas-bookingsystem\/guide\/\" aria-label=\"Weitere Informationen zur SMS-Integration in das CAS-Buchungssystem - Anleitung\">Mehr lesen<\/a><\/p>","protected":false},"author":1,"featured_media":0,"parent":19373,"menu_order":1,"comment_status":"closed","ping_status":"closed","template":"","meta":{"_fl_builder_enabled":"1","_fl_builder_data":null,"_fl_builder_draft":null,"_fl_builder_data_settings":null,"_fl_builder_css":"","_fl_builder_css_version":"","_fl_builder_js":"","footnotes":""},"categories":[],"tags":[],"class_list":["post-13758","page","type-page","status-publish"],"yoast_head":"<!-- This site is optimized with the Yoast SEO Premium plugin v27.3 (Yoast SEO v27.3) - https:\/\/yoast.com\/product\/yoast-seo-premium-wordpress\/ -->\r\n<title>SMS integration til CAS bookingsystem - guide -<\/title>\r\n<meta name=\"description\" content=\"SMS integration til CAS booking-system. SureSMS har lavet en komplet SMS integration s\u00e5 du kan sende SMS fra CAS booking.\" \/>\r\n<meta name=\"robots\" content=\"noindex, nofollow\" \/>\r\n<meta property=\"og:locale\" content=\"de_DE\" \/>\r\n<meta property=\"og:type\" content=\"article\" \/>\r\n<meta property=\"og:title\" content=\"SMS integration til CAS bookingsystem - guide\" \/>\r\n<meta property=\"og:description\" content=\"SMS integration til CAS booking-system. SureSMS har lavet en komplet SMS integration s\u00e5 du kan sende SMS fra CAS booking.\" \/>\r\n<meta property=\"og:url\" content=\"https:\/\/suresms.com\/de\/integrationen\/buchung-von-zeitarbeitssystemen\/fallbuchungssystem\/textnachrichtenpapier\/\" \/>\r\n<meta property=\"article:publisher\" content=\"https:\/\/www.facebook.com\/p\/SureSMS-100044607956149\/\" \/>\r\n<meta property=\"article:modified_time\" content=\"2024-12-02T09:16:36+00:00\" \/>\r\n<meta property=\"og:image\" content=\"https:\/\/suresms.com\/wp-content\/uploads\/2021\/10\/CASogSureSMS-1.png\" \/>\r\n<meta name=\"twitter:card\" content=\"summary_large_image\" \/>\r\n<meta name=\"twitter:label1\" content=\"Gesch\u00e4tzte Lesezeit\" \/>\n\t<meta name=\"twitter:data1\" content=\"6\u00a0Minuten\" \/>\r\n<script type=\"application\/ld+json\" class=\"yoast-schema-graph\">{\"@context\":\"https:\\\/\\\/schema.org\",\"@graph\":[{\"@type\":\"WebPage\",\"@id\":\"https:\\\/\\\/suresms.com\\\/dk\\\/integrationer\\\/booking-vikar-systemer\\\/cas-bookingsystem\\\/guide\\\/\",\"url\":\"https:\\\/\\\/suresms.com\\\/dk\\\/integrationer\\\/booking-vikar-systemer\\\/cas-bookingsystem\\\/guide\\\/\",\"name\":\"SMS integration til CAS bookingsystem - guide -\",\"isPartOf\":{\"@id\":\"https:\\\/\\\/suresms.com\\\/en\\\/#website\"},\"primaryImageOfPage\":{\"@id\":\"https:\\\/\\\/suresms.com\\\/dk\\\/integrationer\\\/booking-vikar-systemer\\\/cas-bookingsystem\\\/guide\\\/#primaryimage\"},\"image\":{\"@id\":\"https:\\\/\\\/suresms.com\\\/dk\\\/integrationer\\\/booking-vikar-systemer\\\/cas-bookingsystem\\\/guide\\\/#primaryimage\"},\"thumbnailUrl\":\"https:\\\/\\\/suresms.com\\\/wp-content\\\/uploads\\\/2021\\\/10\\\/CASogSureSMS-1.png\",\"datePublished\":\"2021-10-25T10:38:19+00:00\",\"dateModified\":\"2024-12-02T09:16:36+00:00\",\"description\":\"SMS integration til CAS booking-system. SureSMS har lavet en komplet SMS integration s\u00e5 du kan sende SMS fra CAS booking.\",\"breadcrumb\":{\"@id\":\"https:\\\/\\\/suresms.com\\\/dk\\\/integrationer\\\/booking-vikar-systemer\\\/cas-bookingsystem\\\/guide\\\/#breadcrumb\"},\"inLanguage\":\"de\",\"potentialAction\":[{\"@type\":\"ReadAction\",\"target\":[\"https:\\\/\\\/suresms.com\\\/dk\\\/integrationer\\\/booking-vikar-systemer\\\/cas-bookingsystem\\\/guide\\\/\"]}]},{\"@type\":\"ImageObject\",\"inLanguage\":\"de\",\"@id\":\"https:\\\/\\\/suresms.com\\\/dk\\\/integrationer\\\/booking-vikar-systemer\\\/cas-bookingsystem\\\/guide\\\/#primaryimage\",\"url\":\"https:\\\/\\\/suresms.com\\\/wp-content\\\/uploads\\\/2021\\\/10\\\/CASogSureSMS-1.png\",\"contentUrl\":\"https:\\\/\\\/suresms.com\\\/wp-content\\\/uploads\\\/2021\\\/10\\\/CASogSureSMS-1.png\"},{\"@type\":\"BreadcrumbList\",\"@id\":\"https:\\\/\\\/suresms.com\\\/dk\\\/integrationer\\\/booking-vikar-systemer\\\/cas-bookingsystem\\\/guide\\\/#breadcrumb\",\"itemListElement\":[{\"@type\":\"ListItem\",\"position\":1,\"name\":\"Home\",\"item\":\"https:\\\/\\\/suresms.com\\\/dk\\\/\"},{\"@type\":\"ListItem\",\"position\":2,\"name\":\"Integrationer\",\"item\":\"https:\\\/\\\/suresms.com\\\/dk\\\/integrationer\\\/\"},{\"@type\":\"ListItem\",\"position\":3,\"name\":\"SMS integration til Booking- og vikar systemer\",\"item\":\"https:\\\/\\\/suresms.com\\\/dk\\\/integrationer\\\/booking-vikar-systemer\\\/\"},{\"@type\":\"ListItem\",\"position\":4,\"name\":\"SMS integration til CAS bookingsystem\",\"item\":\"https:\\\/\\\/suresms.com\\\/dk\\\/integrationer\\\/booking-vikar-systemer\\\/cas-bookingsystem\\\/\"},{\"@type\":\"ListItem\",\"position\":5,\"name\":\"SMS integration til CAS bookingsystem &#8211; guide\"}]},{\"@type\":\"WebSite\",\"@id\":\"https:\\\/\\\/suresms.com\\\/en\\\/#website\",\"url\":\"https:\\\/\\\/suresms.com\\\/en\\\/\",\"name\":\"SureSMS\",\"description\":\"Professionel SMS Gateway\",\"publisher\":{\"@id\":\"https:\\\/\\\/suresms.com\\\/en\\\/#organization\"},\"potentialAction\":[{\"@type\":\"SearchAction\",\"target\":{\"@type\":\"EntryPoint\",\"urlTemplate\":\"https:\\\/\\\/suresms.com\\\/en\\\/?s={search_term_string}\"},\"query-input\":{\"@type\":\"PropertyValueSpecification\",\"valueRequired\":true,\"valueName\":\"search_term_string\"}}],\"inLanguage\":\"de\"},{\"@type\":\"Organization\",\"@id\":\"https:\\\/\\\/suresms.com\\\/en\\\/#organization\",\"name\":\"SureSMS\",\"url\":\"https:\\\/\\\/suresms.com\\\/en\\\/\",\"logo\":{\"@type\":\"ImageObject\",\"inLanguage\":\"de\",\"@id\":\"https:\\\/\\\/suresms.com\\\/en\\\/#\\\/schema\\\/logo\\\/image\\\/\",\"url\":\"https:\\\/\\\/suresms.com\\\/wp-content\\\/uploads\\\/2024\\\/11\\\/suresms-300x65-1.png\",\"contentUrl\":\"https:\\\/\\\/suresms.com\\\/wp-content\\\/uploads\\\/2024\\\/11\\\/suresms-300x65-1.png\",\"width\":300,\"height\":65,\"caption\":\"SureSMS\"},\"image\":{\"@id\":\"https:\\\/\\\/suresms.com\\\/en\\\/#\\\/schema\\\/logo\\\/image\\\/\"},\"sameAs\":[\"https:\\\/\\\/www.facebook.com\\\/p\\\/SureSMS-100044607956149\\\/\"]}]}<\/script>\r\n<!-- \/ Yoast SEO Premium plugin. -->","yoast_head_json":{"title":"SMS-Integration f\u00fcr CAS-Buchungssystem - Leitfaden","description":"SMS-Integration f\u00fcr das CAS-Buchungssystem. SureSMS hat eine vollst\u00e4ndige SMS-Integration entwickelt, damit du SMS aus CAS Booking heraus versenden kannst.","robots":{"index":"noindex","follow":"nofollow"},"og_locale":"de_DE","og_type":"article","og_title":"SMS integration til CAS bookingsystem - guide","og_description":"SMS integration til CAS booking-system. SureSMS har lavet en komplet SMS integration s\u00e5 du kan sende SMS fra CAS booking.","og_url":"https:\/\/suresms.com\/de\/integrationen\/buchung-von-zeitarbeitssystemen\/fallbuchungssystem\/textnachrichtenpapier\/","article_publisher":"https:\/\/www.facebook.com\/p\/SureSMS-100044607956149\/","article_modified_time":"2024-12-02T09:16:36+00:00","og_image":[{"url":"https:\/\/suresms.com\/wp-content\/uploads\/2021\/10\/CASogSureSMS-1.png","type":"","width":"","height":""}],"twitter_card":"summary_large_image","twitter_misc":{"Gesch\u00e4tzte Lesezeit":"6\u00a0Minuten"},"schema":{"@context":"https:\/\/schema.org","@graph":[{"@type":"WebPage","@id":"https:\/\/suresms.com\/dk\/integrationer\/booking-vikar-systemer\/cas-bookingsystem\/guide\/","url":"https:\/\/suresms.com\/dk\/integrationer\/booking-vikar-systemer\/cas-bookingsystem\/guide\/","name":"SMS-Integration f\u00fcr CAS-Buchungssystem - Leitfaden","isPartOf":{"@id":"https:\/\/suresms.com\/en\/#website"},"primaryImageOfPage":{"@id":"https:\/\/suresms.com\/dk\/integrationer\/booking-vikar-systemer\/cas-bookingsystem\/guide\/#primaryimage"},"image":{"@id":"https:\/\/suresms.com\/dk\/integrationer\/booking-vikar-systemer\/cas-bookingsystem\/guide\/#primaryimage"},"thumbnailUrl":"https:\/\/suresms.com\/wp-content\/uploads\/2021\/10\/CASogSureSMS-1.png","datePublished":"2021-10-25T10:38:19+00:00","dateModified":"2024-12-02T09:16:36+00:00","description":"SMS-Integration f\u00fcr das CAS-Buchungssystem. SureSMS hat eine vollst\u00e4ndige SMS-Integration entwickelt, damit du SMS aus CAS Booking heraus versenden kannst.","breadcrumb":{"@id":"https:\/\/suresms.com\/dk\/integrationer\/booking-vikar-systemer\/cas-bookingsystem\/guide\/#breadcrumb"},"inLanguage":"de","potentialAction":[{"@type":"ReadAction","target":["https:\/\/suresms.com\/dk\/integrationer\/booking-vikar-systemer\/cas-bookingsystem\/guide\/"]}]},{"@type":"ImageObject","inLanguage":"de","@id":"https:\/\/suresms.com\/dk\/integrationer\/booking-vikar-systemer\/cas-bookingsystem\/guide\/#primaryimage","url":"https:\/\/suresms.com\/wp-content\/uploads\/2021\/10\/CASogSureSMS-1.png","contentUrl":"https:\/\/suresms.com\/wp-content\/uploads\/2021\/10\/CASogSureSMS-1.png"},{"@type":"BreadcrumbList","@id":"https:\/\/suresms.com\/dk\/integrationer\/booking-vikar-systemer\/cas-bookingsystem\/guide\/#breadcrumb","itemListElement":[{"@type":"ListItem","position":1,"name":"Home","item":"https:\/\/suresms.com\/dk\/"},{"@type":"ListItem","position":2,"name":"Integrationer","item":"https:\/\/suresms.com\/dk\/integrationer\/"},{"@type":"ListItem","position":3,"name":"SMS integration til Booking- og vikar systemer","item":"https:\/\/suresms.com\/dk\/integrationer\/booking-vikar-systemer\/"},{"@type":"ListItem","position":4,"name":"SMS integration til CAS bookingsystem","item":"https:\/\/suresms.com\/dk\/integrationer\/booking-vikar-systemer\/cas-bookingsystem\/"},{"@type":"ListItem","position":5,"name":"SMS integration til CAS bookingsystem &#8211; guide"}]},{"@type":"WebSite","@id":"https:\/\/suresms.com\/en\/#website","url":"https:\/\/suresms.com\/en\/","name":"SureSMS","description":"Professioneller SMS-Gateway","publisher":{"@id":"https:\/\/suresms.com\/en\/#organization"},"potentialAction":[{"@type":"SearchAction","target":{"@type":"EntryPoint","urlTemplate":"https:\/\/suresms.com\/en\/?s={search_term_string}"},"query-input":{"@type":"PropertyValueSpecification","valueRequired":true,"valueName":"search_term_string"}}],"inLanguage":"de"},{"@type":"Organization","@id":"https:\/\/suresms.com\/en\/#organization","name":"SureSMS","url":"https:\/\/suresms.com\/en\/","logo":{"@type":"ImageObject","inLanguage":"de","@id":"https:\/\/suresms.com\/en\/#\/schema\/logo\/image\/","url":"https:\/\/suresms.com\/wp-content\/uploads\/2024\/11\/suresms-300x65-1.png","contentUrl":"https:\/\/suresms.com\/wp-content\/uploads\/2024\/11\/suresms-300x65-1.png","width":300,"height":65,"caption":"SureSMS"},"image":{"@id":"https:\/\/suresms.com\/en\/#\/schema\/logo\/image\/"},"sameAs":["https:\/\/www.facebook.com\/p\/SureSMS-100044607956149\/"]}]}},"_links":{"self":[{"href":"https:\/\/suresms.com\/de\/wp-json\/wp\/v2\/pages\/13758","targetHints":{"allow":["GET"]}}],"collection":[{"href":"https:\/\/suresms.com\/de\/wp-json\/wp\/v2\/pages"}],"about":[{"href":"https:\/\/suresms.com\/de\/wp-json\/wp\/v2\/types\/page"}],"author":[{"embeddable":true,"href":"https:\/\/suresms.com\/de\/wp-json\/wp\/v2\/users\/1"}],"replies":[{"embeddable":true,"href":"https:\/\/suresms.com\/de\/wp-json\/wp\/v2\/comments?post=13758"}],"version-history":[{"count":7,"href":"https:\/\/suresms.com\/de\/wp-json\/wp\/v2\/pages\/13758\/revisions"}],"predecessor-version":[{"id":19383,"href":"https:\/\/suresms.com\/de\/wp-json\/wp\/v2\/pages\/13758\/revisions\/19383"}],"up":[{"embeddable":true,"href":"https:\/\/suresms.com\/de\/wp-json\/wp\/v2\/pages\/19373"}],"wp:attachment":[{"href":"https:\/\/suresms.com\/de\/wp-json\/wp\/v2\/media?parent=13758"}],"wp:term":[{"taxonomy":"category","embeddable":true,"href":"https:\/\/suresms.com\/de\/wp-json\/wp\/v2\/categories?post=13758"},{"taxonomy":"post_tag","embeddable":true,"href":"https:\/\/suresms.com\/de\/wp-json\/wp\/v2\/tags?post=13758"}],"curies":[{"name":"wp","href":"https:\/\/api.w.org\/{rel}","templated":true}]}}