{"id":13370,"date":"2021-08-26T07:01:51","date_gmt":"2021-08-26T05:01:51","guid":{"rendered":"https:\/\/www.suresms.com\/dk\/?page_id=13370"},"modified":"2025-01-03T13:51:44","modified_gmt":"2025-01-03T13:51:44","slug":"textnachrichtenpapier","status":"publish","type":"page","link":"https:\/\/suresms.com\/de\/integrationer\/marketing-automation\/activecampaign\/guide\/","title":{"rendered":"SMS-Integration f\u00fcr ActiveCampaign - Anleitung"},"content":{"rendered":"<!-- Flexy Breadcrumb -->\r\n\t\t\t<div class=\"fbc fbc-page\">\r\n\r\n\t\t\t\t<!-- Breadcrumb wrapper -->\r\n\t\t\t\t<div class=\"fbc-wrap\">\r\n\r\n\t\t\t\t\t<!-- Ordered list-->\r\n\t\t\t\t\t<ol class=\"fbc-items\" itemscope itemtype=\"https:\/\/schema.org\/BreadcrumbList\">\r\n\t\t\t\t\t\t            <li itemprop=\"itemListElement\" itemscope itemtype=\"https:\/\/schema.org\/ListItem\">\r\n                <span itemprop=\"name\">\r\n                    <!-- Home Link -->\r\n                    <a itemprop=\"item\" href=\"https:\/\/suresms.com\/de\/\">\r\n                    \r\n                                                    <i class=\"fa fa-home\" aria-hidden=\"true\"><\/i>Zuhause                    <\/a>\r\n                <\/span>\r\n                <meta itemprop=\"position\" content=\"1\" \/><!-- Meta Position-->\r\n             <\/li><li><span class=\"fbc-separator\">\/<\/span><\/li><li class=\"active\" itemprop=\"itemListElement\" itemscope itemtype=\"https:\/\/schema.org\/ListItem\"><span itemprop=\"name\" title=\"SMS-Integration f\u00fcr ActiveCampaign - Anleitung\">SMS-Integration f\u00fcr ActiveCampaign...<\/span><meta itemprop=\"position\" content=\"2\" \/><\/li>\t\t\t\t\t<\/ol>\r\n\t\t\t\t\t<div class=\"clearfix\"><\/div>\r\n\t\t\t\t<\/div>\r\n\t\t\t<\/div>\r\n\t\t\t\n\t\t\t\t<img loading=\"lazy\" decoding=\"async\" src=\"https:\/\/suresms.com\/wp-content\/uploads\/2021\/08\/Product-Image-01-1.png\" alt=\"Produktbild 01\" itemprop=\"image\" height=\"286\" width=\"980\" title=\"Produktbild 01\" onerror=\"this.style.display='none'\"  \/>\n\t<h1>Anleitung zur Einrichtung<\/h1>\n<h2>\n\t\tEinrichtung in SureSMS\n\t<\/h2>\n\t<p>1. Erstelle ein SureSMS-Konto, falls du das noch nicht getan hast.\u00a0<a href=\"https:\/\/suresms.com\/de\/\">Klicke hier, um ein SMS-Gateway-Konto zu erstellen.<\/a><\/p>\n<p>2. F\u00fcr die Integration brauchst du eine SecretID und einen Secretkey. Du kannst diese in SureSMS erhalten.<\/p>\n<p>3. Melde dich auf https:\/\/app.suresms.com mit deinen Daten aus 1) an.<\/p>\n<p>4. w\u00e4hle im Men\u00fc API-Schl\u00fcssel unter dem Men\u00fc Einstellungen<\/p>\n<p><img loading=\"lazy\" decoding=\"async\" src=\"https:\/\/manual.suresms.com\/wp-content\/uploads\/2022\/03\/SureSMS-menu-API-Key.png\" sizes=\"auto, (max-width: 238px) 100vw, 238px\" srcset=\"https:\/\/manual.suresms.com\/wp-content\/uploads\/2022\/03\/SureSMS-menu-API-Key.png 478w, https:\/\/manual.suresms.com\/wp-content\/uploads\/2022\/03\/SureSMS-menu-API-Key-168x300.png 168w\" alt=\"SureSMS Men\u00fc - API Schl\u00fcssel\" width=\"238\" height=\"425\" \/><\/p>\n<p>5. W\u00e4hle nun das Men\u00fc \"Optionen\" in der oberen rechten Ecke und dann OAuth2-Schl\u00fcssel:<\/p>\n<p><img loading=\"lazy\" decoding=\"async\" src=\"https:\/\/manual.suresms.com\/wp-content\/uploads\/2022\/03\/SureSMS-menu-OAuth2-key.png\" sizes=\"auto, (max-width: 399px) 100vw, 399px\" srcset=\"https:\/\/manual.suresms.com\/wp-content\/uploads\/2022\/03\/SureSMS-menu-OAuth2-key.png 610w, https:\/\/manual.suresms.com\/wp-content\/uploads\/2022\/03\/SureSMS-menu-OAuth2-key-300x115.png 300w\" alt=\"\" width=\"399\" height=\"153\" \/><\/p>\n<p>6. Das System schl\u00e4gt eine ClientID und eine SecretId vor, aber du musst einen Namen eingeben. Gib zum Beispiel ActiveCampaign ein:<\/p>\n<p><img loading=\"lazy\" decoding=\"async\" src=\"https:\/\/manual.suresms.com\/wp-content\/uploads\/2022\/03\/SureSMS-menu-OAuth2-key1-1024x682.png\" sizes=\"auto, (max-width: 437px) 100vw, 437px\" srcset=\"https:\/\/manual.suresms.com\/wp-content\/uploads\/2022\/03\/SureSMS-menu-OAuth2-key1-1024x682.png 1024w, https:\/\/manual.suresms.com\/wp-content\/uploads\/2022\/03\/SureSMS-menu-OAuth2-key1-300x200.png 300w, https:\/\/manual.suresms.com\/wp-content\/uploads\/2022\/03\/SureSMS-menu-OAuth2-key1-768x511.png 768w, https:\/\/manual.suresms.com\/wp-content\/uploads\/2022\/03\/SureSMS-menu-OAuth2-key1.png 1395w\" alt=\"\" width=\"437\" height=\"291\" \/><\/p>\n<p>7. Kopiere die Kunden-ID und die geheime ID von dieser Seite und dr\u00fccke auf \"Speichern\".<\/p>\n<h2>\n\t\tEinrichtung in ActiveCampaign\n\t<\/h2>\n\t<p>8. \u00d6ffne ActiveCampaign, gehe zu \"Automatisierung\" und klicke auf<\/p>\n<p><img loading=\"lazy\" decoding=\"async\" src=\"https:\/\/manual.suresms.com\/wp-content\/uploads\/2022\/03\/ActiveCampaign-automation.png\" sizes=\"auto, (max-width: 238px) 100vw, 238px\" srcset=\"https:\/\/manual.suresms.com\/wp-content\/uploads\/2022\/03\/ActiveCampaign-automation.png 332w, https:\/\/manual.suresms.com\/wp-content\/uploads\/2022\/03\/ActiveCampaign-automation-120x300.png 120w\" alt=\"\" width=\"238\" height=\"594\" \/><\/p>\n<p>und klicke dann auf \"Automatisierung erstellen\" in der oberen rechten Ecke:<\/p>\n<p><img loading=\"lazy\" decoding=\"async\" src=\"https:\/\/manual.suresms.com\/wp-content\/uploads\/2022\/03\/ActivceCampaign-Create-Automation.png\" sizes=\"auto, (max-width: 643px) 100vw, 643px\" srcset=\"https:\/\/manual.suresms.com\/wp-content\/uploads\/2022\/03\/ActivceCampaign-Create-Automation.png 643w, https:\/\/manual.suresms.com\/wp-content\/uploads\/2022\/03\/ActivceCampaign-Create-Automation-300x94.png 300w\" alt=\"\" width=\"643\" height=\"202\" \/><\/p>\n<p>10. Klicke jetzt auf \"Von vorne beginnen\".<\/p>\n<p><img loading=\"lazy\" decoding=\"async\" src=\"https:\/\/manual.suresms.com\/wp-content\/uploads\/2022\/03\/ActiveCampaign-start-from-scratch-1-1024x679.png\" sizes=\"auto, (max-width: 1024px) 100vw, 1024px\" srcset=\"https:\/\/manual.suresms.com\/wp-content\/uploads\/2022\/03\/ActiveCampaign-start-from-scratch-1-1024x679.png 1024w, https:\/\/manual.suresms.com\/wp-content\/uploads\/2022\/03\/ActiveCampaign-start-from-scratch-1-300x199.png 300w, https:\/\/manual.suresms.com\/wp-content\/uploads\/2022\/03\/ActiveCampaign-start-from-scratch-1-768x509.png 768w, https:\/\/manual.suresms.com\/wp-content\/uploads\/2022\/03\/ActiveCampaign-start-from-scratch-1.png 1336w\" alt=\"\" width=\"1024\" height=\"679\" \/><\/p>\n<p>11. Als N\u00e4chstes w\u00e4hlst du einen \"Ausl\u00f6ser\" aus<\/p>\n<p><img loading=\"lazy\" decoding=\"async\" src=\"https:\/\/manual.suresms.com\/wp-content\/uploads\/2022\/03\/ActivceCampaign-Select-trigger-1024x610.png\" sizes=\"auto, (max-width: 1024px) 100vw, 1024px\" srcset=\"https:\/\/manual.suresms.com\/wp-content\/uploads\/2022\/03\/ActivceCampaign-Select-trigger-1024x610.png 1024w, https:\/\/manual.suresms.com\/wp-content\/uploads\/2022\/03\/ActivceCampaign-Select-trigger-300x179.png 300w, https:\/\/manual.suresms.com\/wp-content\/uploads\/2022\/03\/ActivceCampaign-Select-trigger-768x457.png 768w, https:\/\/manual.suresms.com\/wp-content\/uploads\/2022\/03\/ActivceCampaign-Select-trigger.png 1172w\" alt=\"\" width=\"1024\" height=\"610\" \/><\/p>\n<p>Du kannst zum Beispiel eine SMS senden, wenn ein Kontakt eine Liste abonniert. \"Abonnieren einer Liste\".<\/p>\n<p>12. In der Automatisierung selbst kannst du jetzt in der rechten Ecke wie folgt nach SureSMS suchen:<\/p>\n<p><img loading=\"lazy\" decoding=\"async\" src=\"https:\/\/manual.suresms.com\/wp-content\/uploads\/2022\/03\/ActiveCampaign-select-SureSMS.png\" sizes=\"auto, (max-width: 737px) 100vw, 737px\" srcset=\"https:\/\/manual.suresms.com\/wp-content\/uploads\/2022\/03\/ActiveCampaign-select-SureSMS.png 737w, https:\/\/manual.suresms.com\/wp-content\/uploads\/2022\/03\/ActiveCampaign-select-SureSMS-268x300.png 268w\" alt=\"\" width=\"737\" height=\"825\" \/><\/p>\n<p>W\u00e4hle zum Beispiel \"SMS mit SureSMS senden\".<\/p>\n<p>13. Jetzt wirst du nach der Secret ID und dem Secret Key aus Schritt 7 gefragt.\u00a0<img loading=\"lazy\" decoding=\"async\" src=\"https:\/\/manual.suresms.com\/wp-content\/uploads\/2022\/03\/SureSMS-ClientIDAndClientSecret.png\" sizes=\"auto, (max-width: 855px) 100vw, 855px\" srcset=\"https:\/\/manual.suresms.com\/wp-content\/uploads\/2022\/03\/SureSMS-ClientIDAndClientSecret.png 855w, https:\/\/manual.suresms.com\/wp-content\/uploads\/2022\/03\/SureSMS-ClientIDAndClientSecret-300x290.png 300w, https:\/\/manual.suresms.com\/wp-content\/uploads\/2022\/03\/SureSMS-ClientIDAndClientSecret-768x743.png 768w\" alt=\"\" width=\"855\" height=\"827\" \/><\/p>\n<p>Gib die Werte f\u00fcr ClientID und Client Secret in diese beiden Felder ein und klicke auf \"Verbinden\".<\/p>\n<p>14. Jetzt musst du die zu versendende SMS-Nachricht schreiben.<\/p>\n<p><img loading=\"lazy\" decoding=\"async\" src=\"https:\/\/manual.suresms.com\/wp-content\/uploads\/2022\/03\/SureSMS-SendSMS-1.png\" sizes=\"auto, (max-width: 858px) 100vw, 858px\" srcset=\"https:\/\/manual.suresms.com\/wp-content\/uploads\/2022\/03\/SureSMS-SendSMS-1.png 858w, https:\/\/manual.suresms.com\/wp-content\/uploads\/2022\/03\/SureSMS-SendSMS-1-300x254.png 300w, https:\/\/manual.suresms.com\/wp-content\/uploads\/2022\/03\/SureSMS-SendSMS-1-768x651.png 768w\" alt=\"\" width=\"858\" height=\"727\" \/><\/p>\n<p>W\u00e4hle eine deiner autorisierten \"Absender-IDs\" aus der Liste aus. Das ist der Wert, den wir als Absender verwenden, wenn wir senden. Wenn du einen anderen Absender brauchst, z. B. den Namen deines Unternehmens oder den Namen deiner Kampagne, kannst du hier eine Genehmigung f\u00fcr diesen Absender beantragen:\u00a0<a href=\"https:\/\/app.suresms.com\/Message\/SenderData\">https:\/\/app.suresms.com\/ (Anmeldung erforderlich)<\/a><\/p>\n<p>Dann schreibst du die SMS-Nachricht, die du \u00fcber die Felder von ActiveCampaign personalisieren kannst.<\/p>\n<p>Dr\u00fccke auf \"Fertigstellen\" - und du bist fertig! Gl\u00fcckwunsch an dich<\/p>\n<p>Hast du noch Fragen? Schreibe an support@suresms.com und erhalte alle Antworten \ud83d\ude42<\/p>\n<p>&nbsp;<\/p>\n\t<p>Schau dir das Video an, das dich Schritt f\u00fcr Schritt durch die Einrichtung f\u00fchrt.<\/p>\n\t\t\t\t\t<video src=\"https:\/\/suresms.com\/wp-content\/uploads\/2024\/09\/Dokumentation-SMS-fra-Klaviyo-flows-1.mp4\" alt=\"hosted-video-thumbnail\"><\/video>","protected":false},"excerpt":{"rendered":"<p>Einrichtungsanleitung Einrichtung in SureSMS 1. Erstelle ein SureSMS-Konto, falls du das noch nicht getan hast. Klicke hier, um ein SMS Gateway Konto zu erstellen. 2. F\u00fcr die Integration brauchst du eine SecretID und einen Secretkey. Diese erh\u00e4ltst du in SureSMS. 3. Melde dich auf https:\/\/app.suresms.com mit deinen Daten aus 1) an. 4. Im Men\u00fc ... <a title=\"SMS-Integration f\u00fcr ActiveCampaign - Anleitung\" class=\"read-more\" href=\"https:\/\/suresms.com\/de\/integrationer\/marketing-automation\/activecampaign\/guide\/\" aria-label=\"Weitere Informationen zur SMS-Integration f\u00fcr ActiveCampaign - Anleitung\">Mehr lesen<\/a><\/p>","protected":false},"author":1,"featured_media":0,"parent":18361,"menu_order":1,"comment_status":"closed","ping_status":"closed","template":"","meta":{"_fl_builder_enabled":"1","_fl_builder_data":null,"_fl_builder_draft":null,"_fl_builder_data_settings":null,"_fl_builder_css":"","_fl_builder_css_version":"","_fl_builder_js":"","footnotes":""},"categories":[],"tags":[],"class_list":["post-13370","page","type-page","status-publish"],"yoast_head":"<!-- This site is optimized with the Yoast SEO Premium plugin v27.3 (Yoast SEO v27.3) - https:\/\/yoast.com\/product\/yoast-seo-premium-wordpress\/ -->\r\n<title>SMS integration til ActiveCampaign - guide -<\/title>\r\n<meta name=\"description\" content=\"Integrer i dag, og kom i gang med at skabe v\u00e6rdifulde automations og kampagner! En \u00e5bningsrate p\u00e5 98 % lyver ikke \u2713\" \/>\r\n<meta name=\"robots\" content=\"noindex, follow\" \/>\r\n<meta property=\"og:locale\" content=\"de_DE\" \/>\r\n<meta property=\"og:type\" content=\"article\" \/>\r\n<meta property=\"og:title\" content=\"SMS integration til ActiveCampaign - guide\" \/>\r\n<meta property=\"og:description\" content=\"Integrer i dag, og kom i gang med at skabe v\u00e6rdifulde automations og kampagner! En \u00e5bningsrate p\u00e5 98 % lyver ikke \u2713\" \/>\r\n<meta property=\"og:url\" content=\"https:\/\/suresms.com\/de\/integrationen\/marketing-automatisierung\/activecampaign\/textnachrichtenpapier\/\" \/>\r\n<meta property=\"article:publisher\" content=\"https:\/\/www.facebook.com\/p\/SureSMS-100044607956149\/\" \/>\r\n<meta property=\"article:modified_time\" content=\"2025-01-03T13:51:44+00:00\" \/>\r\n<meta property=\"og:image\" content=\"https:\/\/suresms.com\/wp-content\/uploads\/2021\/08\/Product-Image-01-1.png\" \/>\r\n<meta name=\"twitter:card\" content=\"summary_large_image\" \/>\r\n<meta name=\"twitter:label1\" content=\"Gesch\u00e4tzte Lesezeit\" \/>\n\t<meta name=\"twitter:data1\" content=\"4\u00a0Minuten\" \/>\r\n<script type=\"application\/ld+json\" class=\"yoast-schema-graph\">{\"@context\":\"https:\\\/\\\/schema.org\",\"@graph\":[{\"@type\":\"WebPage\",\"@id\":\"https:\\\/\\\/suresms.com\\\/dk\\\/integrationer\\\/marketing-automation\\\/activecampaign\\\/guide\\\/\",\"url\":\"https:\\\/\\\/suresms.com\\\/dk\\\/integrationer\\\/marketing-automation\\\/activecampaign\\\/guide\\\/\",\"name\":\"SMS integration til ActiveCampaign - guide -\",\"isPartOf\":{\"@id\":\"https:\\\/\\\/suresms.com\\\/en\\\/#website\"},\"primaryImageOfPage\":{\"@id\":\"https:\\\/\\\/suresms.com\\\/dk\\\/integrationer\\\/marketing-automation\\\/activecampaign\\\/guide\\\/#primaryimage\"},\"image\":{\"@id\":\"https:\\\/\\\/suresms.com\\\/dk\\\/integrationer\\\/marketing-automation\\\/activecampaign\\\/guide\\\/#primaryimage\"},\"thumbnailUrl\":\"https:\\\/\\\/suresms.com\\\/wp-content\\\/uploads\\\/2021\\\/08\\\/Product-Image-01-1.png\",\"datePublished\":\"2021-08-26T05:01:51+00:00\",\"dateModified\":\"2025-01-03T13:51:44+00:00\",\"description\":\"Integrer i dag, og kom i gang med at skabe v\u00e6rdifulde automations og kampagner! En \u00e5bningsrate p\u00e5 98 % lyver ikke \u2713\",\"breadcrumb\":{\"@id\":\"https:\\\/\\\/suresms.com\\\/dk\\\/integrationer\\\/marketing-automation\\\/activecampaign\\\/guide\\\/#breadcrumb\"},\"inLanguage\":\"de\",\"potentialAction\":[{\"@type\":\"ReadAction\",\"target\":[\"https:\\\/\\\/suresms.com\\\/dk\\\/integrationer\\\/marketing-automation\\\/activecampaign\\\/guide\\\/\"]}]},{\"@type\":\"ImageObject\",\"inLanguage\":\"de\",\"@id\":\"https:\\\/\\\/suresms.com\\\/dk\\\/integrationer\\\/marketing-automation\\\/activecampaign\\\/guide\\\/#primaryimage\",\"url\":\"https:\\\/\\\/suresms.com\\\/wp-content\\\/uploads\\\/2021\\\/08\\\/Product-Image-01-1.png\",\"contentUrl\":\"https:\\\/\\\/suresms.com\\\/wp-content\\\/uploads\\\/2021\\\/08\\\/Product-Image-01-1.png\"},{\"@type\":\"BreadcrumbList\",\"@id\":\"https:\\\/\\\/suresms.com\\\/dk\\\/integrationer\\\/marketing-automation\\\/activecampaign\\\/guide\\\/#breadcrumb\",\"itemListElement\":[{\"@type\":\"ListItem\",\"position\":1,\"name\":\"Home\",\"item\":\"https:\\\/\\\/suresms.com\\\/dk\\\/\"},{\"@type\":\"ListItem\",\"position\":2,\"name\":\"Integrationer\",\"item\":\"https:\\\/\\\/suresms.com\\\/dk\\\/integrationer\\\/\"},{\"@type\":\"ListItem\",\"position\":3,\"name\":\"SMS integration til Marketing Automation\",\"item\":\"https:\\\/\\\/suresms.com\\\/dk\\\/integrationer\\\/marketing-automation\\\/\"},{\"@type\":\"ListItem\",\"position\":4,\"name\":\"SMS integration til ActiveCampaign\",\"item\":\"https:\\\/\\\/suresms.com\\\/dk\\\/integrationer\\\/marketing-automation\\\/activecampaign\\\/\"},{\"@type\":\"ListItem\",\"position\":5,\"name\":\"SMS integration til ActiveCampaign &#8211; guide\"}]},{\"@type\":\"WebSite\",\"@id\":\"https:\\\/\\\/suresms.com\\\/en\\\/#website\",\"url\":\"https:\\\/\\\/suresms.com\\\/en\\\/\",\"name\":\"SureSMS\",\"description\":\"Professionel SMS Gateway\",\"publisher\":{\"@id\":\"https:\\\/\\\/suresms.com\\\/en\\\/#organization\"},\"potentialAction\":[{\"@type\":\"SearchAction\",\"target\":{\"@type\":\"EntryPoint\",\"urlTemplate\":\"https:\\\/\\\/suresms.com\\\/en\\\/?s={search_term_string}\"},\"query-input\":{\"@type\":\"PropertyValueSpecification\",\"valueRequired\":true,\"valueName\":\"search_term_string\"}}],\"inLanguage\":\"de\"},{\"@type\":\"Organization\",\"@id\":\"https:\\\/\\\/suresms.com\\\/en\\\/#organization\",\"name\":\"SureSMS\",\"url\":\"https:\\\/\\\/suresms.com\\\/en\\\/\",\"logo\":{\"@type\":\"ImageObject\",\"inLanguage\":\"de\",\"@id\":\"https:\\\/\\\/suresms.com\\\/en\\\/#\\\/schema\\\/logo\\\/image\\\/\",\"url\":\"https:\\\/\\\/suresms.com\\\/wp-content\\\/uploads\\\/2024\\\/11\\\/suresms-300x65-1.png\",\"contentUrl\":\"https:\\\/\\\/suresms.com\\\/wp-content\\\/uploads\\\/2024\\\/11\\\/suresms-300x65-1.png\",\"width\":300,\"height\":65,\"caption\":\"SureSMS\"},\"image\":{\"@id\":\"https:\\\/\\\/suresms.com\\\/en\\\/#\\\/schema\\\/logo\\\/image\\\/\"},\"sameAs\":[\"https:\\\/\\\/www.facebook.com\\\/p\\\/SureSMS-100044607956149\\\/\"]}]}<\/script>\r\n<!-- \/ Yoast SEO Premium plugin. -->","yoast_head_json":{"title":"SMS-Integration f\u00fcr ActiveCampaign - Anleitung","description":"Integriere sie noch heute und beginne mit der Erstellung wertvoller Automatisierungen und Kampagnen! Eine \u00d6ffnungsrate von 98 % l\u00fcgt nicht \u2713.","robots":{"index":"noindex","follow":"follow"},"og_locale":"de_DE","og_type":"article","og_title":"SMS integration til ActiveCampaign - guide","og_description":"Integrer i dag, og kom i gang med at skabe v\u00e6rdifulde automations og kampagner! En \u00e5bningsrate p\u00e5 98 % lyver ikke \u2713","og_url":"https:\/\/suresms.com\/de\/integrationen\/marketing-automatisierung\/activecampaign\/textnachrichtenpapier\/","article_publisher":"https:\/\/www.facebook.com\/p\/SureSMS-100044607956149\/","article_modified_time":"2025-01-03T13:51:44+00:00","og_image":[{"url":"https:\/\/suresms.com\/wp-content\/uploads\/2021\/08\/Product-Image-01-1.png","type":"","width":"","height":""}],"twitter_card":"summary_large_image","twitter_misc":{"Gesch\u00e4tzte Lesezeit":"4\u00a0Minuten"},"schema":{"@context":"https:\/\/schema.org","@graph":[{"@type":"WebPage","@id":"https:\/\/suresms.com\/dk\/integrationer\/marketing-automation\/activecampaign\/guide\/","url":"https:\/\/suresms.com\/dk\/integrationer\/marketing-automation\/activecampaign\/guide\/","name":"SMS-Integration f\u00fcr ActiveCampaign - Anleitung","isPartOf":{"@id":"https:\/\/suresms.com\/en\/#website"},"primaryImageOfPage":{"@id":"https:\/\/suresms.com\/dk\/integrationer\/marketing-automation\/activecampaign\/guide\/#primaryimage"},"image":{"@id":"https:\/\/suresms.com\/dk\/integrationer\/marketing-automation\/activecampaign\/guide\/#primaryimage"},"thumbnailUrl":"https:\/\/suresms.com\/wp-content\/uploads\/2021\/08\/Product-Image-01-1.png","datePublished":"2021-08-26T05:01:51+00:00","dateModified":"2025-01-03T13:51:44+00:00","description":"Integriere sie noch heute und beginne mit der Erstellung wertvoller Automatisierungen und Kampagnen! Eine \u00d6ffnungsrate von 98 % l\u00fcgt nicht \u2713.","breadcrumb":{"@id":"https:\/\/suresms.com\/dk\/integrationer\/marketing-automation\/activecampaign\/guide\/#breadcrumb"},"inLanguage":"de","potentialAction":[{"@type":"ReadAction","target":["https:\/\/suresms.com\/dk\/integrationer\/marketing-automation\/activecampaign\/guide\/"]}]},{"@type":"ImageObject","inLanguage":"de","@id":"https:\/\/suresms.com\/dk\/integrationer\/marketing-automation\/activecampaign\/guide\/#primaryimage","url":"https:\/\/suresms.com\/wp-content\/uploads\/2021\/08\/Product-Image-01-1.png","contentUrl":"https:\/\/suresms.com\/wp-content\/uploads\/2021\/08\/Product-Image-01-1.png"},{"@type":"BreadcrumbList","@id":"https:\/\/suresms.com\/dk\/integrationer\/marketing-automation\/activecampaign\/guide\/#breadcrumb","itemListElement":[{"@type":"ListItem","position":1,"name":"Home","item":"https:\/\/suresms.com\/dk\/"},{"@type":"ListItem","position":2,"name":"Integrationer","item":"https:\/\/suresms.com\/dk\/integrationer\/"},{"@type":"ListItem","position":3,"name":"SMS integration til Marketing Automation","item":"https:\/\/suresms.com\/dk\/integrationer\/marketing-automation\/"},{"@type":"ListItem","position":4,"name":"SMS integration til ActiveCampaign","item":"https:\/\/suresms.com\/dk\/integrationer\/marketing-automation\/activecampaign\/"},{"@type":"ListItem","position":5,"name":"SMS integration til ActiveCampaign &#8211; guide"}]},{"@type":"WebSite","@id":"https:\/\/suresms.com\/en\/#website","url":"https:\/\/suresms.com\/en\/","name":"SureSMS","description":"Professioneller SMS-Gateway","publisher":{"@id":"https:\/\/suresms.com\/en\/#organization"},"potentialAction":[{"@type":"SearchAction","target":{"@type":"EntryPoint","urlTemplate":"https:\/\/suresms.com\/en\/?s={search_term_string}"},"query-input":{"@type":"PropertyValueSpecification","valueRequired":true,"valueName":"search_term_string"}}],"inLanguage":"de"},{"@type":"Organization","@id":"https:\/\/suresms.com\/en\/#organization","name":"SureSMS","url":"https:\/\/suresms.com\/en\/","logo":{"@type":"ImageObject","inLanguage":"de","@id":"https:\/\/suresms.com\/en\/#\/schema\/logo\/image\/","url":"https:\/\/suresms.com\/wp-content\/uploads\/2024\/11\/suresms-300x65-1.png","contentUrl":"https:\/\/suresms.com\/wp-content\/uploads\/2024\/11\/suresms-300x65-1.png","width":300,"height":65,"caption":"SureSMS"},"image":{"@id":"https:\/\/suresms.com\/en\/#\/schema\/logo\/image\/"},"sameAs":["https:\/\/www.facebook.com\/p\/SureSMS-100044607956149\/"]}]}},"_links":{"self":[{"href":"https:\/\/suresms.com\/de\/wp-json\/wp\/v2\/pages\/13370","targetHints":{"allow":["GET"]}}],"collection":[{"href":"https:\/\/suresms.com\/de\/wp-json\/wp\/v2\/pages"}],"about":[{"href":"https:\/\/suresms.com\/de\/wp-json\/wp\/v2\/types\/page"}],"author":[{"embeddable":true,"href":"https:\/\/suresms.com\/de\/wp-json\/wp\/v2\/users\/1"}],"replies":[{"embeddable":true,"href":"https:\/\/suresms.com\/de\/wp-json\/wp\/v2\/comments?post=13370"}],"version-history":[{"count":2,"href":"https:\/\/suresms.com\/de\/wp-json\/wp\/v2\/pages\/13370\/revisions"}],"predecessor-version":[{"id":19402,"href":"https:\/\/suresms.com\/de\/wp-json\/wp\/v2\/pages\/13370\/revisions\/19402"}],"up":[{"embeddable":true,"href":"https:\/\/suresms.com\/de\/wp-json\/wp\/v2\/pages\/18361"}],"wp:attachment":[{"href":"https:\/\/suresms.com\/de\/wp-json\/wp\/v2\/media?parent=13370"}],"wp:term":[{"taxonomy":"category","embeddable":true,"href":"https:\/\/suresms.com\/de\/wp-json\/wp\/v2\/categories?post=13370"},{"taxonomy":"post_tag","embeddable":true,"href":"https:\/\/suresms.com\/de\/wp-json\/wp\/v2\/tags?post=13370"}],"curies":[{"name":"wp","href":"https:\/\/api.w.org\/{rel}","templated":true}]}}