{"id":1076,"date":"2015-02-26T15:14:08","date_gmt":"2015-02-26T13:14:08","guid":{"rendered":"https:\/\/www.suresms.com\/dk\/?page_id=1076"},"modified":"2024-12-06T13:00:45","modified_gmt":"2024-12-06T13:00:45","slug":"sms-vorlagen","status":"publish","type":"page","link":"https:\/\/suresms.com\/de\/funktioner\/sms-skabeloner\/","title":{"rendered":"SMS-Vorlagen"},"content":{"rendered":"<!-- Flexy Breadcrumb -->\r\n\t\t\t<div class=\"fbc fbc-page\">\r\n\r\n\t\t\t\t<!-- Breadcrumb wrapper -->\r\n\t\t\t\t<div class=\"fbc-wrap\">\r\n\r\n\t\t\t\t\t<!-- Ordered list-->\r\n\t\t\t\t\t<ol class=\"fbc-items\" itemscope itemtype=\"https:\/\/schema.org\/BreadcrumbList\">\r\n\t\t\t\t\t\t            <li itemprop=\"itemListElement\" itemscope itemtype=\"https:\/\/schema.org\/ListItem\">\r\n                <span itemprop=\"name\">\r\n                    <!-- Home Link -->\r\n                    <a itemprop=\"item\" href=\"https:\/\/suresms.com\/de\/\">\r\n                    \r\n                                                    <i class=\"fa fa-home\" aria-hidden=\"true\"><\/i>Zuhause                    <\/a>\r\n                <\/span>\r\n                <meta itemprop=\"position\" content=\"1\" \/><!-- Meta Position-->\r\n             <\/li><li><span class=\"fbc-separator\">\/<\/span><\/li><li class=\"active\" itemprop=\"itemListElement\" itemscope itemtype=\"https:\/\/schema.org\/ListItem\"><span itemprop=\"name\" title=\"SMS-Vorlagen\">SMS-Vorlagen<\/span><meta itemprop=\"position\" content=\"2\" \/><\/li>\t\t\t\t\t<\/ol>\r\n\t\t\t\t\t<div class=\"clearfix\"><\/div>\r\n\t\t\t\t<\/div>\r\n\t\t\t<\/div>\r\n\t\t\t\n<h1>\n\t\tSMS-Vorlagen\n\t<\/h1>\n\t<p>Viele unserer Kunden verschicken immer wieder dieselbe Art von Nachrichten an Kunden oder Gesch\u00e4ftspartner. Es ist eine gute Idee, die M\u00f6glichkeit zu nutzen, Vorlagen in unserem SMS-System zu erstellen.<\/p>\n<p><strong>Mit einer Vorlage kannst du Arbeitszeit sparen und sicherstellen, dass alle deine Nutzer\/innen den besten Service erhalten!<\/strong><\/p>\n<p>Eine Vorlage ist ein Text, den du viele Male verwenden kannst. Anstatt die Nachricht jedes Mal zu schreiben, wenn du sie verschicken musst, kannst du eine Vorlage erstellen. Sobald du die Vorlage erstellt hast, kannst du sie aus einer Liste ausw\u00e4hlen und die von dir gew\u00e4hlte Nachricht wird automatisch versendet.<\/p>\n<p>&nbsp;<\/p>\n\t<ul>\n\t\t<li>\t\t\t\t\n\t\t<h3>Verschiedene Vorlagen<\/h3><p>Es ist m\u00f6glich, alle Vorlagen zu erstellen, die Sie ben\u00f6tigen. Wenn Sie z. B. eine Nachricht \"Denken Sie an Ihre Zeit...\", aber auch die Nachricht \"Ihre Ware ist angekommen...\" senden m\u00fcssen, erstellen Sie einfach zwei verschiedene Vorlagen.<\/p><\/li><li>\t\t\t\t\n\t\t<h3>Einfache Verwaltung<\/h3><p>Auf unserer Website kannst du ganz einfach Vorlagen f\u00fcr alle m\u00f6glichen Zwecke erstellen, bearbeiten und l\u00f6schen. Und es gibt die M\u00f6glichkeit, eine unbegrenzte Anzahl von Vorlagen f\u00fcr jeden Zweck zu erstellen.<\/p><\/li><li>\t\t\t\t\n\t\t<h3>Pers\u00f6nliche Nachrichten<\/h3><p>Wenn Sie Ihre Nachrichten personalisieren m\u00f6chten, um eine bessere Kundenreaktion zu erzielen, k\u00f6nnen Sie Namen in die Nachrichten einf\u00fcgen, um keine Kompromisse einzugehen und Ihren Kunden personalisierte Nachrichten zukommen zu lassen. Mehr \u00fcber die Funktion \"Personalisierte Nachrichten in Gruppen zusammenf\u00fchren\" erfahren Sie hier<\/p><\/li>\t<\/ul>\n\t<p>Lies den Leitfaden auf <a href=\"https:\/\/suresms.com\/de\/docs\/docs-9\/docs-12\/#___Brug_af_skabeloner__\">Hier Vorlagen verwenden<\/a>.<\/p>\n\t\t<h4>Willst du sofort ein Konto erstellen? <\/h4>\n\t\t<p>Wir sind bereit und warten darauf, dich als SureSMS-Kunde zu begr\u00fc\u00dfen!<\/p>\n\t\t\t<a href=\"https:\/\/suresms.com\/de\/sms-gateway-konto-erstellen\/\" target=\"_self\">\n\t\t\t\t\t\t\tErstelle ein SureSMS-Konto!\n\t\t\t\t\t<\/a>\n\t\t<h4>Bestelle eine 2-Wege-L\u00f6sung!<\/h4>\n\t\t<p>Du hast bereits ein Konto? Bestelle eine 2-Wege-L\u00f6sung und erhalte die zus\u00e4tzlichen Optionen, die deine eigene L\u00f6sung bietet.\u00a0<\/p>\n\t\t\t<a href=\"https:\/\/suresms.com\/de\/2-wege-entladung-bestellen\/\" target=\"_self\">\n\t\t\t\t\t\t\t2-Wege-L\u00f6sung bestellen\n\t\t\t\t\t<\/a>\n\t<h4><strong>Hier k\u00f6nnen Sie einige Beispiele lesen, wie unsere Kunden die Funktion heute nutzen: \"E-mail2SMS\"<\/strong><\/h4>\n<ul>\n<li>Mehrere Gemeinden nutzen E-mail2SMS von SureSMS zur \u00dcberwachung ihrer IT. Ein neuer Trend unter Hackern ist es, Viren zu versenden, die die Daten des Empf\u00e4ngers verschl\u00fcsseln und dann ein L\u00f6segeld verlangen, um sie wieder freizugeben. Je schneller freigegebene Laufwerke etc. vom Netz getrennt werden, desto weniger Schaden entsteht. Die \u00dcberwachung nutzt e-mail2SMS, um eine SMS an die Unterst\u00fctzer der Gemeinde zu senden, damit diese schnell reagieren und den Schaden minimieren k\u00f6nnen.<\/li>\n<li>Zu unseren Kunden geh\u00f6ren mehrere gro\u00dfe Computer- und Elektronikunternehmen, die unsere E-Mail2SMS-L\u00f6sung in ihre Systeme integriert haben. Die Systeme senden eine SMS an die Kunden \u00fcber den Status ihres Servicefalls.<\/li>\n<li>Die gleiche einfach zu integrierende Funktion wird von mehreren Versicherungsunternehmen genutzt, um Statusmeldungen an Kunden \u00fcber ihre Anspr\u00fcche und andere Versicherungsangelegenheiten zu senden.<\/li>\n<li>Und dann haben wir noch einen r\u00fchrigen Gartenverein aus dem gr\u00fcnen Amager, der Einladungen zu Mitgliederversammlungen und andere Informationen und Veranstaltungen an seine Kolonisten verschickt. <strong>Lass D\u00e4nemark bl\u00fchen und den Fr\u00fchling kommen!<\/strong><\/li>\n<\/ul>","protected":false},"excerpt":{"rendered":"<p>SMS-Vorlagen Viele unserer Kunden verschicken immer wieder die gleiche Art von Nachrichten an Kunden oder Gesch\u00e4ftspartner. Es ist eine gute Idee, die Option zur Erstellung von Vorlagen in unserem SMS-System zu nutzen. Mit einer Vorlage k\u00f6nnen Sie Zeit sparen und sicherstellen, dass alle Ihre Benutzer die besten Nachrichten erhalten... <a title=\"SMS-Vorlagen\" class=\"read-more\" href=\"https:\/\/suresms.com\/de\/funktioner\/sms-skabeloner\/\" aria-label=\"Weitere Informationen \u00fcber SMS-Vorlagen\">Mehr lesen<\/a><\/p>","protected":false},"author":1,"featured_media":0,"parent":958,"menu_order":8,"comment_status":"closed","ping_status":"closed","template":"","meta":{"_fl_builder_enabled":"1","_fl_builder_data":null,"_fl_builder_draft":null,"_fl_builder_data_settings":null,"_fl_builder_css":"","_fl_builder_css_version":"","_fl_builder_js":"","footnotes":""},"categories":[17],"tags":[],"class_list":{"0":"post-1076","1":"page","2":"type-page","3":"status-publish","5":"category-linkfracornorstone"},"yoast_head":"<!-- This site is optimized with the Yoast SEO Premium plugin v27.3 (Yoast SEO v27.3) - https:\/\/yoast.com\/product\/yoast-seo-premium-wordpress\/ -->\r\n<title>SMS Templates | Opret let mange SMS skabeloner og spar tid<\/title>\r\n<meta name=\"description\" content=\"Skal du sende mange ens beskeder? Opret nemt SMS skabeloner og spar tid og arbejde. gratis funktion . Opret gratis testkonto inkl. 100 SMS&#039;er og pr\u00f8v nu.\" \/>\r\n<meta name=\"robots\" content=\"index, follow, max-snippet:-1, max-image-preview:large, max-video-preview:-1\" \/>\r\n<link rel=\"canonical\" href=\"https:\/\/suresms.com\/de\/eigenschaften\/sms-vorlagen\/\" \/>\r\n<meta property=\"og:locale\" content=\"de_DE\" \/>\r\n<meta property=\"og:type\" content=\"article\" \/>\r\n<meta property=\"og:title\" content=\"SMS skabeloner\" \/>\r\n<meta property=\"og:description\" content=\"Skal du sende mange ens beskeder? Opret nemt SMS skabeloner og spar tid og arbejde. gratis funktion . Opret gratis testkonto inkl. 100 SMS&#039;er og pr\u00f8v nu.\" \/>\r\n<meta property=\"og:url\" content=\"https:\/\/suresms.com\/de\/eigenschaften\/sms-vorlagen\/\" \/>\r\n<meta property=\"article:publisher\" content=\"https:\/\/www.facebook.com\/p\/SureSMS-100044607956149\/\" \/>\r\n<meta property=\"article:modified_time\" content=\"2024-12-06T13:00:45+00:00\" \/>\r\n<meta name=\"twitter:card\" content=\"summary_large_image\" \/>\r\n<meta name=\"twitter:label1\" content=\"Gesch\u00e4tzte Lesezeit\" \/>\n\t<meta name=\"twitter:data1\" content=\"7\u00a0Minuten\" \/>\r\n<script type=\"application\/ld+json\" class=\"yoast-schema-graph\">{\"@context\":\"https:\\\/\\\/schema.org\",\"@graph\":[{\"@type\":\"WebPage\",\"@id\":\"https:\\\/\\\/suresms.com\\\/dk\\\/funktioner\\\/sms-skabeloner\\\/\",\"url\":\"https:\\\/\\\/suresms.com\\\/dk\\\/funktioner\\\/sms-skabeloner\\\/\",\"name\":\"SMS Templates | Opret let mange SMS skabeloner og spar tid\",\"isPartOf\":{\"@id\":\"https:\\\/\\\/suresms.com\\\/en\\\/#website\"},\"datePublished\":\"2015-02-26T13:14:08+00:00\",\"dateModified\":\"2024-12-06T13:00:45+00:00\",\"description\":\"Skal du sende mange ens beskeder? Opret nemt SMS skabeloner og spar tid og arbejde. gratis funktion . Opret gratis testkonto inkl. 100 SMS'er og pr\u00f8v nu.\",\"breadcrumb\":{\"@id\":\"https:\\\/\\\/suresms.com\\\/dk\\\/funktioner\\\/sms-skabeloner\\\/#breadcrumb\"},\"inLanguage\":\"de\",\"potentialAction\":[{\"@type\":\"ReadAction\",\"target\":[\"https:\\\/\\\/suresms.com\\\/dk\\\/funktioner\\\/sms-skabeloner\\\/\"]}]},{\"@type\":\"BreadcrumbList\",\"@id\":\"https:\\\/\\\/suresms.com\\\/dk\\\/funktioner\\\/sms-skabeloner\\\/#breadcrumb\",\"itemListElement\":[{\"@type\":\"ListItem\",\"position\":1,\"name\":\"Home\",\"item\":\"https:\\\/\\\/suresms.com\\\/dk\\\/\"},{\"@type\":\"ListItem\",\"position\":2,\"name\":\"Funktioner\",\"item\":\"https:\\\/\\\/suresms.com\\\/dk\\\/funktioner\\\/\"},{\"@type\":\"ListItem\",\"position\":3,\"name\":\"SMS skabeloner\"}]},{\"@type\":\"WebSite\",\"@id\":\"https:\\\/\\\/suresms.com\\\/en\\\/#website\",\"url\":\"https:\\\/\\\/suresms.com\\\/en\\\/\",\"name\":\"SureSMS\",\"description\":\"Professionel SMS Gateway\",\"publisher\":{\"@id\":\"https:\\\/\\\/suresms.com\\\/en\\\/#organization\"},\"potentialAction\":[{\"@type\":\"SearchAction\",\"target\":{\"@type\":\"EntryPoint\",\"urlTemplate\":\"https:\\\/\\\/suresms.com\\\/en\\\/?s={search_term_string}\"},\"query-input\":{\"@type\":\"PropertyValueSpecification\",\"valueRequired\":true,\"valueName\":\"search_term_string\"}}],\"inLanguage\":\"de\"},{\"@type\":\"Organization\",\"@id\":\"https:\\\/\\\/suresms.com\\\/en\\\/#organization\",\"name\":\"SureSMS\",\"url\":\"https:\\\/\\\/suresms.com\\\/en\\\/\",\"logo\":{\"@type\":\"ImageObject\",\"inLanguage\":\"de\",\"@id\":\"https:\\\/\\\/suresms.com\\\/en\\\/#\\\/schema\\\/logo\\\/image\\\/\",\"url\":\"https:\\\/\\\/suresms.com\\\/wp-content\\\/uploads\\\/2024\\\/11\\\/suresms-300x65-1.png\",\"contentUrl\":\"https:\\\/\\\/suresms.com\\\/wp-content\\\/uploads\\\/2024\\\/11\\\/suresms-300x65-1.png\",\"width\":300,\"height\":65,\"caption\":\"SureSMS\"},\"image\":{\"@id\":\"https:\\\/\\\/suresms.com\\\/en\\\/#\\\/schema\\\/logo\\\/image\\\/\"},\"sameAs\":[\"https:\\\/\\\/www.facebook.com\\\/p\\\/SureSMS-100044607956149\\\/\"]}]}<\/script>\r\n<!-- \/ Yoast SEO Premium plugin. -->","yoast_head_json":{"title":"SMS-Vorlagen | Einfaches Erstellen vieler SMS-Vorlagen und Zeitersparnis","description":"Du musst viele \u00e4hnliche Nachrichten verschicken? Erstelle ganz einfach SMS-Vorlagen und spare Zeit und M\u00fche. Kostenlose Funktion. Erstelle ein kostenloses Testkonto mit 100 SMS-Nachrichten und probiere es jetzt aus.","robots":{"index":"index","follow":"follow","max-snippet":"max-snippet:-1","max-image-preview":"max-image-preview:large","max-video-preview":"max-video-preview:-1"},"canonical":"https:\/\/suresms.com\/de\/eigenschaften\/sms-vorlagen\/","og_locale":"de_DE","og_type":"article","og_title":"SMS skabeloner","og_description":"Skal du sende mange ens beskeder? Opret nemt SMS skabeloner og spar tid og arbejde. gratis funktion . Opret gratis testkonto inkl. 100 SMS'er og pr\u00f8v nu.","og_url":"https:\/\/suresms.com\/de\/eigenschaften\/sms-vorlagen\/","article_publisher":"https:\/\/www.facebook.com\/p\/SureSMS-100044607956149\/","article_modified_time":"2024-12-06T13:00:45+00:00","twitter_card":"summary_large_image","twitter_misc":{"Gesch\u00e4tzte Lesezeit":"7\u00a0Minuten"},"schema":{"@context":"https:\/\/schema.org","@graph":[{"@type":"WebPage","@id":"https:\/\/suresms.com\/dk\/funktioner\/sms-skabeloner\/","url":"https:\/\/suresms.com\/dk\/funktioner\/sms-skabeloner\/","name":"SMS-Vorlagen | Einfaches Erstellen vieler SMS-Vorlagen und Zeitersparnis","isPartOf":{"@id":"https:\/\/suresms.com\/en\/#website"},"datePublished":"2015-02-26T13:14:08+00:00","dateModified":"2024-12-06T13:00:45+00:00","description":"Du musst viele \u00e4hnliche Nachrichten verschicken? Erstelle ganz einfach SMS-Vorlagen und spare Zeit und M\u00fche. Kostenlose Funktion. Erstelle ein kostenloses Testkonto mit 100 SMS-Nachrichten und probiere es jetzt aus.","breadcrumb":{"@id":"https:\/\/suresms.com\/dk\/funktioner\/sms-skabeloner\/#breadcrumb"},"inLanguage":"de","potentialAction":[{"@type":"ReadAction","target":["https:\/\/suresms.com\/dk\/funktioner\/sms-skabeloner\/"]}]},{"@type":"BreadcrumbList","@id":"https:\/\/suresms.com\/dk\/funktioner\/sms-skabeloner\/#breadcrumb","itemListElement":[{"@type":"ListItem","position":1,"name":"Home","item":"https:\/\/suresms.com\/dk\/"},{"@type":"ListItem","position":2,"name":"Funktioner","item":"https:\/\/suresms.com\/dk\/funktioner\/"},{"@type":"ListItem","position":3,"name":"SMS skabeloner"}]},{"@type":"WebSite","@id":"https:\/\/suresms.com\/en\/#website","url":"https:\/\/suresms.com\/en\/","name":"SureSMS","description":"Professioneller SMS-Gateway","publisher":{"@id":"https:\/\/suresms.com\/en\/#organization"},"potentialAction":[{"@type":"SearchAction","target":{"@type":"EntryPoint","urlTemplate":"https:\/\/suresms.com\/en\/?s={search_term_string}"},"query-input":{"@type":"PropertyValueSpecification","valueRequired":true,"valueName":"search_term_string"}}],"inLanguage":"de"},{"@type":"Organization","@id":"https:\/\/suresms.com\/en\/#organization","name":"SureSMS","url":"https:\/\/suresms.com\/en\/","logo":{"@type":"ImageObject","inLanguage":"de","@id":"https:\/\/suresms.com\/en\/#\/schema\/logo\/image\/","url":"https:\/\/suresms.com\/wp-content\/uploads\/2024\/11\/suresms-300x65-1.png","contentUrl":"https:\/\/suresms.com\/wp-content\/uploads\/2024\/11\/suresms-300x65-1.png","width":300,"height":65,"caption":"SureSMS"},"image":{"@id":"https:\/\/suresms.com\/en\/#\/schema\/logo\/image\/"},"sameAs":["https:\/\/www.facebook.com\/p\/SureSMS-100044607956149\/"]}]}},"_links":{"self":[{"href":"https:\/\/suresms.com\/de\/wp-json\/wp\/v2\/pages\/1076","targetHints":{"allow":["GET"]}}],"collection":[{"href":"https:\/\/suresms.com\/de\/wp-json\/wp\/v2\/pages"}],"about":[{"href":"https:\/\/suresms.com\/de\/wp-json\/wp\/v2\/types\/page"}],"author":[{"embeddable":true,"href":"https:\/\/suresms.com\/de\/wp-json\/wp\/v2\/users\/1"}],"replies":[{"embeddable":true,"href":"https:\/\/suresms.com\/de\/wp-json\/wp\/v2\/comments?post=1076"}],"version-history":[{"count":2,"href":"https:\/\/suresms.com\/de\/wp-json\/wp\/v2\/pages\/1076\/revisions"}],"predecessor-version":[{"id":19491,"href":"https:\/\/suresms.com\/de\/wp-json\/wp\/v2\/pages\/1076\/revisions\/19491"}],"up":[{"embeddable":true,"href":"https:\/\/suresms.com\/de\/wp-json\/wp\/v2\/pages\/958"}],"wp:attachment":[{"href":"https:\/\/suresms.com\/de\/wp-json\/wp\/v2\/media?parent=1076"}],"wp:term":[{"taxonomy":"category","embeddable":true,"href":"https:\/\/suresms.com\/de\/wp-json\/wp\/v2\/categories?post=1076"},{"taxonomy":"post_tag","embeddable":true,"href":"https:\/\/suresms.com\/de\/wp-json\/wp\/v2\/tags?post=1076"}],"curies":[{"name":"wp","href":"https:\/\/api.w.org\/{rel}","templated":true}]}}