{"id":1070,"date":"2015-02-26T13:10:48","date_gmt":"2015-02-26T11:10:48","guid":{"rendered":"https:\/\/www.suresms.com\/dk\/?page_id=1070"},"modified":"2025-12-03T11:07:56","modified_gmt":"2025-12-03T11:07:56","slug":"selbstgewahlter-absender-deiner-nachricht","status":"publish","type":"page","link":"https:\/\/suresms.com\/de\/funktioner\/selvvalgt-afsender-pa-din-besked\/","title":{"rendered":"Selbstgew\u00e4hlter Absender deiner Nachricht"},"content":{"rendered":"<!-- Flexy Breadcrumb -->\r\n\t\t\t<div class=\"fbc fbc-page\">\r\n\r\n\t\t\t\t<!-- Breadcrumb wrapper -->\r\n\t\t\t\t<div class=\"fbc-wrap\">\r\n\r\n\t\t\t\t\t<!-- Ordered list-->\r\n\t\t\t\t\t<ol class=\"fbc-items\" itemscope itemtype=\"https:\/\/schema.org\/BreadcrumbList\">\r\n\t\t\t\t\t\t            <li itemprop=\"itemListElement\" itemscope itemtype=\"https:\/\/schema.org\/ListItem\">\r\n                <span itemprop=\"name\">\r\n                    <!-- Home Link -->\r\n                    <a itemprop=\"item\" href=\"https:\/\/suresms.com\/de\/\">\r\n                    \r\n                                                    <i class=\"fa fa-home\" aria-hidden=\"true\"><\/i>Zuhause                    <\/a>\r\n                <\/span>\r\n                <meta itemprop=\"position\" content=\"1\" \/><!-- Meta Position-->\r\n             <\/li><li><span class=\"fbc-separator\">\/<\/span><\/li><li class=\"active\" itemprop=\"itemListElement\" itemscope itemtype=\"https:\/\/schema.org\/ListItem\"><span itemprop=\"name\" title=\"Selbstgew\u00e4hlter Absender deiner Nachricht\">Selbst gew\u00e4hlter Absender auf deinem...<\/span><meta itemprop=\"position\" content=\"2\" \/><\/li>\t\t\t\t\t<\/ol>\r\n\t\t\t\t\t<div class=\"clearfix\"><\/div>\r\n\t\t\t\t<\/div>\r\n\t\t\t<\/div>\r\n\t\t\t\n\t<h1>Selbstgew\u00e4hlter Absender deiner Nachricht<\/h1>\n\t\t\t\t<img decoding=\"async\" src=\"https:\/\/suresms.com\/wp-content\/uploads\/2022\/06\/Not-allowed-senderid-1.png\" alt=\"Optionale Absender-ID f\u00fcr deine Nachrichten\" itemprop=\"image\" height=\"388\" width=\"1400\" title=\"Nicht erlaubt senderid\" onerror=\"this.style.display='none'\" loading=\"lazy\" \/>\n\t<p>Wenn du eine SMS-Nachricht \u00fcber unser SMS-Gateway versendest, kannst du den Absender ausw\u00e4hlen. Das bedeutet, dass du entscheiden kannst, wer der Absender ist, wenn die Nachricht auf dem Telefon des Empf\u00e4ngers landet. Nat\u00fcrlich kannst du nicht SKAT, Nets oder Police ausw\u00e4hlen, wie das Bild oben zeigt. Wir m\u00fcssen den Absender genehmigen, und wenn er nicht mit deinem Unternehmen oder deiner Organisation in Verbindung steht, werden wir den Absender nicht genehmigen.<\/p>\n\t\t\t\t<img decoding=\"async\" src=\"https:\/\/suresms.com\/wp-content\/uploads\/2022\/06\/All-senderids-are-manually-approved-1.png\" alt=\"Alle Absender werden manuell genehmigt\" itemprop=\"image\" height=\"137\" width=\"1271\" title=\"Alle Absender werden manuell genehmigt\" onerror=\"this.style.display='none'\" loading=\"lazy\" \/>\n\t<h4><strong>Alphanumerischer oder numerischer Absender<\/strong><\/h4>\n<p>Als erstes musst du dich entscheiden, ob du einen alphanumerischen oder einen numerischen Absender verwenden willst.<\/p>\n<p><strong>Ein alphanumerischer Absender ist eine Kombination aus Buchstaben.<\/strong> Du kannst zum Beispiel den Absender \"Club\" oder \"FashionShop\" w\u00e4hlen. Wenn du einen alphanumerischen Absender w\u00e4hlst, kann der Empf\u00e4nger nicht auf die Nachricht antworten. Deshalb musst du eine Nummer in die Nachricht einf\u00fcgen, wenn du m\u00f6chtest, dass der Empf\u00e4nger mit dir in Kontakt treten kann.<\/p>\n<p>Eine andere M\u00f6glichkeit ist, einen numerischen Absender auszuw\u00e4hlen.<\/p>\n<p><strong>Ein numerischer Absender ist einfach eine Telefonnummer.<\/strong> Du kannst deine eigene Telefonnummer oder z.B. die Telefonnummer deiner Firma als Absender w\u00e4hlen. Wenn der Empf\u00e4nger der Nachricht auf die Nachricht antwortet, landet die Antwort automatisch auf dem Telefon, in dem sich die SIM-Karte mit der ausgew\u00e4hlten Nummer befindet.<\/p>\n<p>&nbsp;<\/p>\n\t<h4><strong>Nur rechtm\u00e4\u00dfige Absender<\/strong><\/h4>\n<p>Wir genehmigen alle Absender manuell, bevor sie freigegeben werden. Das bedeutet, dass du keine Absender wie PostNord, Nets oder POLITI bekommen kannst. Wir tun dies, um die Sicherheit im Allgemeinen und das Vertrauen in SMS im Besonderen zu erh\u00f6hen.<\/p>\n<h4><strong>Pro und Kontra<\/strong><\/h4>\n<p>Es gibt Vor- und Nachteile f\u00fcr beide L\u00f6sungen. Mit einem alphanumerischen Absender ist deine Marke st\u00e4rker und die Nachricht ist pers\u00f6nlicher. Ein alphanumerischer Absender enth\u00e4lt NICHT die Nummer, von der die Nachricht gesendet wird. Das bedeutet, dass du in der SMS-Nachricht angeben musst, wie der Empf\u00e4nger dich erreichen kann, wenn du eine Antwort m\u00f6chtest.<\/p>\n<p>Mit einem numerischen Absender ist es schnell und einfach, zu antworten. Der einfache Arbeitsablauf macht es f\u00fcr den Empf\u00e4nger leichter, die Antwort zu senden, und vermeidet so die M\u00f6glichkeit, dass ein Nutzer dir eine Antwort geschickt hat, die du NICHT erh\u00e4ltst.<\/p>\n\t\t\t<a href=\"https:\/\/app.suresms.com\/account\/signup\" target=\"_blank\" rel=\"noopener\">\n\t\t\t\t\t\t\tEin kostenloses Konto erstellen\n\t\t\t\t\t<\/a>\n\t<h4><strong>Ein paar Einschr\u00e4nkungen<\/strong><\/h4>\n<p>Wenn du den alphanumerischen Absender w\u00e4hlst, solltest du wissen, dass du nur einen Absender mit maximal 11 Zeichen w\u00e4hlen kannst. Das ist eine Einschr\u00e4nkung des SMS-Protokolls, die f\u00fcr alle gilt, die SMS-Nachrichten versenden. Wir von SureSMS k\u00f6nnen das nicht \u00e4ndern.<\/p>\n<p>Wenn du einen alphanumerischen Absender w\u00e4hlst, \u00e4ndern wir von Sure SMS den Absender. Wir tun dies aus Sicherheitsgr\u00fcnden, um sicherzustellen, dass du dich nicht als jemand anderes ausgibst, als du wirklich bist. Diese Sicherheitsma\u00dfnahme haben wir eingef\u00fchrt, nachdem SMS-Gateways von Branchenkollegen missbraucht wurden, um Nachrichten mit gef\u00e4lschten Absendern zu versenden.<\/p>\n<p>Du kannst so viele verschiedene alphanumerische Absender bestellen, wie du willst. Das kostet dich nichts extra, wir geben sie einfach f\u00fcr dich ins System ein.<\/p>\n<p>Lies mehr \u00fcber die vielen anderen kostenlosen Funktionen unseres Gateways. <a title=\"Eigenschaften und Funktionen\" href=\"https:\/\/suresms.com\/de\/eigenschaften\/\">Gehe zur\u00fcck zum Men\u00fc Eigenschaften und Funktionen.<\/a><\/p>\n\t\t<h4>Willst du sofort ein Konto erstellen? <\/h4>\n\t\t<p>Wir sind bereit und warten darauf, dich als SureSMS-Kunde zu begr\u00fc\u00dfen!<\/p>\n\t\t\t<a href=\"https:\/\/suresms.com\/de\/sms-gateway-konto-erstellen\/\" target=\"_self\">\n\t\t\t\t\t\t\tErstelle ein SureSMS-Konto!\n\t\t\t\t\t<\/a>\n\t\t<h4>Bestelle eine 2-Wege-L\u00f6sung!<\/h4>\n\t\t<p>Du hast bereits ein Konto? Bestelle eine 2-Wege-L\u00f6sung und erhalte die zus\u00e4tzlichen Optionen, die deine eigene L\u00f6sung bietet.\u00a0<\/p>\n\t\t\t<a href=\"https:\/\/suresms.com\/de\/2-wege-entladung-bestellen\/\" target=\"_self\">\n\t\t\t\t\t\t\t2-Wege-L\u00f6sung bestellen\n\t\t\t\t\t<\/a>\n\t<h4><strong>Hier kannst du einige Beispiele lesen, wie unsere Kunden die Funktion derzeit nutzen: \"Selbst gew\u00e4hlter Absender bei SMS\"<\/strong><\/h4>\n\n<ul> \t\n<li>Einige unserer Unternehmen, die mehrere Marken vertreten, haben eine Verwaltung, die die Kommunikation verwaltet. Wenn sie SMS-Nachrichten an Nutzerinnen und Nutzer senden, haben sie mehrere Absender erstellt und w\u00e4hlen dann einfach die Marke, von der sie schreiben, im Absenderfeld aus. Mehrere Marken, aber ein Unternehmen und eine Verwaltung.<\/li>\n\n<li>Mehrere unserer Organisationen haben verschiedene Vorstandsmitglieder, die SMS-Nachrichten von unserer Website aus versenden. Im Absenderfeld k\u00f6nnen sie einfach \"Schatzmeister\", \"Pr\u00e4sident\" oder \"Vorstand\" ausw\u00e4hlen, je nachdem, von wem die Nachricht kommt. Aber die ganze Gruppe hat einen vollst\u00e4ndigen \u00dcberblick \u00fcber die Nachrichten der Organisation.<\/li>\n\n<li>Einer unserer Salons w\u00e4hlt seine Handynummer oder den Namen des Salons als Absender, je nachdem, ob Nachrichten oder Kampagnen an Kunden verschickt werden. Bei Kampagnen ist der Name wichtig, bei Stellenangeboten oder anderen Anfragen m\u00fcssen die Kunden in der Lage sein, zu antworten.<\/li>\n<\/ul>\n\t\t<h3><a href=\"http:\/\/suresms.com\/de\/docs\/\" target=\"_self\">Besuche unsere Handbuch-Website<\/a><\/h3>\n\t\t\t\t<a href=\"http:\/\/suresms.com\/de\/docs\/\"  target=\"_self\" itemprop=\"url\">\n\t\t\t\t<img decoding=\"async\" src=\"https:\/\/suresms.com\/wp-content\/uploads\/bb-plugin\/cache\/Manual-400x250-px1-panorama-e9e3d5dc2346ff0881cf6ebd5537712d-.jpg\" alt=\"Handbuch Website suresms\" itemprop=\"image\" height=\"250\" width=\"400\" title=\"Handbuch 400x250 px\" onerror=\"this.style.display='none'\" loading=\"lazy\" \/>\n\t\t\t\t<\/a>\n<p>Um unseren Kunden zu helfen, haben wir alle Anleitungen und Beschreibungen auf suresms.com\/docs gesammelt. Hier erf\u00e4hrst du, wie unser Gateway funktioniert und erh\u00e4ltst einfache, benutzerfreundliche Anleitungen f\u00fcr die vielen Funktionen.<\/p>\n\t\t<h3><a href=\"http:\/\/developer.suresms.com\/\" target=\"_self\">developer.suresms.com<\/a><\/h3>\n\t\t\t\t<a href=\"http:\/\/developer.suresms.com\/\"  target=\"_self\" itemprop=\"url\">\n\t\t\t\t<img decoding=\"async\" src=\"https:\/\/suresms.com\/wp-content\/uploads\/bb-plugin\/cache\/developer-400x250-px-panorama-dcae33984faa2af9c04c6a2b37f15958-.jpg\" alt=\"Entwickler suresms Website f\u00fcr Entwickler\" itemprop=\"image\" height=\"250\" width=\"400\" title=\"Entwickler 400x250 px\" onerror=\"this.style.display='none'\" loading=\"lazy\" \/>\n\t\t\t\t<\/a>\nSureSMS ist von Entwicklern f\u00fcr Entwickler gemacht!<br \/>\nAuf developer.suresms.com haben wir Dokumentationen und Codebeispiele zusammengestellt, die es dir leicht machen, unser Gateway in dein System zu integrieren.\n\t\t<h3><a href=\"https:\/\/www.youtube.com\/channel\/UC1XGC5rl9mI9ndtBVn8yq7g\" target=\"_self\">Schau dir unsere Lehrvideos an!<\/a><\/h3>\n\t\t\t\t<a href=\"https:\/\/www.youtube.com\/channel\/UC1XGC5rl9mI9ndtBVn8yq7g\"  target=\"_self\" itemprop=\"url\">\n\t\t\t\t<img decoding=\"async\" src=\"https:\/\/suresms.com\/wp-content\/uploads\/bb-plugin\/cache\/you-tube400x250px-panorama-60bfdf50fa411bc1f1119324993b555c-.jpg\" alt=\"suresms sms gateway you tube videos\" itemprop=\"image\" height=\"250\" width=\"400\" title=\"you tube 400x250px\" onerror=\"this.style.display='none'\" loading=\"lazy\" \/>\n\t\t\t\t<\/a>\n<p>Willst du eine neue Funktion einf\u00fchren? Oder m\u00f6chtest du einfach nur ein bisschen mehr dar\u00fcber wissen, wie unser Gateway funktioniert? Auf Youtube haben wir unsere Anleitungsvideos gesammelt. Es kann losgehen!<\/p>","protected":false},"excerpt":{"rendered":"<p>W\u00e4hle den Absender deiner Nachricht Wenn du eine SMS-Nachricht \u00fcber unser SMS-Gateway versendest, kannst du den Absender selbst w\u00e4hlen. Das hei\u00dft, du kannst ausw\u00e4hlen, wer der Absender sein soll, wenn die Nachricht auf dem Telefon des Empf\u00e4ngers ankommt. Nat\u00fcrlich kannst du nicht SKAT, Nets oder Police ausw\u00e4hlen, wie auf dem Bild oben... <a title=\"Selbstgew\u00e4hlter Absender deiner Nachricht\" class=\"read-more\" href=\"https:\/\/suresms.com\/de\/funktioner\/selvvalgt-afsender-pa-din-besked\/\" aria-label=\"Weitere Informationen zum Anpassen des Absenders deiner Nachricht\">Mehr lesen<\/a><\/p>","protected":false},"author":1,"featured_media":0,"parent":958,"menu_order":7,"comment_status":"closed","ping_status":"closed","template":"","meta":{"_fl_builder_enabled":"1","_fl_builder_data":null,"_fl_builder_draft":null,"_fl_builder_data_settings":null,"_fl_builder_css":"","_fl_builder_css_version":"","_fl_builder_js":"","footnotes":""},"categories":[17],"tags":[],"class_list":{"0":"post-1070","1":"page","2":"type-page","3":"status-publish","5":"category-linkfracornorstone"},"yoast_head":"<!-- This site is optimized with the Yoast SEO Premium plugin v27.3 (Yoast SEO v27.3) - https:\/\/yoast.com\/product\/yoast-seo-premium-wordpress\/ -->\r\n<title>Send anonym SMS | Send dine beskeder fra selvvalgt afsender<\/title>\r\n<meta name=\"description\" content=\"Find fleksible sms l\u00f8sninger her. Send anonym sms, send sms til hele verden eller send sms til brugere og kunder.\" \/>\r\n<meta name=\"robots\" content=\"index, follow, max-snippet:-1, max-image-preview:large, max-video-preview:-1\" \/>\r\n<link rel=\"canonical\" href=\"https:\/\/suresms.com\/de\/eigenschaften\/selbstgewahlter-absender-deiner-nachricht\/\" \/>\r\n<meta property=\"og:locale\" content=\"de_DE\" \/>\r\n<meta property=\"og:type\" content=\"article\" \/>\r\n<meta property=\"og:title\" content=\"Selvvalgt afsender p\u00e5 din besked\" \/>\r\n<meta property=\"og:description\" content=\"Find fleksible sms l\u00f8sninger her. Send anonym sms, send sms til hele verden eller send sms til brugere og kunder.\" \/>\r\n<meta property=\"og:url\" content=\"https:\/\/suresms.com\/de\/eigenschaften\/selbstgewahlter-absender-deiner-nachricht\/\" \/>\r\n<meta property=\"article:publisher\" content=\"https:\/\/www.facebook.com\/p\/SureSMS-100044607956149\/\" \/>\r\n<meta property=\"article:modified_time\" content=\"2025-12-03T11:07:56+00:00\" \/>\r\n<meta property=\"og:image\" content=\"https:\/\/suresms.com\/wp-content\/uploads\/2022\/06\/Not-allowed-senderid-1.png\" \/>\r\n<meta name=\"twitter:card\" content=\"summary_large_image\" \/>\r\n<meta name=\"twitter:label1\" content=\"Gesch\u00e4tzte Lesezeit\" \/>\n\t<meta name=\"twitter:data1\" content=\"6\u00a0Minuten\" \/>\r\n<script type=\"application\/ld+json\" class=\"yoast-schema-graph\">{\"@context\":\"https:\\\/\\\/schema.org\",\"@graph\":[{\"@type\":\"WebPage\",\"@id\":\"https:\\\/\\\/suresms.com\\\/dk\\\/funktioner\\\/selvvalgt-afsender-pa-din-besked\\\/\",\"url\":\"https:\\\/\\\/suresms.com\\\/dk\\\/funktioner\\\/selvvalgt-afsender-pa-din-besked\\\/\",\"name\":\"Send anonym SMS | Send dine beskeder fra selvvalgt afsender\",\"isPartOf\":{\"@id\":\"https:\\\/\\\/suresms.com\\\/en\\\/#website\"},\"primaryImageOfPage\":{\"@id\":\"https:\\\/\\\/suresms.com\\\/dk\\\/funktioner\\\/selvvalgt-afsender-pa-din-besked\\\/#primaryimage\"},\"image\":{\"@id\":\"https:\\\/\\\/suresms.com\\\/dk\\\/funktioner\\\/selvvalgt-afsender-pa-din-besked\\\/#primaryimage\"},\"thumbnailUrl\":\"https:\\\/\\\/suresms.com\\\/wp-content\\\/uploads\\\/2022\\\/06\\\/Not-allowed-senderid-1.png\",\"datePublished\":\"2015-02-26T11:10:48+00:00\",\"dateModified\":\"2025-12-03T11:07:56+00:00\",\"description\":\"Find fleksible sms l\u00f8sninger her. Send anonym sms, send sms til hele verden eller send sms til brugere og kunder.\",\"breadcrumb\":{\"@id\":\"https:\\\/\\\/suresms.com\\\/dk\\\/funktioner\\\/selvvalgt-afsender-pa-din-besked\\\/#breadcrumb\"},\"inLanguage\":\"de\",\"potentialAction\":[{\"@type\":\"ReadAction\",\"target\":[\"https:\\\/\\\/suresms.com\\\/dk\\\/funktioner\\\/selvvalgt-afsender-pa-din-besked\\\/\"]}]},{\"@type\":\"ImageObject\",\"inLanguage\":\"de\",\"@id\":\"https:\\\/\\\/suresms.com\\\/dk\\\/funktioner\\\/selvvalgt-afsender-pa-din-besked\\\/#primaryimage\",\"url\":\"https:\\\/\\\/suresms.com\\\/wp-content\\\/uploads\\\/2022\\\/06\\\/Not-allowed-senderid-1.png\",\"contentUrl\":\"https:\\\/\\\/suresms.com\\\/wp-content\\\/uploads\\\/2022\\\/06\\\/Not-allowed-senderid-1.png\"},{\"@type\":\"BreadcrumbList\",\"@id\":\"https:\\\/\\\/suresms.com\\\/dk\\\/funktioner\\\/selvvalgt-afsender-pa-din-besked\\\/#breadcrumb\",\"itemListElement\":[{\"@type\":\"ListItem\",\"position\":1,\"name\":\"Home\",\"item\":\"https:\\\/\\\/suresms.com\\\/dk\\\/\"},{\"@type\":\"ListItem\",\"position\":2,\"name\":\"Funktioner\",\"item\":\"https:\\\/\\\/suresms.com\\\/dk\\\/funktioner\\\/\"},{\"@type\":\"ListItem\",\"position\":3,\"name\":\"Selvvalgt afsender p\u00e5 din besked\"}]},{\"@type\":\"WebSite\",\"@id\":\"https:\\\/\\\/suresms.com\\\/en\\\/#website\",\"url\":\"https:\\\/\\\/suresms.com\\\/en\\\/\",\"name\":\"SureSMS\",\"description\":\"Professionel SMS Gateway\",\"publisher\":{\"@id\":\"https:\\\/\\\/suresms.com\\\/en\\\/#organization\"},\"potentialAction\":[{\"@type\":\"SearchAction\",\"target\":{\"@type\":\"EntryPoint\",\"urlTemplate\":\"https:\\\/\\\/suresms.com\\\/en\\\/?s={search_term_string}\"},\"query-input\":{\"@type\":\"PropertyValueSpecification\",\"valueRequired\":true,\"valueName\":\"search_term_string\"}}],\"inLanguage\":\"de\"},{\"@type\":\"Organization\",\"@id\":\"https:\\\/\\\/suresms.com\\\/en\\\/#organization\",\"name\":\"SureSMS\",\"url\":\"https:\\\/\\\/suresms.com\\\/en\\\/\",\"logo\":{\"@type\":\"ImageObject\",\"inLanguage\":\"de\",\"@id\":\"https:\\\/\\\/suresms.com\\\/en\\\/#\\\/schema\\\/logo\\\/image\\\/\",\"url\":\"https:\\\/\\\/suresms.com\\\/wp-content\\\/uploads\\\/2024\\\/11\\\/suresms-300x65-1.png\",\"contentUrl\":\"https:\\\/\\\/suresms.com\\\/wp-content\\\/uploads\\\/2024\\\/11\\\/suresms-300x65-1.png\",\"width\":300,\"height\":65,\"caption\":\"SureSMS\"},\"image\":{\"@id\":\"https:\\\/\\\/suresms.com\\\/en\\\/#\\\/schema\\\/logo\\\/image\\\/\"},\"sameAs\":[\"https:\\\/\\\/www.facebook.com\\\/p\\\/SureSMS-100044607956149\\\/\"]}]}<\/script>\r\n<!-- \/ Yoast SEO Premium plugin. -->","yoast_head_json":{"title":"Anonyme SMS senden | Sende deine Nachrichten von einem Absender deiner Wahl","description":"Hier findest du flexible SMS-L\u00f6sungen. Sende anonyme SMS, sende SMS in die ganze Welt oder sende SMS an Nutzer und Kunden.","robots":{"index":"index","follow":"follow","max-snippet":"max-snippet:-1","max-image-preview":"max-image-preview:large","max-video-preview":"max-video-preview:-1"},"canonical":"https:\/\/suresms.com\/de\/eigenschaften\/selbstgewahlter-absender-deiner-nachricht\/","og_locale":"de_DE","og_type":"article","og_title":"Selvvalgt afsender p\u00e5 din besked","og_description":"Find fleksible sms l\u00f8sninger her. Send anonym sms, send sms til hele verden eller send sms til brugere og kunder.","og_url":"https:\/\/suresms.com\/de\/eigenschaften\/selbstgewahlter-absender-deiner-nachricht\/","article_publisher":"https:\/\/www.facebook.com\/p\/SureSMS-100044607956149\/","article_modified_time":"2025-12-03T11:07:56+00:00","og_image":[{"url":"https:\/\/suresms.com\/wp-content\/uploads\/2022\/06\/Not-allowed-senderid-1.png","type":"","width":"","height":""}],"twitter_card":"summary_large_image","twitter_misc":{"Gesch\u00e4tzte Lesezeit":"6\u00a0Minuten"},"schema":{"@context":"https:\/\/schema.org","@graph":[{"@type":"WebPage","@id":"https:\/\/suresms.com\/dk\/funktioner\/selvvalgt-afsender-pa-din-besked\/","url":"https:\/\/suresms.com\/dk\/funktioner\/selvvalgt-afsender-pa-din-besked\/","name":"Anonyme SMS senden | Sende deine Nachrichten von einem Absender deiner Wahl","isPartOf":{"@id":"https:\/\/suresms.com\/en\/#website"},"primaryImageOfPage":{"@id":"https:\/\/suresms.com\/dk\/funktioner\/selvvalgt-afsender-pa-din-besked\/#primaryimage"},"image":{"@id":"https:\/\/suresms.com\/dk\/funktioner\/selvvalgt-afsender-pa-din-besked\/#primaryimage"},"thumbnailUrl":"https:\/\/suresms.com\/wp-content\/uploads\/2022\/06\/Not-allowed-senderid-1.png","datePublished":"2015-02-26T11:10:48+00:00","dateModified":"2025-12-03T11:07:56+00:00","description":"Hier findest du flexible SMS-L\u00f6sungen. Sende anonyme SMS, sende SMS in die ganze Welt oder sende SMS an Nutzer und Kunden.","breadcrumb":{"@id":"https:\/\/suresms.com\/dk\/funktioner\/selvvalgt-afsender-pa-din-besked\/#breadcrumb"},"inLanguage":"de","potentialAction":[{"@type":"ReadAction","target":["https:\/\/suresms.com\/dk\/funktioner\/selvvalgt-afsender-pa-din-besked\/"]}]},{"@type":"ImageObject","inLanguage":"de","@id":"https:\/\/suresms.com\/dk\/funktioner\/selvvalgt-afsender-pa-din-besked\/#primaryimage","url":"https:\/\/suresms.com\/wp-content\/uploads\/2022\/06\/Not-allowed-senderid-1.png","contentUrl":"https:\/\/suresms.com\/wp-content\/uploads\/2022\/06\/Not-allowed-senderid-1.png"},{"@type":"BreadcrumbList","@id":"https:\/\/suresms.com\/dk\/funktioner\/selvvalgt-afsender-pa-din-besked\/#breadcrumb","itemListElement":[{"@type":"ListItem","position":1,"name":"Home","item":"https:\/\/suresms.com\/dk\/"},{"@type":"ListItem","position":2,"name":"Funktioner","item":"https:\/\/suresms.com\/dk\/funktioner\/"},{"@type":"ListItem","position":3,"name":"Selvvalgt afsender p\u00e5 din besked"}]},{"@type":"WebSite","@id":"https:\/\/suresms.com\/en\/#website","url":"https:\/\/suresms.com\/en\/","name":"SureSMS","description":"Professioneller SMS-Gateway","publisher":{"@id":"https:\/\/suresms.com\/en\/#organization"},"potentialAction":[{"@type":"SearchAction","target":{"@type":"EntryPoint","urlTemplate":"https:\/\/suresms.com\/en\/?s={search_term_string}"},"query-input":{"@type":"PropertyValueSpecification","valueRequired":true,"valueName":"search_term_string"}}],"inLanguage":"de"},{"@type":"Organization","@id":"https:\/\/suresms.com\/en\/#organization","name":"SureSMS","url":"https:\/\/suresms.com\/en\/","logo":{"@type":"ImageObject","inLanguage":"de","@id":"https:\/\/suresms.com\/en\/#\/schema\/logo\/image\/","url":"https:\/\/suresms.com\/wp-content\/uploads\/2024\/11\/suresms-300x65-1.png","contentUrl":"https:\/\/suresms.com\/wp-content\/uploads\/2024\/11\/suresms-300x65-1.png","width":300,"height":65,"caption":"SureSMS"},"image":{"@id":"https:\/\/suresms.com\/en\/#\/schema\/logo\/image\/"},"sameAs":["https:\/\/www.facebook.com\/p\/SureSMS-100044607956149\/"]}]}},"_links":{"self":[{"href":"https:\/\/suresms.com\/de\/wp-json\/wp\/v2\/pages\/1070","targetHints":{"allow":["GET"]}}],"collection":[{"href":"https:\/\/suresms.com\/de\/wp-json\/wp\/v2\/pages"}],"about":[{"href":"https:\/\/suresms.com\/de\/wp-json\/wp\/v2\/types\/page"}],"author":[{"embeddable":true,"href":"https:\/\/suresms.com\/de\/wp-json\/wp\/v2\/users\/1"}],"replies":[{"embeddable":true,"href":"https:\/\/suresms.com\/de\/wp-json\/wp\/v2\/comments?post=1070"}],"version-history":[{"count":9,"href":"https:\/\/suresms.com\/de\/wp-json\/wp\/v2\/pages\/1070\/revisions"}],"predecessor-version":[{"id":23569,"href":"https:\/\/suresms.com\/de\/wp-json\/wp\/v2\/pages\/1070\/revisions\/23569"}],"up":[{"embeddable":true,"href":"https:\/\/suresms.com\/de\/wp-json\/wp\/v2\/pages\/958"}],"wp:attachment":[{"href":"https:\/\/suresms.com\/de\/wp-json\/wp\/v2\/media?parent=1070"}],"wp:term":[{"taxonomy":"category","embeddable":true,"href":"https:\/\/suresms.com\/de\/wp-json\/wp\/v2\/categories?post=1070"},{"taxonomy":"post_tag","embeddable":true,"href":"https:\/\/suresms.com\/de\/wp-json\/wp\/v2\/tags?post=1070"}],"curies":[{"name":"wp","href":"https:\/\/api.w.org\/{rel}","templated":true}]}}