{"id":10,"date":"2013-11-26T08:53:21","date_gmt":"2013-11-26T08:53:21","guid":{"rendered":"http:\/\/suresms-gateway.dk\/?page_id=10"},"modified":"2025-10-08T16:02:19","modified_gmt":"2025-10-08T16:02:19","slug":"suresms-unterstutzung","status":"publish","type":"page","link":"https:\/\/suresms.com\/de\/om-suresms\/suresms-support\/","title":{"rendered":"SureSMS 24\/7 Unterst\u00fctzung"},"content":{"rendered":"<!-- Flexy Breadcrumb -->\r\n\t\t\t<div class=\"fbc fbc-page\">\r\n\r\n\t\t\t\t<!-- Breadcrumb wrapper -->\r\n\t\t\t\t<div class=\"fbc-wrap\">\r\n\r\n\t\t\t\t\t<!-- Ordered list-->\r\n\t\t\t\t\t<ol class=\"fbc-items\" itemscope itemtype=\"https:\/\/schema.org\/BreadcrumbList\">\r\n\t\t\t\t\t\t            <li itemprop=\"itemListElement\" itemscope itemtype=\"https:\/\/schema.org\/ListItem\">\r\n                <span itemprop=\"name\">\r\n                    <!-- Home Link -->\r\n                    <a itemprop=\"item\" href=\"https:\/\/suresms.com\/de\/\">\r\n                    \r\n                                                    <i class=\"fa fa-home\" aria-hidden=\"true\"><\/i>Zuhause                    <\/a>\r\n                <\/span>\r\n                <meta itemprop=\"position\" content=\"1\" \/><!-- Meta Position-->\r\n             <\/li><li><span class=\"fbc-separator\">\/<\/span><\/li><li class=\"active\" itemprop=\"itemListElement\" itemscope itemtype=\"https:\/\/schema.org\/ListItem\"><span itemprop=\"name\" title=\"SureSMS 24\/7 Unterst\u00fctzung\">SureSMS 24\/7 Unterst\u00fctzung<\/span><meta itemprop=\"position\" content=\"2\" \/><\/li>\t\t\t\t\t<\/ol>\r\n\t\t\t\t\t<div class=\"clearfix\"><\/div>\r\n\t\t\t\t<\/div>\r\n\t\t\t<\/div>\r\n\t\t\t\n<h1>\n\t\t\t24\/7 Unterst\u00fctzung\t<\/h1>\n\t<p><strong>F\u00fcr uns ist es das Wichtigste, sicherzustellen, dass unser Gateway f\u00fcr unsere Kunden optimal funktioniert.<\/strong><\/p>\n<p>Deshalb haben wir uns entschieden, dem Support 100 % den Vorrang zu geben. Wir haben erfahrene Entwickler und Techniker, die f\u00fcr den Support zust\u00e4ndig sind. Die gleichen Leute, die das System in- und auswendig kennen.<\/p>\n<p>Um unsere Kunden zufriedenzustellen, m\u00fcssen sie die Hilfe bekommen, die sie brauchen.<\/p>\n<p><strong>Du bist IMMER willkommen, uns bei SureSMS zu kontaktieren!<\/strong><\/p>\n<p>Hast du irgendwelche Fragen? Brauchst du Hilfe? Oder hast du eine neue Aufgabe, bei deren L\u00f6sung wir dir helfen k\u00f6nnen?<\/p>\n<p>Nutze eine unserer vielen Unterst\u00fctzungsm\u00f6glichkeiten, die unten beschrieben sind. Wir freuen uns darauf, von dir zu h\u00f6ren!<\/p>\n\t\t\t\t<img decoding=\"async\" src=\"https:\/\/suresms.com\/wp-content\/uploads\/2013\/11\/help-1019912_500x350-pix-e1473253361719.jpg\" alt=\"sms gateway unterst\u00fctzung 24\/7 suresms\" itemprop=\"image\" height=\"280\" width=\"400\" title=\"24\/7 Notfall-Unterst\u00fctzung\" onerror=\"this.style.display='none'\" loading=\"lazy\" \/>\n\t<h4><strong>Bei SureSMS hast du viele M\u00f6glichkeiten, Unterst\u00fctzung f\u00fcr deine SMS-L\u00f6sung zu bekommen:<\/strong><\/h4>\n\t\t<h3><a href=\"http:\/\/www.teamviewer.com\/link\/?url=505374&#038;id=1248079762\" target=\"_blank\"  rel=\"noopener\">Fernunterst\u00fctzung<\/a><\/h3><p>Manchmal m\u00fcssen wir auf deinen Computer zugreifen k\u00f6nnen, um dir den besten Support zu bieten. Klicke auf die blaue Schaltfl\u00e4che, um uns vor\u00fcbergehend Zugriff zu gew\u00e4hren.<\/p>\n\t<!-- TeamViewer Logo (generated at https:\/\/www.teamviewer.com) -->\n  <a href=\"https:\/\/www.teamviewer.com\/link\/?url=505374&#038;id=1607343389772\">\n    <img loading=\"lazy\" decoding=\"async\" src=\"https:\/\/static.teamviewer.com\/resources\/badges\/teamviewer_badge_flat4.png\" alt=\"TeamViewer f\u00fcr die Fernunterst\u00fctzung\" title=\"TeamViewer f\u00fcr die Fernunterst\u00fctzung\" border=\"0\" width=\"234\" height=\"60\" \/>\n  <\/a>\n\t<h3>Mit Team Viewer k\u00f6nnen wir direkte Unterst\u00fctzung bieten<\/h3>\n<p>Wenn unsere Kunden mehr praktische Hilfe ben\u00f6tigen, nutzen wir oft Team Viewer. Mit diesem Programm k\u00f6nnen wir Fernhilfe leisten.<\/p>\n<p>Das hei\u00dft, selbst wenn wir in Hvidovre, D\u00e4nemark, sind und du irgendwo anders, k\u00f6nnen wir direkt auf deinen Computer zugreifen und sehen, was los ist.<\/p>\n<p>Du gibst uns vor\u00fcbergehend Zugang zu deinem Computer, indem du eine ID und ein Passwort mit uns teilst. Der Zugang ist nat\u00fcrlich nur vor\u00fcbergehend und wird gel\u00f6scht, sobald das Programm heruntergefahren wird.<\/p>\n<h4>\n\t\t\tF\u00fclle das Kontaktformular aus\t<\/h4>\n\t\n<div class=\"wpcf7 no-js\" id=\"wpcf7-f2264-o1\" lang=\"da-DK\" dir=\"ltr\" data-wpcf7-id=\"2264\">\n<div class=\"screen-reader-response\"><p role=\"status\" aria-live=\"polite\" aria-atomic=\"true\"><\/p> <ul><\/ul><\/div>\n<form action=\"\/de\/wp-json\/wp\/v2\/pages\/10#wpcf7-f2264-o1\" method=\"post\" class=\"wpcf7-form init\" aria-label=\"Kontakt-Formular\" enctype=\"multipart\/form-data\" novalidate=\"novalidate\" data-status=\"init\" data-trp-original-action=\"\/de\/wp-json\/wp\/v2\/pages\/10#wpcf7-f2264-o1\">\n<fieldset class=\"hidden-fields-container\"><input type=\"hidden\" name=\"_wpcf7\" value=\"2264\" \/><input type=\"hidden\" name=\"_wpcf7_version\" value=\"6.1.5\" \/><input type=\"hidden\" name=\"_wpcf7_locale\" value=\"da_DK\" \/><input type=\"hidden\" name=\"_wpcf7_unit_tag\" value=\"wpcf7-f2264-o1\" \/><input type=\"hidden\" name=\"_wpcf7_container_post\" value=\"0\" \/><input type=\"hidden\" name=\"_wpcf7_posted_data_hash\" value=\"\" \/>\n<\/fieldset>\n<p>Firmenname (muss ausgef\u00fcllt werden)\n<\/p>\n<p><span class=\"wpcf7-form-control-wrap\" data-name=\"your-name\"><input size=\"40\" maxlength=\"400\" class=\"wpcf7-form-control wpcf7-text wpcf7-validates-as-required\" aria-required=\"true\" aria-invalid=\"false\" value=\"\" type=\"text\" name=\"your-name\" \/><\/span>\n<\/p>\n<p>Dein Name (muss ausgef\u00fcllt werden)\n<\/p>\n<p><span class=\"wpcf7-form-control-wrap\" data-name=\"dit-navn\"><input size=\"40\" maxlength=\"400\" class=\"wpcf7-form-control wpcf7-text wpcf7-validates-as-required\" aria-required=\"true\" aria-invalid=\"false\" value=\"\" type=\"text\" name=\"dit-navn\" \/><\/span>\n<\/p>\n<p>Deine E-Mail (muss ausgef\u00fcllt werden)\n<\/p>\n<p><span class=\"wpcf7-form-control-wrap\" data-name=\"your-email\"><input size=\"40\" maxlength=\"400\" class=\"wpcf7-form-control wpcf7-email wpcf7-validates-as-required wpcf7-text wpcf7-validates-as-email\" aria-required=\"true\" aria-invalid=\"false\" value=\"\" type=\"email\" name=\"your-email\" \/><\/span>\n<\/p>\n<p>Telefonnummer (muss ausgef\u00fcllt werden)\n<\/p>\n<p><span class=\"wpcf7-form-control-wrap\" data-name=\"tel-616\"><input size=\"40\" maxlength=\"400\" class=\"wpcf7-form-control wpcf7-tel wpcf7-validates-as-required wpcf7-text wpcf7-validates-as-tel\" aria-required=\"true\" aria-invalid=\"false\" value=\"\" type=\"tel\" name=\"tel-616\" \/><\/span>\n<\/p>\n<p>Thema\n<\/p>\n<p><span class=\"wpcf7-form-control-wrap\" data-name=\"your-subject\"><input size=\"40\" maxlength=\"400\" class=\"wpcf7-form-control wpcf7-text\" aria-invalid=\"false\" value=\"\" type=\"text\" name=\"your-subject\" \/><\/span>\n<\/p>\n<p>Deine Nachricht\n<\/p>\n<p><span class=\"wpcf7-form-control-wrap\" data-name=\"your-message\"><textarea cols=\"40\" rows=\"10\" maxlength=\"2000\" class=\"wpcf7-form-control wpcf7-textarea\" aria-invalid=\"false\" name=\"your-message\"><\/textarea><\/span>\n<\/p>\n<p>Jede Datei hochladen\n<\/p>\n<p><span class=\"wpcf7-form-control-wrap\" data-name=\"file-948\"><input size=\"40\" class=\"wpcf7-form-control wpcf7-file\" id=\"Uploadfil\" accept=\"audio\/*,video\/*,image\/*\" aria-invalid=\"false\" type=\"file\" name=\"file-948\" \/><\/span>\n<\/p>\n<p><div class=\"cf7-cf-turnstile\" style=\"margin-top: 0px; margin-bottom: -15px;\"> <div id=\"cf-turnstile-cf7-3744981458\" class=\"cf-turnstile\" data-sitekey=\"0x4AAAAAAB8YGArd9ML-HbMW\" data-theme=\"light\" data-language=\"auto\" data-size=\"normal\" data-retry=\"auto\" data-retry-interval=\"1000\" data-refresh-expired=\"auto\" data-action=\"contact-form-7\" data-appearance=\"always\"><\/div> <script>document.addEventListener(\"DOMContentLoaded\", function() { setTimeout(function(){ var e=document.getElementById(\"cf-turnstile-cf7-3744981458\"); e&&!e.innerHTML.trim()&&(turnstile.remove(\"#cf-turnstile-cf7-3744981458\"), turnstile.render(\"#cf-turnstile-cf7-3744981458\", {sitekey:\"0x4AAAAAAB8YGArd9ML-HbMW\"})); }, 100); });<\/script> <br class=\"cf-turnstile-br cf-turnstile-br-cf7-3744981458\"> <style>#cf-turnstile-cf7-3744981458 { margin-left: -15px; }<\/style> <script>document.addEventListener(\"DOMContentLoaded\",function(){document.querySelectorAll('.wpcf7-form').forEach(function(e){e.addEventListener('submit',function(){if(document.getElementById('cf-turnstile-cf7-3744981458')){setTimeout(function(){turnstile.reset('#cf-turnstile-cf7-3744981458');},1000)}})})});<\/script> <\/div>\n<\/p>\n<p><input class=\"wpcf7-form-control wpcf7-submit has-spinner\" type=\"submit\" value=\"Sende\" \/>\n<\/p><div class=\"wpcf7-response-output\" aria-hidden=\"true\"><\/div>\n<input type=\"hidden\" name=\"trp-form-language\" value=\"de\"\/><\/form>\n<\/div>","protected":false},"excerpt":{"rendered":"<p>24\/7-Support Das Wichtigste f\u00fcr uns ist, dass unser Gateway optimal f\u00fcr unsere Kunden funktioniert. Deshalb haben wir uns entschieden, dem Support 100 % Priorit\u00e4t einzur\u00e4umen. Unser Support wird von erfahrenen Entwicklern und Technikern betreut. Das sind dieselben Leute, die das System in- und auswendig kennen. Damit unsere Kunden zufrieden sind, braucht es ... <a title=\"SureSMS 24\/7 Unterst\u00fctzung\" class=\"read-more\" href=\"https:\/\/suresms.com\/de\/om-suresms\/suresms-support\/\" aria-label=\"Erfahre mehr \u00fcber den SureSMS 24\/7 Support\">Mehr lesen<\/a><\/p>","protected":false},"author":1,"featured_media":0,"parent":18594,"menu_order":6,"comment_status":"closed","ping_status":"closed","template":"","meta":{"_fl_builder_enabled":"1","_fl_builder_data":null,"_fl_builder_draft":null,"_fl_builder_data_settings":null,"_fl_builder_css":"","_fl_builder_css_version":"","_fl_builder_js":"","footnotes":""},"class_list":["post-10","page","type-page","status-publish"],"yoast_head":"<!-- This site is optimized with the Yoast SEO Premium plugin v27.3 (Yoast SEO v27.3) - https:\/\/yoast.com\/product\/yoast-seo-premium-wordpress\/ -->\r\n<title>Support SureSMS ApS - Support 24\/7 - Chat, video og kontaktoplysninger<\/title>\r\n<meta name=\"description\" content=\"Altid gratis support i SureSMS og r\u00e5dgivning fra professionelle IT-folk. Kontakt SureSMS ApS her - Chat, Video. Se vores manual og dokumentation her.\" \/>\r\n<meta name=\"robots\" content=\"index, follow, max-snippet:-1, max-image-preview:large, max-video-preview:-1\" \/>\r\n<link rel=\"canonical\" href=\"https:\/\/suresms.com\/de\/uber-suresms\/suresms-unterstutzung\/\" \/>\r\n<meta property=\"og:locale\" content=\"de_DE\" \/>\r\n<meta property=\"og:type\" content=\"article\" \/>\r\n<meta property=\"og:title\" content=\"Support SureSMS 24\/7\" \/>\r\n<meta property=\"og:description\" content=\"Altid gratis support i SureSMS og r\u00e5dgivning fra professionelle IT-folk. Kontakt SureSMS ApS her - Chat, Video. Se vores manual og dokumentation her.\" \/>\r\n<meta property=\"og:url\" content=\"https:\/\/suresms.com\/de\/uber-suresms\/suresms-unterstutzung\/\" \/>\r\n<meta property=\"article:publisher\" content=\"https:\/\/www.facebook.com\/p\/SureSMS-100044607956149\/\" \/>\r\n<meta property=\"article:modified_time\" content=\"2025-10-08T16:02:19+00:00\" \/>\r\n<meta property=\"og:image\" content=\"https:\/\/suresms.com\/wp-content\/uploads\/2013\/11\/help-1019912_500x350-pix-e1473253361719.jpg\" \/>\r\n<meta name=\"twitter:card\" content=\"summary_large_image\" \/>\r\n<meta name=\"twitter:label1\" content=\"Gesch\u00e4tzte Lesezeit\" \/>\n\t<meta name=\"twitter:data1\" content=\"1\u00a0Minute\" \/>\r\n<script type=\"application\/ld+json\" class=\"yoast-schema-graph\">{\"@context\":\"https:\\\/\\\/schema.org\",\"@graph\":[{\"@type\":\"WebPage\",\"@id\":\"https:\\\/\\\/suresms.com\\\/dk\\\/om-suresms\\\/suresms-support\\\/\",\"url\":\"https:\\\/\\\/suresms.com\\\/dk\\\/om-suresms\\\/suresms-support\\\/\",\"name\":\"Support SureSMS ApS - Support 24\\\/7 - Chat, video og kontaktoplysninger\",\"isPartOf\":{\"@id\":\"https:\\\/\\\/suresms.com\\\/en\\\/#website\"},\"primaryImageOfPage\":{\"@id\":\"https:\\\/\\\/suresms.com\\\/dk\\\/om-suresms\\\/suresms-support\\\/#primaryimage\"},\"image\":{\"@id\":\"https:\\\/\\\/suresms.com\\\/dk\\\/om-suresms\\\/suresms-support\\\/#primaryimage\"},\"thumbnailUrl\":\"https:\\\/\\\/suresms.com\\\/wp-content\\\/uploads\\\/2013\\\/11\\\/help-1019912_500x350-pix-e1473253361719.jpg\",\"datePublished\":\"2013-11-26T08:53:21+00:00\",\"dateModified\":\"2025-10-08T16:02:19+00:00\",\"description\":\"Altid gratis support i SureSMS og r\u00e5dgivning fra professionelle IT-folk. Kontakt SureSMS ApS her - Chat, Video. Se vores manual og dokumentation her.\",\"breadcrumb\":{\"@id\":\"https:\\\/\\\/suresms.com\\\/dk\\\/om-suresms\\\/suresms-support\\\/#breadcrumb\"},\"inLanguage\":\"de\",\"potentialAction\":[{\"@type\":\"ReadAction\",\"target\":[\"https:\\\/\\\/suresms.com\\\/dk\\\/om-suresms\\\/suresms-support\\\/\"]}]},{\"@type\":\"ImageObject\",\"inLanguage\":\"de\",\"@id\":\"https:\\\/\\\/suresms.com\\\/dk\\\/om-suresms\\\/suresms-support\\\/#primaryimage\",\"url\":\"https:\\\/\\\/suresms.com\\\/wp-content\\\/uploads\\\/2013\\\/11\\\/help-1019912_500x350-pix-e1473253361719.jpg\",\"contentUrl\":\"https:\\\/\\\/suresms.com\\\/wp-content\\\/uploads\\\/2013\\\/11\\\/help-1019912_500x350-pix-e1473253361719.jpg\"},{\"@type\":\"BreadcrumbList\",\"@id\":\"https:\\\/\\\/suresms.com\\\/dk\\\/om-suresms\\\/suresms-support\\\/#breadcrumb\",\"itemListElement\":[{\"@type\":\"ListItem\",\"position\":1,\"name\":\"Home\",\"item\":\"https:\\\/\\\/suresms.com\\\/dk\\\/\"},{\"@type\":\"ListItem\",\"position\":2,\"name\":\"Om SureSMS\",\"item\":\"https:\\\/\\\/suresms.com\\\/dk\\\/om-suresms\\\/\"},{\"@type\":\"ListItem\",\"position\":3,\"name\":\"Support SureSMS 24\\\/7\"}]},{\"@type\":\"WebSite\",\"@id\":\"https:\\\/\\\/suresms.com\\\/en\\\/#website\",\"url\":\"https:\\\/\\\/suresms.com\\\/en\\\/\",\"name\":\"SureSMS\",\"description\":\"Professionel SMS Gateway\",\"publisher\":{\"@id\":\"https:\\\/\\\/suresms.com\\\/en\\\/#organization\"},\"potentialAction\":[{\"@type\":\"SearchAction\",\"target\":{\"@type\":\"EntryPoint\",\"urlTemplate\":\"https:\\\/\\\/suresms.com\\\/en\\\/?s={search_term_string}\"},\"query-input\":{\"@type\":\"PropertyValueSpecification\",\"valueRequired\":true,\"valueName\":\"search_term_string\"}}],\"inLanguage\":\"de\"},{\"@type\":\"Organization\",\"@id\":\"https:\\\/\\\/suresms.com\\\/en\\\/#organization\",\"name\":\"SureSMS\",\"url\":\"https:\\\/\\\/suresms.com\\\/en\\\/\",\"logo\":{\"@type\":\"ImageObject\",\"inLanguage\":\"de\",\"@id\":\"https:\\\/\\\/suresms.com\\\/en\\\/#\\\/schema\\\/logo\\\/image\\\/\",\"url\":\"https:\\\/\\\/suresms.com\\\/wp-content\\\/uploads\\\/2024\\\/11\\\/suresms-300x65-1.png\",\"contentUrl\":\"https:\\\/\\\/suresms.com\\\/wp-content\\\/uploads\\\/2024\\\/11\\\/suresms-300x65-1.png\",\"width\":300,\"height\":65,\"caption\":\"SureSMS\"},\"image\":{\"@id\":\"https:\\\/\\\/suresms.com\\\/en\\\/#\\\/schema\\\/logo\\\/image\\\/\"},\"sameAs\":[\"https:\\\/\\\/www.facebook.com\\\/p\\\/SureSMS-100044607956149\\\/\"]}]}<\/script>\r\n<!-- \/ Yoast SEO Premium plugin. -->","yoast_head_json":{"title":"Support SureSMS ApS - Support 24\/7 - Chat, Video und Kontaktinformationen","description":"Immer kostenloser SureSMS-Support und Beratung durch IT-Experten. Kontaktiere SureSMS ApS hier - Chat, Video. Hier findest du unser Handbuch und unsere Dokumentation.","robots":{"index":"index","follow":"follow","max-snippet":"max-snippet:-1","max-image-preview":"max-image-preview:large","max-video-preview":"max-video-preview:-1"},"canonical":"https:\/\/suresms.com\/de\/uber-suresms\/suresms-unterstutzung\/","og_locale":"de_DE","og_type":"article","og_title":"Support SureSMS 24\/7","og_description":"Altid gratis support i SureSMS og r\u00e5dgivning fra professionelle IT-folk. Kontakt SureSMS ApS her - Chat, Video. Se vores manual og dokumentation her.","og_url":"https:\/\/suresms.com\/de\/uber-suresms\/suresms-unterstutzung\/","article_publisher":"https:\/\/www.facebook.com\/p\/SureSMS-100044607956149\/","article_modified_time":"2025-10-08T16:02:19+00:00","og_image":[{"url":"https:\/\/suresms.com\/wp-content\/uploads\/2013\/11\/help-1019912_500x350-pix-e1473253361719.jpg","type":"","width":"","height":""}],"twitter_card":"summary_large_image","twitter_misc":{"Gesch\u00e4tzte Lesezeit":"1\u00a0Minute"},"schema":{"@context":"https:\/\/schema.org","@graph":[{"@type":"WebPage","@id":"https:\/\/suresms.com\/dk\/om-suresms\/suresms-support\/","url":"https:\/\/suresms.com\/dk\/om-suresms\/suresms-support\/","name":"Support SureSMS ApS - Support 24\/7 - Chat, Video und Kontaktinformationen","isPartOf":{"@id":"https:\/\/suresms.com\/en\/#website"},"primaryImageOfPage":{"@id":"https:\/\/suresms.com\/dk\/om-suresms\/suresms-support\/#primaryimage"},"image":{"@id":"https:\/\/suresms.com\/dk\/om-suresms\/suresms-support\/#primaryimage"},"thumbnailUrl":"https:\/\/suresms.com\/wp-content\/uploads\/2013\/11\/help-1019912_500x350-pix-e1473253361719.jpg","datePublished":"2013-11-26T08:53:21+00:00","dateModified":"2025-10-08T16:02:19+00:00","description":"Immer kostenloser SureSMS-Support und Beratung durch IT-Experten. Kontaktiere SureSMS ApS hier - Chat, Video. Hier findest du unser Handbuch und unsere Dokumentation.","breadcrumb":{"@id":"https:\/\/suresms.com\/dk\/om-suresms\/suresms-support\/#breadcrumb"},"inLanguage":"de","potentialAction":[{"@type":"ReadAction","target":["https:\/\/suresms.com\/dk\/om-suresms\/suresms-support\/"]}]},{"@type":"ImageObject","inLanguage":"de","@id":"https:\/\/suresms.com\/dk\/om-suresms\/suresms-support\/#primaryimage","url":"https:\/\/suresms.com\/wp-content\/uploads\/2013\/11\/help-1019912_500x350-pix-e1473253361719.jpg","contentUrl":"https:\/\/suresms.com\/wp-content\/uploads\/2013\/11\/help-1019912_500x350-pix-e1473253361719.jpg"},{"@type":"BreadcrumbList","@id":"https:\/\/suresms.com\/dk\/om-suresms\/suresms-support\/#breadcrumb","itemListElement":[{"@type":"ListItem","position":1,"name":"Home","item":"https:\/\/suresms.com\/dk\/"},{"@type":"ListItem","position":2,"name":"Om SureSMS","item":"https:\/\/suresms.com\/dk\/om-suresms\/"},{"@type":"ListItem","position":3,"name":"Support SureSMS 24\/7"}]},{"@type":"WebSite","@id":"https:\/\/suresms.com\/en\/#website","url":"https:\/\/suresms.com\/en\/","name":"SureSMS","description":"Professioneller SMS-Gateway","publisher":{"@id":"https:\/\/suresms.com\/en\/#organization"},"potentialAction":[{"@type":"SearchAction","target":{"@type":"EntryPoint","urlTemplate":"https:\/\/suresms.com\/en\/?s={search_term_string}"},"query-input":{"@type":"PropertyValueSpecification","valueRequired":true,"valueName":"search_term_string"}}],"inLanguage":"de"},{"@type":"Organization","@id":"https:\/\/suresms.com\/en\/#organization","name":"SureSMS","url":"https:\/\/suresms.com\/en\/","logo":{"@type":"ImageObject","inLanguage":"de","@id":"https:\/\/suresms.com\/en\/#\/schema\/logo\/image\/","url":"https:\/\/suresms.com\/wp-content\/uploads\/2024\/11\/suresms-300x65-1.png","contentUrl":"https:\/\/suresms.com\/wp-content\/uploads\/2024\/11\/suresms-300x65-1.png","width":300,"height":65,"caption":"SureSMS"},"image":{"@id":"https:\/\/suresms.com\/en\/#\/schema\/logo\/image\/"},"sameAs":["https:\/\/www.facebook.com\/p\/SureSMS-100044607956149\/"]}]}},"_links":{"self":[{"href":"https:\/\/suresms.com\/de\/wp-json\/wp\/v2\/pages\/10","targetHints":{"allow":["GET"]}}],"collection":[{"href":"https:\/\/suresms.com\/de\/wp-json\/wp\/v2\/pages"}],"about":[{"href":"https:\/\/suresms.com\/de\/wp-json\/wp\/v2\/types\/page"}],"author":[{"embeddable":true,"href":"https:\/\/suresms.com\/de\/wp-json\/wp\/v2\/users\/1"}],"replies":[{"embeddable":true,"href":"https:\/\/suresms.com\/de\/wp-json\/wp\/v2\/comments?post=10"}],"version-history":[{"count":5,"href":"https:\/\/suresms.com\/de\/wp-json\/wp\/v2\/pages\/10\/revisions"}],"predecessor-version":[{"id":23491,"href":"https:\/\/suresms.com\/de\/wp-json\/wp\/v2\/pages\/10\/revisions\/23491"}],"up":[{"embeddable":true,"href":"https:\/\/suresms.com\/de\/wp-json\/wp\/v2\/pages\/18594"}],"wp:attachment":[{"href":"https:\/\/suresms.com\/de\/wp-json\/wp\/v2\/media?parent=10"}],"curies":[{"name":"wp","href":"https:\/\/api.w.org\/{rel}","templated":true}]}}